{"id":53582,"date":"2022-06-21T18:13:40","date_gmt":"2022-06-21T16:13:40","guid":{"rendered":"https:\/\/secureus.se\/produkt\/evolis-white-signature-panel-ribbon-r2030-1000-prints\/"},"modified":"2026-04-08T17:07:51","modified_gmt":"2026-04-08T15:07:51","slug":"ribbon-evolis-white-signature-panel-ribbon-r2030-1000-prints","status":"publish","type":"product","link":"https:\/\/secureus.se\/fi\/ribbon-evolis-white-signature-panel-ribbon-r2030-1000-prints\/","title":{"rendered":"Evolis-nauha \u2013 R2030, nimikko (1000 tulosta)"},"content":{"rendered":"<h1>Nauha<br \/>\n  Evolis &#8211; R2030, signatur (1000 utskrifter)<\/h1>\n<p>F\u00e4rgband Evolis &#8211; R2030, signatur (1000 utskrifter) \u00e4r ett vitt<br \/>\n  monokromt f\u00e4rgband som l\u00e4mpar sig f\u00f6r tydliga utskrifter p\u00e5 m\u00f6rka eller<br \/>\n  r\u00e4\u00e4t\u00e4l\u00f6ityj\u00e4 kortteja, kuten esittelykortteja ja etikettej\u00e4.<\/p>\n<p>Sopii henkil\u00f6korteille, kulkukorteille, j\u00e4senkorteille ja muille<br \/>\n  muovikortteja, joissa vaaditaan korkeaa tulostuslaatua ja luotettavuutta<br \/>\n  t\u00e4rke\u00e4.<\/p>\n<ul>\n<li>Kapasiteetti: jopa 1 000 tulostetta<\/li>\n<li>Rannekkeen tyyppi: Valkoinen yksiv\u00e4rinen<\/li>\n<li>Artikelnummer: R2030<\/li>\n<\/ul>\n<p><strong>Kompatibel med Evolis Dualys, Pebble och<br \/>\n  Turvallisuus.<\/strong><\/p>\n<p><strong>Tuotteen paino:<\/strong> 0,08 kg<\/p>","protected":false},"excerpt":{"rendered":"<p>V\u00e4rinauha \u2013 Nauha \u2013 Siirr\u00e4 uudelleen korttitulostimeen ja muovikorttitulostimeen<\/p>","protected":false},"featured_media":144449,"template":"","meta":{"_acf_changed":false},"product_brand":[],"product_cat":[3213,4857,4860],"product_tag":[3181,4863,2924,3069],"class_list":{"0":"post-53582","1":"product","2":"type-product","3":"status-publish","4":"has-post-thumbnail","6":"product_cat-evolis-fargband-retransfer","7":"product_cat-pebble","8":"product_cat-quantum","9":"product_tag-evolis-tillbehor","10":"product_tag-pf","11":"product_tag-ribbon-clearfilm-hologram-ovrigt","12":"product_tag-trade-produkt","13":"product_shipping_class-tunga-paket","14":"pa_brands-evolis","15":"pa_fargband-kortskrivare-evolis","16":"tm-has-options","18":"first","19":"instock","20":"sale","21":"taxable","22":"shipping-taxable","23":"purchasable","24":"product-type-simple"},"acf":[],"_links":{"self":[{"href":"https:\/\/secureus.se\/fi\/wp-json\/wp\/v2\/product\/53582","targetHints":{"allow":["GET"]}}],"collection":[{"href":"https:\/\/secureus.se\/fi\/wp-json\/wp\/v2\/product"}],"about":[{"href":"https:\/\/secureus.se\/fi\/wp-json\/wp\/v2\/types\/product"}],"wp:featuredmedia":[{"embeddable":true,"href":"https:\/\/secureus.se\/fi\/wp-json\/wp\/v2\/media\/144449"}],"wp:attachment":[{"href":"https:\/\/secureus.se\/fi\/wp-json\/wp\/v2\/media?parent=53582"}],"wp:term":[{"taxonomy":"product_brand","embeddable":true,"href":"https:\/\/secureus.se\/fi\/wp-json\/wp\/v2\/product_brand?post=53582"},{"taxonomy":"product_cat","embeddable":true,"href":"https:\/\/secureus.se\/fi\/wp-json\/wp\/v2\/product_cat?post=53582"},{"taxonomy":"product_tag","embeddable":true,"href":"https:\/\/secureus.se\/fi\/wp-json\/wp\/v2\/product_tag?post=53582"}],"curies":[{"name":"wp","href":"https:\/\/api.w.org\/{rel}","templated":true}]}}