{"id":53603,"date":"2022-06-21T18:11:47","date_gmt":"2022-06-21T16:11:47","guid":{"rendered":"https:\/\/secureus.se\/produkt\/magicard-prima-462-0-6mil-clear-patch-laminate-600-prints\/"},"modified":"2026-05-06T09:53:19","modified_gmt":"2026-05-06T07:53:19","slug":"ribbon-magicard-prima-462-0-6mil-clear-patch-laminate-600-prints","status":"publish","type":"product","link":"https:\/\/secureus.se\/fi\/ribbon-magicard-prima-462-0-6mil-clear-patch-laminate-600-prints\/","title":{"rendered":"Laminointikalvo Magicard Prima \u2013 462, kirkas paikka (600 tulostetta)"},"content":{"rendered":"<h1>Laminointikalvo<br \/>\n  Magicard Prima &#8211; 462, klar patch (600 utskrifter)<\/h1>\n<p>Lamineringsfilm Magicard Prima &#8211; 462, klar patch (600 utskrifter)<br \/>\n  on laminointikalvo, joka tarjoaa muovikorteille ylim\u00e4\u00e4r\u00e4isen suojakerroksen ja auttaa<br \/>\n  naarmujen, haalistumisen ja normaalin kulumisen v\u00e4hent\u00e4miseksi.<\/p>\n<p>Hyv\u00e4 valinta, kun haluat pident\u00e4\u00e4 korttiesi k\u00e4ytt\u00f6ik\u00e4\u00e4, parantaa<br \/>\n  kest\u00e4vyytt\u00e4 ja ammattimaisemman lopputuloksen.<\/p>\n<ul>\n<li>Kapacitet: upp till 4 utskrifter per rulle<\/li>\n<li>L\u00e4pin\u00e4kyv\u00e4 laastarilaminaatti<\/li>\n<li>0,6 milin paksuus<\/li>\n<li>Artikkelinumero: \u2013<\/li>\n<\/ul>\n<p><strong>Kompatibel med The Magicard Prima 462 clear patch<br \/>\n  laminate adds extra protection to your customer&#x27;s printed cards.<br \/>\n  This laminate increases card durability against scratching, fading och daily<br \/>\n  wear och tear. Compatible with the Magicard Prima 4 printer, once applied, it<br \/>\n  adds 0.6mil thickness to cards.<\/strong><\/p>\n<p><strong>Tuotteen paino:<\/strong> 0,29 kg<\/p>","protected":false},"excerpt":{"rendered":"<p>V\u00e4rinauha \u2013 Nauha \u2013 Siirr\u00e4 uudelleen korttitulostimeen ja muovikorttitulostimeen<\/p>","protected":false},"featured_media":144069,"template":"","meta":{"_acf_changed":false},"product_brand":[],"product_cat":[3216,4838],"product_tag":[3182,4863,2924,3069],"class_list":{"0":"post-53603","1":"product","2":"type-product","3":"status-publish","4":"has-post-thumbnail","6":"product_cat-magicard-fargband-retransfer","7":"product_cat-magicard-prima-band","8":"product_tag-magicard-tillbehor","9":"product_tag-pf","10":"product_tag-ribbon-clearfilm-hologram-ovrigt","11":"product_tag-trade-produkt","12":"product_shipping_class-tunga-paket","13":"pa_brands-magicard","14":"pa_fargband-kortskrivare-magicard","15":"tm-has-options","17":"first","18":"instock","19":"sale","20":"taxable","21":"shipping-taxable","22":"purchasable","23":"product-type-simple"},"acf":[],"_links":{"self":[{"href":"https:\/\/secureus.se\/fi\/wp-json\/wp\/v2\/product\/53603","targetHints":{"allow":["GET"]}}],"collection":[{"href":"https:\/\/secureus.se\/fi\/wp-json\/wp\/v2\/product"}],"about":[{"href":"https:\/\/secureus.se\/fi\/wp-json\/wp\/v2\/types\/product"}],"wp:featuredmedia":[{"embeddable":true,"href":"https:\/\/secureus.se\/fi\/wp-json\/wp\/v2\/media\/144069"}],"wp:attachment":[{"href":"https:\/\/secureus.se\/fi\/wp-json\/wp\/v2\/media?parent=53603"}],"wp:term":[{"taxonomy":"product_brand","embeddable":true,"href":"https:\/\/secureus.se\/fi\/wp-json\/wp\/v2\/product_brand?post=53603"},{"taxonomy":"product_cat","embeddable":true,"href":"https:\/\/secureus.se\/fi\/wp-json\/wp\/v2\/product_cat?post=53603"},{"taxonomy":"product_tag","embeddable":true,"href":"https:\/\/secureus.se\/fi\/wp-json\/wp\/v2\/product_tag?post=53603"}],"curies":[{"name":"wp","href":"https:\/\/api.w.org\/{rel}","templated":true}]}}