{"id":53607,"date":"2022-06-21T18:11:23","date_gmt":"2022-06-21T16:11:23","guid":{"rendered":"https:\/\/secureus.se\/produkt\/fargo-hdp5000-ymckh-ribbon-with-heat-seal-panel-084056-500-prints\/"},"modified":"2026-03-26T10:11:36","modified_gmt":"2026-03-26T09:11:36","slug":"ribbon-fargo-hdp5000-ymckh-ribbon-with-heat-seal-panel-084056-500-prints","status":"publish","type":"product","link":"https:\/\/secureus.se\/fi\/ribbon-fargo-hdp5000-ymckh-ribbon-with-heat-seal-panel-084056-500-prints\/","title":{"rendered":"Fargo HDP5000 YMCKH -nauha kuumatiivistepaneelilla, 084056 (500 tulostetta)"},"content":{"rendered":"<p>Fargo 84056 YMCKH Color Ribbon on viiden paneelin t\u00e4ysv\u00e4rinen nauha, jossa on musta hartsiv\u00e4riaine ter\u00e4v\u00e4piirtokuvien, tekstitulosteiden ja luettavien viivakoodien tulostamiseen. T\u00e4ss\u00e4 nauhassa on Heat Seal -paneeli, jota k\u00e4ytet\u00e4\u00e4n p\u00e4\u00e4asiassa varmistamaan uudelleensiirtokalvon perusteellinen tarttuminen erityisesti muovikorteille, joiden pinta on ep\u00e4tasainen.<\/p>\n<ul>\n<li>500 yksipuolista t\u00e4ysv\u00e4ritulostetta<\/li>\n<li>YMCKH-nauha (keltainen, magenta, syaani, musta ja Heat Seal -paneelit)<\/li>\n<li>K\u00e4ytet\u00e4\u00e4n yhdess\u00e4 aitojen Fargo-retransfer-kalvojen kanssa<\/li>\n<\/ul>\n<p>Yhteensopiva Fargo HDP5000 -korttitulostimen kanssa<\/p>\n<p>\n <strong><br \/>\n Tuotteen paino:<br \/>\n 0,26 kg<br \/>\n <\/strong>\n <\/p>","protected":false},"excerpt":{"rendered":"<p>V\u00e4rinauha \u2013 Nauha \u2013 Siirr\u00e4 uudelleen korttitulostimeen ja muovikorttitulostimeen<\/p>","protected":false},"featured_media":143668,"template":"","meta":{"_acf_changed":false},"product_brand":[],"product_cat":[3214,4850],"product_tag":[3201,4863,2921,3069],"class_list":{"0":"post-53607","1":"product","2":"type-product","3":"status-publish","4":"has-post-thumbnail","6":"product_cat-fargo-fargband-retransfer","7":"product_cat-hdp5000-band","8":"product_tag-fargo-tillbehor","9":"product_tag-pf","10":"product_tag-ribbon-ymck-farg","11":"product_tag-trade-produkt","12":"product_shipping_class-tunga-paket","13":"pa_brands-fargo","14":"pa_fargband-kortskrivare-fargo","15":"tm-has-options","17":"first","18":"outofstock","19":"sale","20":"taxable","21":"shipping-taxable","22":"purchasable","23":"product-type-simple"},"acf":[],"_links":{"self":[{"href":"https:\/\/secureus.se\/fi\/wp-json\/wp\/v2\/product\/53607","targetHints":{"allow":["GET"]}}],"collection":[{"href":"https:\/\/secureus.se\/fi\/wp-json\/wp\/v2\/product"}],"about":[{"href":"https:\/\/secureus.se\/fi\/wp-json\/wp\/v2\/types\/product"}],"wp:featuredmedia":[{"embeddable":true,"href":"https:\/\/secureus.se\/fi\/wp-json\/wp\/v2\/media\/143668"}],"wp:attachment":[{"href":"https:\/\/secureus.se\/fi\/wp-json\/wp\/v2\/media?parent=53607"}],"wp:term":[{"taxonomy":"product_brand","embeddable":true,"href":"https:\/\/secureus.se\/fi\/wp-json\/wp\/v2\/product_brand?post=53607"},{"taxonomy":"product_cat","embeddable":true,"href":"https:\/\/secureus.se\/fi\/wp-json\/wp\/v2\/product_cat?post=53607"},{"taxonomy":"product_tag","embeddable":true,"href":"https:\/\/secureus.se\/fi\/wp-json\/wp\/v2\/product_tag?post=53607"}],"curies":[{"name":"wp","href":"https:\/\/api.w.org\/{rel}","templated":true}]}}