{"id":53608,"date":"2022-06-21T18:11:16","date_gmt":"2022-06-21T16:11:16","guid":{"rendered":"https:\/\/secureus.se\/produkt\/fargo-44231-premium-black-ribbon-1000-prints\/"},"modified":"2025-10-21T12:30:02","modified_gmt":"2025-10-21T10:30:02","slug":"ribbon-fargo-44231-premium-black-ribbon-1000-prints","status":"publish","type":"product","link":"https:\/\/secureus.se\/fi\/ribbon-fargo-44231-premium-black-ribbon-1000-prints\/","title":{"rendered":"Fargo 44231 Premium Black Ribbon (1000 tulostetta)"},"content":{"rendered":"<p>Fargo 44231 Premium Black Ribbon on yksiv\u00e4rinen hartsiv\u00e4riaine, joka kiinnitet\u00e4\u00e4n helposti muovikasettiin, joka on varustettu puhdistustelalla. T\u00e4m\u00e4 yksiv\u00e4rinen nauha on v\u00e4ltt\u00e4m\u00e4t\u00f6n eritt\u00e4in ter\u00e4vien tekstien, yksirivisten kuvien ja luettavien viivakoodien tulostamiseen asiakkaasi esipainetuille tai tyhjille v\u00e4rillisille muovikorteille.<\/p>\n<ul>\n<li>1000 yksipuolista mustavalkotulostetta<\/li>\n<li>Musta hartsiv\u00e4rinauha<\/li>\n<li>Sis\u00e4lt\u00e4\u00e4 puhdistusrullan<\/li>\n<\/ul>\n<p>Yhteensopiva Fargo DTC400 -korttitulostimen kanssa<\/p>\n<p>\n <strong><br \/>\n Tuotteen paino:<br \/>\n 0,23 kg<br \/>\n <\/strong>\n <\/p>","protected":false},"excerpt":{"rendered":"<p>V\u00e4rinauha \u2013 Nauha \u2013 Siirr\u00e4 uudelleen korttitulostimeen ja muovikorttitulostimeen<\/p>","protected":false},"featured_media":143563,"template":"","meta":{"_acf_changed":false},"product_brand":[],"product_cat":[3214],"product_tag":[3201,4863,2922,3069],"class_list":{"0":"post-53608","1":"product","2":"type-product","3":"status-publish","4":"has-post-thumbnail","6":"product_cat-fargo-fargband-retransfer","7":"product_tag-fargo-tillbehor","8":"product_tag-pf","9":"product_tag-ribbon-svart-black","10":"product_tag-trade-produkt","11":"product_shipping_class-tunga-paket","12":"pa_brands-fargo","13":"pa_fargband-kortskrivare-fargo","14":"tm-has-options","16":"first","17":"instock","18":"sale","19":"taxable","20":"shipping-taxable","21":"purchasable","22":"product-type-simple"},"acf":[],"_links":{"self":[{"href":"https:\/\/secureus.se\/fi\/wp-json\/wp\/v2\/product\/53608","targetHints":{"allow":["GET"]}}],"collection":[{"href":"https:\/\/secureus.se\/fi\/wp-json\/wp\/v2\/product"}],"about":[{"href":"https:\/\/secureus.se\/fi\/wp-json\/wp\/v2\/types\/product"}],"wp:featuredmedia":[{"embeddable":true,"href":"https:\/\/secureus.se\/fi\/wp-json\/wp\/v2\/media\/143563"}],"wp:attachment":[{"href":"https:\/\/secureus.se\/fi\/wp-json\/wp\/v2\/media?parent=53608"}],"wp:term":[{"taxonomy":"product_brand","embeddable":true,"href":"https:\/\/secureus.se\/fi\/wp-json\/wp\/v2\/product_brand?post=53608"},{"taxonomy":"product_cat","embeddable":true,"href":"https:\/\/secureus.se\/fi\/wp-json\/wp\/v2\/product_cat?post=53608"},{"taxonomy":"product_tag","embeddable":true,"href":"https:\/\/secureus.se\/fi\/wp-json\/wp\/v2\/product_tag?post=53608"}],"curies":[{"name":"wp","href":"https:\/\/api.w.org\/{rel}","templated":true}]}}