{"id":53609,"date":"2022-06-21T18:11:11","date_gmt":"2022-06-21T16:11:11","guid":{"rendered":"https:\/\/secureus.se\/produkt\/fargo-44202-standard-black-ribbon-1000-prints\/"},"modified":"2026-05-06T09:53:41","modified_gmt":"2026-05-06T07:53:41","slug":"ribbon-fargo-44202-standard-black-ribbon-1000-prints","status":"publish","type":"product","link":"https:\/\/secureus.se\/fi\/ribbon-fargo-44202-standard-black-ribbon-1000-prints\/","title":{"rendered":"Fargo-nauha \u2013 44202 (1000 tulostetta)"},"content":{"rendered":"<h1>Nauha<br \/>\n  Fargo \u2013 44202 (1000 tulostetta)<\/h1>\n<p>Fargo Ribbon \u2013 44202 (1000 tulostetta) on musta yksiv\u00e4rinen<br \/>\n  selke\u00e4\u00e4n tekstiin, yksinkertaiseen viivagrafiikkaan ja luettavuuteen sopivat nauhat<br \/>\n  Viivakoodit muovikorteissa.<\/p>\n<p>Sopii henkil\u00f6korteille, kulkukorteille, j\u00e4senkorteille ja muille<br \/>\n  muovikortteja, joissa vaaditaan korkeaa tulostuslaatua ja luotettavuutta<br \/>\n  t\u00e4rke\u00e4.<\/p>\n<ul>\n<li>Kapasiteetti: jopa 1 000 tulostetta<\/li>\n<li>Rannekkeen tyyppi: Musta yksiv\u00e4rinen<\/li>\n<li>Sis\u00e4lt\u00e4\u00e4 puhdistusrullan<\/li>\n<li>Tuotenumero: 44202<\/li>\n<\/ul>\n<p><strong>Yhteensopiva Fargo C30:n ja<br \/>\n  Vikakoodi 300.<\/strong><\/p>\n<p><strong>Tuotteen paino:<\/strong> 0,19 kg<\/p>","protected":false},"excerpt":{"rendered":"<p>V\u00e4rinauha \u2013 Nauha \u2013 Siirr\u00e4 uudelleen korttitulostimeen ja muovikorttitulostimeen<\/p>","protected":false},"featured_media":144089,"template":"","meta":{"_acf_changed":false},"product_brand":[],"product_cat":[3214,4848],"product_tag":[3201,4863,2922,3069],"class_list":{"0":"post-53609","1":"product","2":"type-product","3":"status-publish","4":"has-post-thumbnail","6":"product_cat-fargo-fargband-retransfer","7":"product_cat-c30-band","8":"product_tag-fargo-tillbehor","9":"product_tag-pf","10":"product_tag-ribbon-svart-black","11":"product_tag-trade-produkt","12":"product_shipping_class-tunga-paket","13":"pa_brands-fargo","14":"pa_fargband-kortskrivare-fargo","15":"tm-has-options","17":"first","18":"outofstock","19":"sale","20":"taxable","21":"shipping-taxable","22":"purchasable","23":"product-type-simple"},"acf":[],"_links":{"self":[{"href":"https:\/\/secureus.se\/fi\/wp-json\/wp\/v2\/product\/53609","targetHints":{"allow":["GET"]}}],"collection":[{"href":"https:\/\/secureus.se\/fi\/wp-json\/wp\/v2\/product"}],"about":[{"href":"https:\/\/secureus.se\/fi\/wp-json\/wp\/v2\/types\/product"}],"wp:featuredmedia":[{"embeddable":true,"href":"https:\/\/secureus.se\/fi\/wp-json\/wp\/v2\/media\/144089"}],"wp:attachment":[{"href":"https:\/\/secureus.se\/fi\/wp-json\/wp\/v2\/media?parent=53609"}],"wp:term":[{"taxonomy":"product_brand","embeddable":true,"href":"https:\/\/secureus.se\/fi\/wp-json\/wp\/v2\/product_brand?post=53609"},{"taxonomy":"product_cat","embeddable":true,"href":"https:\/\/secureus.se\/fi\/wp-json\/wp\/v2\/product_cat?post=53609"},{"taxonomy":"product_tag","embeddable":true,"href":"https:\/\/secureus.se\/fi\/wp-json\/wp\/v2\/product_tag?post=53609"}],"curies":[{"name":"wp","href":"https:\/\/api.w.org\/{rel}","templated":true}]}}