{"id":53623,"date":"2022-06-21T18:09:53","date_gmt":"2022-06-21T16:09:53","guid":{"rendered":"https:\/\/secureus.se\/produkt\/evolis-r3514-ymckok-colour-ribbon-500-prints\/"},"modified":"2026-04-23T12:47:34","modified_gmt":"2026-04-23T10:47:34","slug":"ribbon-evolis-r3514-ymckok-colour-ribbon-500-prints","status":"publish","type":"product","link":"https:\/\/secureus.se\/fi\/ribbon-evolis-r3514-ymckok-colour-ribbon-500-prints\/","title":{"rendered":"Evolis YMCKOK -v\u00e4rinauha \u2013 R3514 (500 tulostetta)"},"content":{"rendered":"<h1>Nauha<br \/>\n  Evolis YMCKOK \u2013 R3514 (500 tulostetta)<\/h1>\n<p>Evolis YMCKOK -v\u00e4rinauha \u2013 R3514 (500 tulostetta) on mustev\u00e4rinauha<br \/>\n  muovikorttien tulostamiseen ter\u00e4vill\u00e4 v\u00e4reill\u00e4, selke\u00e4ll\u00e4 tekstill\u00e4 ja hyv\u00e4ll\u00e4<br \/>\n  yksityiskohtien toisto. YMCKOK-v\u00e4rinauha tarjoaa oikean yhdistelm\u00e4n v\u00e4ripaneeleja ja<br \/>\n  Suojaava pinnoite ammattimaiseen korttitulostukseen.<\/p>\n<p>Sopii henkil\u00f6korteille, kulkukorteille, j\u00e4senkorteille ja muille<br \/>\n  muovikortteja, joissa vaaditaan korkeaa tulostuslaatua ja luotettavuutta<br \/>\n  t\u00e4rke\u00e4.<\/p>\n<ul>\n<li>Kapasiteetti: jopa 500 tulostetta<\/li>\n<li>Rannekkeen tyyppi: YMCKOK<\/li>\n<li>Tuotenumero: R3514<\/li>\n<\/ul>\n<p><strong>Yhteensopiva Evolisin kanssa<br \/>\n  Kvantti.<\/strong><\/p>\n<p><strong>Tuotteen paino:<\/strong> 0,29 kg<\/p>","protected":false},"excerpt":{"rendered":"<p>V\u00e4rinauha \u2013 Nauha \u2013 Siirr\u00e4 uudelleen korttitulostimeen ja muovikorttitulostimeen<\/p>","protected":false},"featured_media":143866,"template":"","meta":{"_acf_changed":false},"product_brand":[],"product_cat":[3213,4860],"product_tag":[3181,4863,2921,3069],"class_list":{"0":"post-53623","1":"product","2":"type-product","3":"status-publish","4":"has-post-thumbnail","6":"product_cat-evolis-fargband-retransfer","7":"product_cat-quantum","8":"product_tag-evolis-tillbehor","9":"product_tag-pf","10":"product_tag-ribbon-ymck-farg","11":"product_tag-trade-produkt","12":"product_shipping_class-tunga-paket","13":"pa_brands-evolis","14":"pa_fargband-kortskrivare-evolis","15":"tm-has-options","17":"first","18":"instock","19":"sale","20":"taxable","21":"shipping-taxable","22":"purchasable","23":"product-type-simple"},"acf":[],"_links":{"self":[{"href":"https:\/\/secureus.se\/fi\/wp-json\/wp\/v2\/product\/53623","targetHints":{"allow":["GET"]}}],"collection":[{"href":"https:\/\/secureus.se\/fi\/wp-json\/wp\/v2\/product"}],"about":[{"href":"https:\/\/secureus.se\/fi\/wp-json\/wp\/v2\/types\/product"}],"wp:featuredmedia":[{"embeddable":true,"href":"https:\/\/secureus.se\/fi\/wp-json\/wp\/v2\/media\/143866"}],"wp:attachment":[{"href":"https:\/\/secureus.se\/fi\/wp-json\/wp\/v2\/media?parent=53623"}],"wp:term":[{"taxonomy":"product_brand","embeddable":true,"href":"https:\/\/secureus.se\/fi\/wp-json\/wp\/v2\/product_brand?post=53623"},{"taxonomy":"product_cat","embeddable":true,"href":"https:\/\/secureus.se\/fi\/wp-json\/wp\/v2\/product_cat?post=53623"},{"taxonomy":"product_tag","embeddable":true,"href":"https:\/\/secureus.se\/fi\/wp-json\/wp\/v2\/product_tag?post=53623"}],"curies":[{"name":"wp","href":"https:\/\/api.w.org\/{rel}","templated":true}]}}