{"id":53624,"date":"2022-06-21T18:09:45","date_gmt":"2022-06-21T16:09:45","guid":{"rendered":"https:\/\/secureus.se\/produkt\/magicard-ma1000k-silver-ribbon-1000-prints\/"},"modified":"2026-04-08T16:51:46","modified_gmt":"2026-04-08T14:51:46","slug":"ribbon-magicard-ma1000k-silver-ribbon-1000-prints","status":"publish","type":"product","link":"https:\/\/secureus.se\/fi\/ribbon-magicard-ma1000k-silver-ribbon-1000-prints\/","title":{"rendered":"Magicard-nauha \u2013 MA1000K- (1000 tulostetta)"},"content":{"rendered":"<h1>Nauha<br \/>\n  Magicard \u2013 MA1000K- (1000 tulostetta)<\/h1>\n<p>Magicard-nauha \u2013 MA1000K- (1000 tulostetta) on<br \/>\n  alkuper\u00e4inen korttitulostinlis\u00e4varuste, joka on suunniteltu luotettavaan ja<br \/>\n  ammattimainen korttien tuotanto.<\/p>\n<p>Vy\u00f6 on ISEGA-hyv\u00e4ksytty suoraan kosketukseen<br \/>\n  ruoka.<\/p>\n<ul>\n<li>Kapasiteetti: jopa 1 000 tulostetta<\/li>\n<li>Sis\u00e4lt\u00e4\u00e4 puhdistusrullan<\/li>\n<li>ISEGA-hyv\u00e4ksytty suoraan kosketukseen elintarvikkeiden kanssa<\/li>\n<li>Artikelnummer: ENSI<\/li>\n<\/ul>\n<p><strong>Yhteensopiva Magicard Rio Pron, Rio Pro 360:n,<br \/>\n  Enduro, Pronto, Pronto100, Enduro3e, 300 ja 600.<\/strong><\/p>\n<p><strong>Tuotteen paino:<\/strong> 0,13 kg<\/p>","protected":false},"excerpt":{"rendered":"<p>V\u00e4rinauha \u2013 Nauha \u2013 Siirr\u00e4 uudelleen korttitulostimeen ja muovikorttitulostimeen<\/p>","protected":false},"featured_media":143881,"template":"","meta":{"_acf_changed":false},"product_brand":[],"product_cat":[3216,4829,4830,4839,4837,4836,4833,4834],"product_tag":[3182,4863,2922,3069],"class_list":{"0":"post-53624","1":"product","2":"type-product","3":"status-publish","4":"has-post-thumbnail","6":"product_cat-magicard-fargband-retransfer","7":"product_cat-magicard-300-band","8":"product_cat-magicard-600-band","9":"product_cat-magicard-enduro-band","10":"product_cat-magicard-pronto-band","11":"product_cat-magicard-pronto100-ribbons","12":"product_cat-magicard-rio-pro-360-band","13":"product_cat-magicard-rio-pro-ribbons","14":"product_tag-magicard-tillbehor","15":"product_tag-pf","16":"product_tag-ribbon-svart-black","17":"product_tag-trade-produkt","18":"product_shipping_class-tunga-paket","19":"pa_brands-magicard","20":"pa_fargband-kortskrivare-magicard","21":"tm-has-options","23":"first","24":"instock","25":"sale","26":"taxable","27":"shipping-taxable","28":"purchasable","29":"product-type-simple"},"acf":[],"_links":{"self":[{"href":"https:\/\/secureus.se\/fi\/wp-json\/wp\/v2\/product\/53624","targetHints":{"allow":["GET"]}}],"collection":[{"href":"https:\/\/secureus.se\/fi\/wp-json\/wp\/v2\/product"}],"about":[{"href":"https:\/\/secureus.se\/fi\/wp-json\/wp\/v2\/types\/product"}],"wp:featuredmedia":[{"embeddable":true,"href":"https:\/\/secureus.se\/fi\/wp-json\/wp\/v2\/media\/143881"}],"wp:attachment":[{"href":"https:\/\/secureus.se\/fi\/wp-json\/wp\/v2\/media?parent=53624"}],"wp:term":[{"taxonomy":"product_brand","embeddable":true,"href":"https:\/\/secureus.se\/fi\/wp-json\/wp\/v2\/product_brand?post=53624"},{"taxonomy":"product_cat","embeddable":true,"href":"https:\/\/secureus.se\/fi\/wp-json\/wp\/v2\/product_cat?post=53624"},{"taxonomy":"product_tag","embeddable":true,"href":"https:\/\/secureus.se\/fi\/wp-json\/wp\/v2\/product_tag?post=53624"}],"curies":[{"name":"wp","href":"https:\/\/api.w.org\/{rel}","templated":true}]}}