{"id":53629,"date":"2022-06-21T18:09:15","date_gmt":"2022-06-21T16:09:15","guid":{"rendered":"https:\/\/secureus.se\/produkt\/fargo-44201-premium-black-ribbon-1000-prints\/"},"modified":"2025-10-21T12:30:12","modified_gmt":"2025-10-21T10:30:12","slug":"ribbon-fargo-44201-premium-black-ribbon-1000-prints","status":"publish","type":"product","link":"https:\/\/secureus.se\/fi\/ribbon-fargo-44201-premium-black-ribbon-1000-prints\/","title":{"rendered":"Fargo 44201 Premium Black Ribbon (1000 tulostetta)"},"content":{"rendered":"<p>Fargo 44201 Premium Black Ribbon on ihanteellinen yksirivisten kuvien, ter\u00e4vien tekstitulosteiden ja luettavien viivakoodien tulostamiseen asiakkaasi esipainetuille muovikorteille tai tyhjille v\u00e4rillisille kartongille. T\u00e4m\u00e4 korkealaatuinen yksiv\u00e4rinen hartsiv\u00e4riaine tuottaa jopa 1 000 kiinte\u00e4\u00e4 korttitulostetta.<\/p>\n<ul>\n<li>1000 yksipuolista mustavalkotulostetta<\/li>\n<li>Musta hartsiv\u00e4rinauha<\/li>\n<li>Nauhakasetti puhdistusrullalla<\/li>\n<\/ul>\n<p>Yhteensopiva Fargo DTC300, C30 ja M30 korttitulostimien kanssa<\/p>\n<p>\n <strong><br \/>\n Tuotteen paino:<br \/>\n 0,23 kg<br \/>\n <\/strong>\n <\/p>","protected":false},"excerpt":{"rendered":"<p>V\u00e4rinauha \u2013 Nauha \u2013 Siirr\u00e4 uudelleen korttitulostimeen ja muovikorttitulostimeen<\/p>","protected":false},"featured_media":144535,"template":"","meta":{"_acf_changed":false},"product_brand":[],"product_cat":[3214],"product_tag":[3201,4863,2922,3069],"class_list":{"0":"post-53629","1":"product","2":"type-product","3":"status-publish","4":"has-post-thumbnail","6":"product_cat-fargo-fargband-retransfer","7":"product_tag-fargo-tillbehor","8":"product_tag-pf","9":"product_tag-ribbon-svart-black","10":"product_tag-trade-produkt","11":"product_shipping_class-tunga-paket","12":"pa_brands-fargo","13":"pa_fargband-kortskrivare-fargo","14":"tm-has-options","16":"first","17":"instock","18":"sale","19":"taxable","20":"shipping-taxable","21":"purchasable","22":"product-type-simple"},"acf":[],"_links":{"self":[{"href":"https:\/\/secureus.se\/fi\/wp-json\/wp\/v2\/product\/53629","targetHints":{"allow":["GET"]}}],"collection":[{"href":"https:\/\/secureus.se\/fi\/wp-json\/wp\/v2\/product"}],"about":[{"href":"https:\/\/secureus.se\/fi\/wp-json\/wp\/v2\/types\/product"}],"wp:featuredmedia":[{"embeddable":true,"href":"https:\/\/secureus.se\/fi\/wp-json\/wp\/v2\/media\/144535"}],"wp:attachment":[{"href":"https:\/\/secureus.se\/fi\/wp-json\/wp\/v2\/media?parent=53629"}],"wp:term":[{"taxonomy":"product_brand","embeddable":true,"href":"https:\/\/secureus.se\/fi\/wp-json\/wp\/v2\/product_brand?post=53629"},{"taxonomy":"product_cat","embeddable":true,"href":"https:\/\/secureus.se\/fi\/wp-json\/wp\/v2\/product_cat?post=53629"},{"taxonomy":"product_tag","embeddable":true,"href":"https:\/\/secureus.se\/fi\/wp-json\/wp\/v2\/product_tag?post=53629"}],"curies":[{"name":"wp","href":"https:\/\/api.w.org\/{rel}","templated":true}]}}