{"id":53633,"date":"2022-06-21T18:08:57","date_gmt":"2022-06-21T16:08:57","guid":{"rendered":"https:\/\/secureus.se\/produkt\/magicard-prima-831-ymck-ribbon-retransfer-film-set-1000-prints\/"},"modified":"2026-04-23T12:48:10","modified_gmt":"2026-04-23T10:48:10","slug":"ribbon-magicard-prima-831-ymck-ribbon-retransfer-film-set-1000-prints","status":"publish","type":"product","link":"https:\/\/secureus.se\/fi\/ribbon-magicard-prima-831-ymck-ribbon-retransfer-film-set-1000-prints\/","title":{"rendered":"Siirtofilmi Magicard Prima YMCK \u2013 831 (1000 tulostetta)"},"content":{"rendered":"<h1>Siirtokalvo<br \/>\n  Magicard Prima YMCK &#8211; 831 (1000 utskrifter)<\/h1>\n<p>Retransferfilm Magicard Prima YMCK &#8211; 831 (1000 utskrifter) \u00e4r ett<br \/>\n  T\u00e4ydellinen sarja, jossa on v\u00e4rinauha ja siirtokalvo korkearesoluutioisten korttien tulostamiseen.<br \/>\n  Yhdistelm\u00e4 tarjoaa ter\u00e4v\u00e4t v\u00e4rit, selke\u00e4n tekstin ja suojaavan kerroksen, joka tekee<br \/>\n  kortit kest\u00e4v\u00e4t paremmin jokap\u00e4iv\u00e4isess\u00e4 k\u00e4yt\u00f6ss\u00e4.<\/p>\n<p>Hyv\u00e4 valinta, kun haluat pident\u00e4\u00e4 korttiesi k\u00e4ytt\u00f6ik\u00e4\u00e4, parantaa<br \/>\n  kest\u00e4vyytt\u00e4 ja ammattimaisemman lopputuloksen.<\/p>\n<ul>\n<li>Kapasiteetti: jopa 1 000 tulostetta rullaa kohden<\/li>\n<li>Nauhatyyppi: YMCK<\/li>\n<li>Artikelnummer: PRIMA831<\/li>\n<\/ul>\n<p><strong>Yhteensopiva Magicard Priman kanssa<br \/>\n  8.<\/strong><\/p>\n<p><strong>Tuotteen paino:<\/strong> 0,60 kg<\/p>","protected":false},"excerpt":{"rendered":"<p>V\u00e4rinauha \u2013 Nauha \u2013 Siirr\u00e4 uudelleen korttitulostimeen ja muovikorttitulostimeen<\/p>","protected":false},"featured_media":143598,"template":"","meta":{"_acf_changed":false},"product_brand":[],"product_cat":[3216,4838],"product_tag":[3182,4863,2923,2921,3069],"class_list":{"0":"post-53633","1":"product","2":"type-product","3":"status-publish","4":"has-post-thumbnail","6":"product_cat-magicard-fargband-retransfer","7":"product_cat-magicard-prima-band","8":"product_tag-magicard-tillbehor","9":"product_tag-pf","10":"product_tag-ribbon-retransfer","11":"product_tag-ribbon-ymck-farg","12":"product_tag-trade-produkt","13":"product_shipping_class-tunga-paket","14":"pa_brands-magicard","15":"pa_fargband-kortskrivare-magicard","16":"tm-has-options","18":"first","19":"instock","20":"sale","21":"taxable","22":"shipping-taxable","23":"purchasable","24":"product-type-simple"},"acf":[],"_links":{"self":[{"href":"https:\/\/secureus.se\/fi\/wp-json\/wp\/v2\/product\/53633","targetHints":{"allow":["GET"]}}],"collection":[{"href":"https:\/\/secureus.se\/fi\/wp-json\/wp\/v2\/product"}],"about":[{"href":"https:\/\/secureus.se\/fi\/wp-json\/wp\/v2\/types\/product"}],"wp:featuredmedia":[{"embeddable":true,"href":"https:\/\/secureus.se\/fi\/wp-json\/wp\/v2\/media\/143598"}],"wp:attachment":[{"href":"https:\/\/secureus.se\/fi\/wp-json\/wp\/v2\/media?parent=53633"}],"wp:term":[{"taxonomy":"product_brand","embeddable":true,"href":"https:\/\/secureus.se\/fi\/wp-json\/wp\/v2\/product_brand?post=53633"},{"taxonomy":"product_cat","embeddable":true,"href":"https:\/\/secureus.se\/fi\/wp-json\/wp\/v2\/product_cat?post=53633"},{"taxonomy":"product_tag","embeddable":true,"href":"https:\/\/secureus.se\/fi\/wp-json\/wp\/v2\/product_tag?post=53633"}],"curies":[{"name":"wp","href":"https:\/\/api.w.org\/{rel}","templated":true}]}}