{"id":53634,"date":"2022-06-21T18:08:49","date_gmt":"2022-06-21T16:08:49","guid":{"rendered":"https:\/\/secureus.se\/produkt\/magicard-prima-433-ymckk-colour-ribbon-750-prints\/"},"modified":"2026-04-23T12:48:29","modified_gmt":"2026-04-23T10:48:29","slug":"ribbon-magicard-prima-433-ymckk-colour-ribbon-750-prints","status":"publish","type":"product","link":"https:\/\/secureus.se\/fi\/ribbon-magicard-prima-433-ymckk-colour-ribbon-750-prints\/","title":{"rendered":"Magicard Prima YMCKK -nauha \u2013 433 (750 tulostetta)"},"content":{"rendered":"<h1>Nauha<br \/>\n  Magicard Prima YMCKK \u2013 433 (750 tulostetta)<\/h1>\n<p>Magicard Prima YMCKK \u2013 433 (750 tulostetta) -v\u00e4rinauha on<br \/>\n  T\u00e4ydellinen sarja, jossa on v\u00e4rinauha ja siirtokalvo korkearesoluutioisten korttien tulostamiseen.<br \/>\n  Yhdistelm\u00e4 tarjoaa ter\u00e4v\u00e4t v\u00e4rit, selke\u00e4n tekstin ja suojaavan kerroksen, joka tekee<br \/>\n  kortit kest\u00e4v\u00e4t paremmin jokap\u00e4iv\u00e4isess\u00e4 k\u00e4yt\u00f6ss\u00e4.<\/p>\n<p>Hyv\u00e4 valinta, kun haluat pident\u00e4\u00e4 korttiesi k\u00e4ytt\u00f6ik\u00e4\u00e4, parantaa<br \/>\n  kest\u00e4vyytt\u00e4 ja ammattimaisemman lopputuloksen saavuttamiseksi. Yhdess\u00e4 k\u00e4ytettyn\u00e4<br \/>\n  aidoilla Magicard-siirtofilmeill\u00e4.<\/p>\n<ul>\n<li>Kapasiteetti: jopa 750 tulostetta rullaa kohden<\/li>\n<li>Nauhan tyyppi: YMCKK<\/li>\n<li>Sis\u00e4lt\u00e4\u00e4 puhdistusrullan<\/li>\n<li>Alkuper\u00e4inen tuote<\/li>\n<\/ul>\n<p><strong>Yhteensopiva Magicard Prima 433 YMCKK -v\u00e4rilaitteen kanssa<br \/>\n  Nauha on viisipaneelinen t\u00e4ysv\u00e4rinen nauha, jossa on kaksi mustaa hartsiv\u00e4riainetta<br \/>\n  tekstin, kuvien ja luettavien viivakoodien kaksipuolinen tulostus. T\u00e4m\u00e4 pakkaus on<br \/>\n  yhteensopiva Magicard Prima 4 -muovikorttitulostimien kanssa ja sit\u00e4 on k\u00e4ytett\u00e4v\u00e4<br \/>\n  yhdess\u00e4 aidon Magicard-uudelleensiirron kanssa<br \/>\n  elokuvia.<\/strong><\/p>\n<p><strong>Tuotteen paino:<\/strong> 0,29 kg<\/p>","protected":false},"excerpt":{"rendered":"<p>V\u00e4rinauha \u2013 Nauha \u2013 Siirr\u00e4 uudelleen korttitulostimeen ja muovikorttitulostimeen<\/p>","protected":false},"featured_media":144138,"template":"","meta":{"_acf_changed":false},"product_brand":[],"product_cat":[3216,4838],"product_tag":[3182,4863,2921,3069],"class_list":{"0":"post-53634","1":"product","2":"type-product","3":"status-publish","4":"has-post-thumbnail","6":"product_cat-magicard-fargband-retransfer","7":"product_cat-magicard-prima-band","8":"product_tag-magicard-tillbehor","9":"product_tag-pf","10":"product_tag-ribbon-ymck-farg","11":"product_tag-trade-produkt","12":"product_shipping_class-tunga-paket","13":"pa_brands-magicard","14":"pa_fargband-kortskrivare-magicard","15":"tm-has-options","17":"first","18":"instock","19":"sale","20":"taxable","21":"shipping-taxable","22":"purchasable","23":"product-type-simple"},"acf":[],"_links":{"self":[{"href":"https:\/\/secureus.se\/fi\/wp-json\/wp\/v2\/product\/53634","targetHints":{"allow":["GET"]}}],"collection":[{"href":"https:\/\/secureus.se\/fi\/wp-json\/wp\/v2\/product"}],"about":[{"href":"https:\/\/secureus.se\/fi\/wp-json\/wp\/v2\/types\/product"}],"wp:featuredmedia":[{"embeddable":true,"href":"https:\/\/secureus.se\/fi\/wp-json\/wp\/v2\/media\/144138"}],"wp:attachment":[{"href":"https:\/\/secureus.se\/fi\/wp-json\/wp\/v2\/media?parent=53634"}],"wp:term":[{"taxonomy":"product_brand","embeddable":true,"href":"https:\/\/secureus.se\/fi\/wp-json\/wp\/v2\/product_brand?post=53634"},{"taxonomy":"product_cat","embeddable":true,"href":"https:\/\/secureus.se\/fi\/wp-json\/wp\/v2\/product_cat?post=53634"},{"taxonomy":"product_tag","embeddable":true,"href":"https:\/\/secureus.se\/fi\/wp-json\/wp\/v2\/product_tag?post=53634"}],"curies":[{"name":"wp","href":"https:\/\/api.w.org\/{rel}","templated":true}]}}