{"id":53649,"date":"2022-06-21T18:07:10","date_gmt":"2022-06-21T16:07:10","guid":{"rendered":"https:\/\/secureus.se\/produkt\/evolis-r3013-ymcko-colour-ribbon-400-prints\/"},"modified":"2026-04-23T12:51:32","modified_gmt":"2026-04-23T10:51:32","slug":"ribbon-evolis-r3013-ymcko-colour-ribbon-400-prints","status":"publish","type":"product","link":"https:\/\/secureus.se\/fi\/ribbon-evolis-r3013-ymcko-colour-ribbon-400-prints\/","title":{"rendered":"Evolis YMCKO -v\u00e4rinauha \u2013 R3013 (400 tulostetta)"},"content":{"rendered":"<h1>Nauha<br \/>\n  Evolis YMCKO \u2013 R3013 (400 tulostetta)<\/h1>\n<p>Evolis YMCKO -v\u00e4rinauha \u2013 R3013 (400 tulostetta) on mustev\u00e4rinauha, joka on tarkoitettu mm.<br \/>\n  muovikorttien tulostaminen ter\u00e4vill\u00e4 v\u00e4reill\u00e4, selke\u00e4ll\u00e4 tekstill\u00e4 ja hyv\u00e4ll\u00e4<br \/>\n  yksityiskohtien toisto. YMCKO-v\u00e4rinauha tarjoaa oikean yhdistelm\u00e4n v\u00e4ripaneeleja ja<br \/>\n  Suojaava pinnoite ammattimaiseen korttitulostukseen.<\/p>\n<p>Sopii henkil\u00f6korteille, kulkukorteille, j\u00e4senkorteille ja muille<br \/>\n  muovikortit, joissa korkea tulostuslaatu ja luotettavuus ovat t\u00e4rkeit\u00e4.<\/p>\n<ul>\n<li>Kapasiteetti: jopa 400 tulostetta<\/li>\n<li>Nauhan tyyppi: YMCKO<\/li>\n<li>Tuotenumero: R3013<\/li>\n<\/ul>\n<p><strong>Yhteensopiva Evolis Pebblen, Dualysin, Securionin kanssa,<br \/>\n  Kvantti ja Kvantti 2.<\/strong><\/p>\n<p><strong>Tuotteen paino:<\/strong> 0,20 kg<\/p>","protected":false},"excerpt":{"rendered":"<p>V\u00e4rinauha \u2013 Nauha \u2013 Siirr\u00e4 uudelleen korttitulostimeen ja muovikorttitulostimeen<\/p>","protected":false},"featured_media":144175,"template":"","meta":{"_acf_changed":false},"product_brand":[],"product_cat":[3213,1324,4857,4860],"product_tag":[3181,4863,2921,3069],"class_list":{"0":"post-53649","1":"product","2":"type-product","3":"status-publish","4":"has-post-thumbnail","6":"product_cat-evolis-fargband-retransfer","7":"product_cat-outlet","8":"product_cat-pebble","9":"product_cat-quantum","10":"product_tag-evolis-tillbehor","11":"product_tag-pf","12":"product_tag-ribbon-ymck-farg","13":"product_tag-trade-produkt","14":"product_shipping_class-tunga-paket","15":"pa_brands-evolis","16":"pa_fargband-kortskrivare-evolis","17":"tm-has-options","19":"first","20":"instock","21":"sale","22":"taxable","23":"shipping-taxable","24":"purchasable","25":"product-type-simple"},"acf":[],"_links":{"self":[{"href":"https:\/\/secureus.se\/fi\/wp-json\/wp\/v2\/product\/53649","targetHints":{"allow":["GET"]}}],"collection":[{"href":"https:\/\/secureus.se\/fi\/wp-json\/wp\/v2\/product"}],"about":[{"href":"https:\/\/secureus.se\/fi\/wp-json\/wp\/v2\/types\/product"}],"wp:featuredmedia":[{"embeddable":true,"href":"https:\/\/secureus.se\/fi\/wp-json\/wp\/v2\/media\/144175"}],"wp:attachment":[{"href":"https:\/\/secureus.se\/fi\/wp-json\/wp\/v2\/media?parent=53649"}],"wp:term":[{"taxonomy":"product_brand","embeddable":true,"href":"https:\/\/secureus.se\/fi\/wp-json\/wp\/v2\/product_brand?post=53649"},{"taxonomy":"product_cat","embeddable":true,"href":"https:\/\/secureus.se\/fi\/wp-json\/wp\/v2\/product_cat?post=53649"},{"taxonomy":"product_tag","embeddable":true,"href":"https:\/\/secureus.se\/fi\/wp-json\/wp\/v2\/product_tag?post=53649"}],"curies":[{"name":"wp","href":"https:\/\/api.w.org\/{rel}","templated":true}]}}