{"id":53652,"date":"2022-06-21T18:06:53","date_gmt":"2022-06-21T16:06:53","guid":{"rendered":"https:\/\/secureus.se\/produkt\/evolis-r2121-black-monochrome-ribbon-5000-prints\/"},"modified":"2025-08-15T22:52:42","modified_gmt":"2025-08-15T20:52:42","slug":"ribbon-evolis-r2121-black-monochrome-ribbon-5000-prints","status":"publish","type":"product","link":"https:\/\/secureus.se\/fi\/ribbon-evolis-r2121-black-monochrome-ribbon-5000-prints\/","title":{"rendered":"V\u00e4rinauha Evolis R2121 Musta yksiv\u00e4rinen nauha (5000 tulostetta)"},"content":{"rendered":"<p>Evolis R2121 Black Monochrome Ribbon on yksiv\u00e4rinen hartsiv\u00e4riaine, joka on yhteensopiva k\u00e4ytett\u00e4v\u00e4ksi Evolis Quantum -korttitulostimissa. T\u00e4m\u00e4 kustannustehokas nauha on v\u00e4ltt\u00e4m\u00e4t\u00f6n tulostettaessa suuria eri\u00e4 esipainettuja tai tyhji\u00e4 muovikortteja, jotka vaativat luettavia viivakoodeja, eritt\u00e4in ter\u00e4vi\u00e4 tekstitulosteita ja yksirivist\u00e4 grafiikkaa.<\/p>\n<ul>\n<li>5000 mustavalkotulostetta<\/li>\n<li>Musta yksiv\u00e4rinen hartsiv\u00e4ri<\/li>\n<li>Valmistajakoodi: R2121<\/li>\n<\/ul>\n<p><strong>Yhteensopiva Evolis Quantum -korttitulostimen kanssa.<\/strong><\/p>\n<p>\n <strong><br \/>\n Tuotteen paino:<br \/>\n 0,29 kg<br \/>\n <\/strong>\n <\/p>","protected":false},"excerpt":{"rendered":"<p>V\u00e4rinauha \u2013 Nauha \u2013 Siirr\u00e4 uudelleen korttitulostimeen ja muovikorttitulostimeen<\/p>","protected":false},"featured_media":143926,"template":"","meta":{"_acf_changed":false},"product_brand":[],"product_cat":[3213],"product_tag":[3181,2922,3069],"class_list":{"0":"post-53652","1":"product","2":"type-product","3":"status-publish","4":"has-post-thumbnail","6":"product_cat-evolis-fargband-retransfer","7":"product_tag-evolis-tillbehor","8":"product_tag-ribbon-svart-black","9":"product_tag-trade-produkt","10":"product_shipping_class-tunga-paket","11":"pa_brands-evolis","12":"pa_fargband-kortskrivare-evolis","13":"tm-has-options","15":"first","16":"instock","17":"sale","18":"taxable","19":"shipping-taxable","20":"purchasable","21":"product-type-simple"},"acf":[],"_links":{"self":[{"href":"https:\/\/secureus.se\/fi\/wp-json\/wp\/v2\/product\/53652","targetHints":{"allow":["GET"]}}],"collection":[{"href":"https:\/\/secureus.se\/fi\/wp-json\/wp\/v2\/product"}],"about":[{"href":"https:\/\/secureus.se\/fi\/wp-json\/wp\/v2\/types\/product"}],"wp:featuredmedia":[{"embeddable":true,"href":"https:\/\/secureus.se\/fi\/wp-json\/wp\/v2\/media\/143926"}],"wp:attachment":[{"href":"https:\/\/secureus.se\/fi\/wp-json\/wp\/v2\/media?parent=53652"}],"wp:term":[{"taxonomy":"product_brand","embeddable":true,"href":"https:\/\/secureus.se\/fi\/wp-json\/wp\/v2\/product_brand?post=53652"},{"taxonomy":"product_cat","embeddable":true,"href":"https:\/\/secureus.se\/fi\/wp-json\/wp\/v2\/product_cat?post=53652"},{"taxonomy":"product_tag","embeddable":true,"href":"https:\/\/secureus.se\/fi\/wp-json\/wp\/v2\/product_tag?post=53652"}],"curies":[{"name":"wp","href":"https:\/\/api.w.org\/{rel}","templated":true}]}}