{"id":53654,"date":"2022-06-21T18:06:39","date_gmt":"2022-06-21T16:06:39","guid":{"rendered":"https:\/\/secureus.se\/produkt\/evolis-r5h004naa-ymcko-half-panel-colour-ribbon-400-prints\/"},"modified":"2026-04-08T16:57:25","modified_gmt":"2026-04-08T14:57:25","slug":"ribbon-evolis-r5h004naa-ymcko-half-panel-colour-ribbon-400-prints","status":"publish","type":"product","link":"https:\/\/secureus.se\/fi\/ribbon-evolis-r5h004naa-ymcko-half-panel-colour-ribbon-400-prints\/","title":{"rendered":"Evolis YMCKO -nauha \u2013 400, puolikas paneeli (400 tulostetta)"},"content":{"rendered":"<h1>Nauha<br \/>\n  Evolis YMCKO \u2013 400, puolikas paneeli (400 vedosta)<\/h1>\n<p>Evolis YMCKO \u2013 400 puolipaneelia (400 tulostetta) sis\u00e4lt\u00e4v\u00e4 v\u00e4rinauha<br \/>\n  V\u00e4rinauha muovikorttien tulostamiseen ter\u00e4vill\u00e4 v\u00e4reill\u00e4, selke\u00e4ll\u00e4 tekstill\u00e4 ja hyv\u00e4ll\u00e4 laadulla<br \/>\n  yksityiskohtien toisto. YMCKO-v\u00e4rinauha tarjoaa oikean yhdistelm\u00e4n v\u00e4ripaneeleja ja<br \/>\n  Suojaava pinnoite ammattimaiseen korttitulostukseen.<\/p>\n<p>Sopii henkil\u00f6korteille, kulkukorteille, j\u00e4senkorteille ja muille<br \/>\n  muovikortteja, joissa vaaditaan korkeaa tulostuslaatua ja luotettavuutta<br \/>\n  t\u00e4rke\u00e4.<\/p>\n<ul>\n<li>Kapasiteetti: jopa 400 tulostetta<\/li>\n<li>Nauhan tyyppi: YMCKO<\/li>\n<li>Artikkelinumero: \u2013<\/li>\n<\/ul>\n<p><strong>Yhteensopiva Evolis Primacyn ja Evolisin kanssa<br \/>\n  Zenius.<\/strong><\/p>\n<p><strong>Tuotteen paino:<\/strong> 0,26 kg<\/p>","protected":false},"excerpt":{"rendered":"<p>V\u00e4rinauha \u2013 Nauha \u2013 Siirr\u00e4 uudelleen korttitulostimeen ja muovikorttitulostimeen<\/p>","protected":false},"featured_media":144195,"template":"","meta":{"_acf_changed":false},"product_brand":[],"product_cat":[3213,4858,4862],"product_tag":[3181,4863,2921,3069],"class_list":{"0":"post-53654","1":"product","2":"type-product","3":"status-publish","4":"has-post-thumbnail","6":"product_cat-evolis-fargband-retransfer","7":"product_cat-primacy","8":"product_cat-zenius","9":"product_tag-evolis-tillbehor","10":"product_tag-pf","11":"product_tag-ribbon-ymck-farg","12":"product_tag-trade-produkt","13":"product_shipping_class-tunga-paket","14":"pa_brands-evolis","15":"pa_fargband-kortskrivare-evolis","16":"tm-has-options","18":"first","19":"instock","20":"sale","21":"taxable","22":"shipping-taxable","23":"purchasable","24":"product-type-simple"},"acf":[],"_links":{"self":[{"href":"https:\/\/secureus.se\/fi\/wp-json\/wp\/v2\/product\/53654","targetHints":{"allow":["GET"]}}],"collection":[{"href":"https:\/\/secureus.se\/fi\/wp-json\/wp\/v2\/product"}],"about":[{"href":"https:\/\/secureus.se\/fi\/wp-json\/wp\/v2\/types\/product"}],"wp:featuredmedia":[{"embeddable":true,"href":"https:\/\/secureus.se\/fi\/wp-json\/wp\/v2\/media\/144195"}],"wp:attachment":[{"href":"https:\/\/secureus.se\/fi\/wp-json\/wp\/v2\/media?parent=53654"}],"wp:term":[{"taxonomy":"product_brand","embeddable":true,"href":"https:\/\/secureus.se\/fi\/wp-json\/wp\/v2\/product_brand?post=53654"},{"taxonomy":"product_cat","embeddable":true,"href":"https:\/\/secureus.se\/fi\/wp-json\/wp\/v2\/product_cat?post=53654"},{"taxonomy":"product_tag","embeddable":true,"href":"https:\/\/secureus.se\/fi\/wp-json\/wp\/v2\/product_tag?post=53654"}],"curies":[{"name":"wp","href":"https:\/\/api.w.org\/{rel}","templated":true}]}}