{"id":53660,"date":"2022-06-21T18:06:04","date_gmt":"2022-06-21T16:06:04","guid":{"rendered":"https:\/\/secureus.se\/produkt\/fargo-45101-premium-black-ribbon-1000-prints\/"},"modified":"2026-04-08T16:56:22","modified_gmt":"2026-04-08T14:56:22","slug":"ribbon-fargo-45101-premium-black-ribbon-1000-prints","status":"publish","type":"product","link":"https:\/\/secureus.se\/fi\/ribbon-fargo-45101-premium-black-ribbon-1000-prints\/","title":{"rendered":"F\u00e4rgband Fargo &#8211; 45101 (1000 utskrifter)"},"content":{"rendered":"<h1>F\u00e4rgband<br \/>\n  Fargo &#8211; 45101 (1000 utskrifter)<\/h1>\n<p>F\u00e4rgband Fargo &#8211; 45101 (1000 utskrifter) \u00e4r ett svart monokromt<br \/>\n  f\u00e4rgband som passar f\u00f6r tydlig text, enkla linjegrafiker och l\u00e4sbara<br \/>\n  streckkoder p\u00e5 plastkort.<\/p>\n<p>Passar bra f\u00f6r ID-kort, passerkort, medlemskort och andra<br \/>\n  plastkort d\u00e4r h\u00f6g utskriftskvalitet och tillf\u00f6rlitlighet \u00e4r<br \/>\n  viktigt.<\/p>\n<ul>\n<li>Kapacitet: upp till 1 000 utskrifter<\/li>\n<li>Bandtyp: Svart monokrom<\/li>\n<li>Inkluderar reng\u00f6ringsrulle<\/li>\n<li>L\u00e4mpligt f\u00f6r dubbelsidig kortutskrift<\/li>\n<\/ul>\n<p><strong>Kompatibel med Fargo C50, DTC1000, DTC1250, DTC4000<br \/>\n  och DTC4250.<\/strong><\/p>\n<p><strong>Tuotteen paino:<\/strong> 0,22 kg<\/p>","protected":false},"excerpt":{"rendered":"<p>V\u00e4rinauha \u2013 Nauha \u2013 Siirr\u00e4 uudelleen korttitulostimeen ja muovikorttitulostimeen<\/p>","protected":false},"featured_media":143766,"template":"","meta":{"_acf_changed":false},"product_brand":[],"product_cat":[3214,4849,4842,4844,4845],"product_tag":[3201,4863,2922,3069],"class_list":{"0":"post-53660","1":"product","2":"type-product","3":"status-publish","4":"has-post-thumbnail","6":"product_cat-fargo-fargband-retransfer","7":"product_cat-c50-band","8":"product_cat-dtc1250-band","9":"product_cat-dtc4000-band","10":"product_cat-dtc4250-band","11":"product_tag-fargo-tillbehor","12":"product_tag-pf","13":"product_tag-ribbon-svart-black","14":"product_tag-trade-produkt","15":"product_shipping_class-tunga-paket","16":"pa_brands-fargo","17":"pa_fargband-kortskrivare-fargo","18":"tm-has-options","20":"first","21":"instock","22":"sale","23":"taxable","24":"shipping-taxable","25":"purchasable","26":"product-type-simple"},"acf":[],"_links":{"self":[{"href":"https:\/\/secureus.se\/fi\/wp-json\/wp\/v2\/product\/53660","targetHints":{"allow":["GET"]}}],"collection":[{"href":"https:\/\/secureus.se\/fi\/wp-json\/wp\/v2\/product"}],"about":[{"href":"https:\/\/secureus.se\/fi\/wp-json\/wp\/v2\/types\/product"}],"wp:featuredmedia":[{"embeddable":true,"href":"https:\/\/secureus.se\/fi\/wp-json\/wp\/v2\/media\/143766"}],"wp:attachment":[{"href":"https:\/\/secureus.se\/fi\/wp-json\/wp\/v2\/media?parent=53660"}],"wp:term":[{"taxonomy":"product_brand","embeddable":true,"href":"https:\/\/secureus.se\/fi\/wp-json\/wp\/v2\/product_brand?post=53660"},{"taxonomy":"product_cat","embeddable":true,"href":"https:\/\/secureus.se\/fi\/wp-json\/wp\/v2\/product_cat?post=53660"},{"taxonomy":"product_tag","embeddable":true,"href":"https:\/\/secureus.se\/fi\/wp-json\/wp\/v2\/product_tag?post=53660"}],"curies":[{"name":"wp","href":"https:\/\/api.w.org\/{rel}","templated":true}]}}