{"id":53673,"date":"2022-06-21T18:04:40","date_gmt":"2022-06-21T16:04:40","guid":{"rendered":"https:\/\/secureus.se\/produkt\/magicard-prima-4-re-transfer-printer-ribbon-436-1000-prints\/"},"modified":"2026-04-08T16:48:09","modified_gmt":"2026-04-08T14:48:09","slug":"ribbon-magicard-prima-4-re-transfer-printer-ribbon-436-1000-prints","status":"publish","type":"product","link":"https:\/\/secureus.se\/fi\/ribbon-magicard-prima-4-re-transfer-printer-ribbon-436-1000-prints\/","title":{"rendered":"F\u00e4rgband Magicard Prima &#8211; 436 (1000 utskrifter)"},"content":{"rendered":"<h1>F\u00e4rgband<br \/>\n  Magicard Prima &#8211; 436 (1000 utskrifter)<\/h1>\n<p>F\u00e4rgband Magicard Prima &#8211; 436 (1000 utskrifter) \u00e4r en<br \/>\n  retransferfilm som anv\u00e4nds f\u00f6r att ge plastkort en j\u00e4mn, slitstark och<br \/>\n  professionell yta. Motivet skrivs p\u00e5 filmen och \u00f6verf\u00f6rs sedan till kortet,<br \/>\n  vilket ger h\u00f6g detaljrikedom och kant-till-kant-utskrift.<\/p>\n<p>Ett bra val n\u00e4r du vill \u00f6ka kortens livsl\u00e4ngd, f\u00f6rb\u00e4ttra<br \/>\n  slitstyrkan och f\u00e5 ett mer professionellt slutresultat.<\/p>\n<ul>\n<li>Kapacitet: upp till 1 000 utskrifter per rulle<\/li>\n<li>Originalprodukt<\/li>\n<li>Artikelnummer: PRIMA436<\/li>\n<\/ul>\n<p><strong>Kompatibel med Magicard Prima<br \/>\n  4.<\/strong><\/p>\n<p><strong>Tuotteen paino:<\/strong> 0,29 kg<\/p>","protected":false},"excerpt":{"rendered":"<p>V\u00e4rinauha \u2013 Nauha \u2013 Siirr\u00e4 uudelleen korttitulostimeen ja muovikorttitulostimeen<\/p>","protected":false},"featured_media":144596,"template":"","meta":{"_acf_changed":false},"product_brand":[],"product_cat":[3216,4838],"product_tag":[3182,4863,2923,3069],"class_list":{"0":"post-53673","1":"product","2":"type-product","3":"status-publish","4":"has-post-thumbnail","6":"product_cat-magicard-fargband-retransfer","7":"product_cat-magicard-prima-band","8":"product_tag-magicard-tillbehor","9":"product_tag-pf","10":"product_tag-ribbon-retransfer","11":"product_tag-trade-produkt","12":"product_shipping_class-tunga-paket","13":"pa_brands-magicard","14":"pa_fargband-kortskrivare-magicard","15":"tm-has-options","17":"first","18":"instock","19":"sale","20":"taxable","21":"shipping-taxable","22":"purchasable","23":"product-type-simple"},"acf":[],"_links":{"self":[{"href":"https:\/\/secureus.se\/fi\/wp-json\/wp\/v2\/product\/53673","targetHints":{"allow":["GET"]}}],"collection":[{"href":"https:\/\/secureus.se\/fi\/wp-json\/wp\/v2\/product"}],"about":[{"href":"https:\/\/secureus.se\/fi\/wp-json\/wp\/v2\/types\/product"}],"wp:featuredmedia":[{"embeddable":true,"href":"https:\/\/secureus.se\/fi\/wp-json\/wp\/v2\/media\/144596"}],"wp:attachment":[{"href":"https:\/\/secureus.se\/fi\/wp-json\/wp\/v2\/media?parent=53673"}],"wp:term":[{"taxonomy":"product_brand","embeddable":true,"href":"https:\/\/secureus.se\/fi\/wp-json\/wp\/v2\/product_brand?post=53673"},{"taxonomy":"product_cat","embeddable":true,"href":"https:\/\/secureus.se\/fi\/wp-json\/wp\/v2\/product_cat?post=53673"},{"taxonomy":"product_tag","embeddable":true,"href":"https:\/\/secureus.se\/fi\/wp-json\/wp\/v2\/product_tag?post=53673"}],"curies":[{"name":"wp","href":"https:\/\/api.w.org\/{rel}","templated":true}]}}