{"id":53676,"date":"2022-06-21T18:04:31","date_gmt":"2022-06-21T16:04:31","guid":{"rendered":"https:\/\/secureus.se\/produkt\/fargo-45110-ymckok-colour-ribbon-200-prints\/"},"modified":"2026-04-23T12:38:34","modified_gmt":"2026-04-23T10:38:34","slug":"ribbon-fargo-45110-ymckok-colour-ribbon-200-prints","status":"publish","type":"product","link":"https:\/\/secureus.se\/fi\/ribbon-fargo-45110-ymckok-colour-ribbon-200-prints\/","title":{"rendered":"Fargo YMCKOK -v\u00e4rinauha \u2013 45110 (200 tulostetta)"},"content":{"rendered":"<h1>Nauha<br \/>\n  Fargo YMCKOK - 45110 (200 tulostetta)<\/h1>\n<p>Fargo YMCKOK -nauha \u2013 45110 (200 tulostetta) on nauha, joka on tarkoitettu<br \/>\n  muovikorttien tulostaminen ter\u00e4vill\u00e4 v\u00e4reill\u00e4, selke\u00e4ll\u00e4 tekstill\u00e4 ja hyv\u00e4ll\u00e4<br \/>\n  yksityiskohtien toisto. YMCKOK-v\u00e4rinauha tarjoaa oikean yhdistelm\u00e4n v\u00e4ripaneeleja ja<br \/>\n  Suojaava pinnoite ammattimaiseen korttitulostukseen.<\/p>\n<p>Sopii henkil\u00f6korteille, kulkukorteille, j\u00e4senkorteille ja muille<br \/>\n  muovikortteja, joissa vaaditaan korkeaa tulostuslaatua ja luotettavuutta<br \/>\n  t\u00e4rke\u00e4.<\/p>\n<ul>\n<li>Kapasiteetti: jopa 200 tulostetta<\/li>\n<li>Rannekkeen tyyppi: YMCKOK<\/li>\n<li>Sopii kaksipuoliseen korttitulostukseen<\/li>\n<li>Tuotenumero: 45110<\/li>\n<\/ul>\n<p><strong>Yhteensopiva Fargo DTC4000:n ja<br \/>\n  Vikakoodi 4250.<\/strong><\/p>\n<p><strong>Tuotteen paino:<\/strong> 0,25 kg<\/p>","protected":false},"excerpt":{"rendered":"<p>V\u00e4rinauha \u2013 Nauha \u2013 Siirr\u00e4 uudelleen korttitulostimeen ja muovikorttitulostimeen<\/p>","protected":false},"featured_media":143987,"template":"","meta":{"_acf_changed":false},"product_brand":[],"product_cat":[3214,4844,4845],"product_tag":[3201,4863,2921,3069],"class_list":{"0":"post-53676","1":"product","2":"type-product","3":"status-publish","4":"has-post-thumbnail","6":"product_cat-fargo-fargband-retransfer","7":"product_cat-dtc4000-band","8":"product_cat-dtc4250-band","9":"product_tag-fargo-tillbehor","10":"product_tag-pf","11":"product_tag-ribbon-ymck-farg","12":"product_tag-trade-produkt","13":"product_shipping_class-tunga-paket","14":"pa_brands-fargo","15":"pa_fargband-kortskrivare-fargo","16":"tm-has-options","18":"first","19":"instock","20":"sale","21":"taxable","22":"shipping-taxable","23":"purchasable","24":"product-type-simple"},"acf":[],"_links":{"self":[{"href":"https:\/\/secureus.se\/fi\/wp-json\/wp\/v2\/product\/53676","targetHints":{"allow":["GET"]}}],"collection":[{"href":"https:\/\/secureus.se\/fi\/wp-json\/wp\/v2\/product"}],"about":[{"href":"https:\/\/secureus.se\/fi\/wp-json\/wp\/v2\/types\/product"}],"wp:featuredmedia":[{"embeddable":true,"href":"https:\/\/secureus.se\/fi\/wp-json\/wp\/v2\/media\/143987"}],"wp:attachment":[{"href":"https:\/\/secureus.se\/fi\/wp-json\/wp\/v2\/media?parent=53676"}],"wp:term":[{"taxonomy":"product_brand","embeddable":true,"href":"https:\/\/secureus.se\/fi\/wp-json\/wp\/v2\/product_brand?post=53676"},{"taxonomy":"product_cat","embeddable":true,"href":"https:\/\/secureus.se\/fi\/wp-json\/wp\/v2\/product_cat?post=53676"},{"taxonomy":"product_tag","embeddable":true,"href":"https:\/\/secureus.se\/fi\/wp-json\/wp\/v2\/product_tag?post=53676"}],"curies":[{"name":"wp","href":"https:\/\/api.w.org\/{rel}","templated":true}]}}