{"id":53677,"date":"2022-06-21T18:04:24","date_gmt":"2022-06-21T16:04:24","guid":{"rendered":"https:\/\/secureus.se\/produkt\/evolis-r2011-black-monochrome-ribbon-1000-prints\/"},"modified":"2026-03-26T10:11:13","modified_gmt":"2026-03-26T09:11:13","slug":"ribbon-evolis-r2011-black-monochrome-ribbon-1000-prints","status":"publish","type":"product","link":"https:\/\/secureus.se\/fi\/ribbon-evolis-r2011-black-monochrome-ribbon-1000-prints\/","title":{"rendered":"V\u00e4rinauha Evolis R2011 Musta yksiv\u00e4rinen nauha (1000 tulostetta)"},"content":{"rendered":"<p>Evolis R2011 Black Monochrome Ribbon on kiinte\u00e4 musta hartsiv\u00e4riaine, joka takaa asiakkaillesi jopa 1 000 korkealaatuista yksipuolista korttitulostetta tai puolet kaksipuolisen tulostuksen tuoton. Se sopii erinomaisesti yksirivisten taiteiden, tekstien ja luettavien viivakoodien tuottamiseen.<\/p>\n<ul>\n<li>1000 yksipuolista mustavalkotulostetta<\/li>\n<li>Musta hartsiv\u00e4rinauha<\/li>\n<li>Valmistajakoodi: R2011<\/li>\n<\/ul>\n<p><strong>Yhteensopiva Evolis Pebble-, Dualys-, Quantum- ja Securion-korttitulostimien kanssa<\/strong><\/p>\n<p>\u00a0<\/p>\n<p>\n <strong><br \/>\n Tuotteen paino:<br \/>\n 0,10 kg<br \/>\n <\/strong>\n <\/p>","protected":false},"excerpt":{"rendered":"<p>V\u00e4rinauha \u2013 Nauha \u2013 Siirr\u00e4 uudelleen korttitulostimeen ja muovikorttitulostimeen<\/p>","protected":false},"featured_media":144001,"template":"","meta":{"_acf_changed":false},"product_brand":[],"product_cat":[3213,4861],"product_tag":[3181,4863,2922,3069],"class_list":{"0":"post-53677","1":"product","2":"type-product","3":"status-publish","4":"has-post-thumbnail","6":"product_cat-evolis-fargband-retransfer","7":"product_cat-tattoo","8":"product_tag-evolis-tillbehor","9":"product_tag-pf","10":"product_tag-ribbon-svart-black","11":"product_tag-trade-produkt","12":"product_shipping_class-tunga-paket","13":"pa_brands-evolis","14":"pa_fargband-kortskrivare-evolis","15":"tm-has-options","17":"first","18":"instock","19":"sale","20":"taxable","21":"shipping-taxable","22":"purchasable","23":"product-type-simple"},"acf":[],"_links":{"self":[{"href":"https:\/\/secureus.se\/fi\/wp-json\/wp\/v2\/product\/53677","targetHints":{"allow":["GET"]}}],"collection":[{"href":"https:\/\/secureus.se\/fi\/wp-json\/wp\/v2\/product"}],"about":[{"href":"https:\/\/secureus.se\/fi\/wp-json\/wp\/v2\/types\/product"}],"wp:featuredmedia":[{"embeddable":true,"href":"https:\/\/secureus.se\/fi\/wp-json\/wp\/v2\/media\/144001"}],"wp:attachment":[{"href":"https:\/\/secureus.se\/fi\/wp-json\/wp\/v2\/media?parent=53677"}],"wp:term":[{"taxonomy":"product_brand","embeddable":true,"href":"https:\/\/secureus.se\/fi\/wp-json\/wp\/v2\/product_brand?post=53677"},{"taxonomy":"product_cat","embeddable":true,"href":"https:\/\/secureus.se\/fi\/wp-json\/wp\/v2\/product_cat?post=53677"},{"taxonomy":"product_tag","embeddable":true,"href":"https:\/\/secureus.se\/fi\/wp-json\/wp\/v2\/product_tag?post=53677"}],"curies":[{"name":"wp","href":"https:\/\/api.w.org\/{rel}","templated":true}]}}