{"id":53679,"date":"2022-06-21T18:04:17","date_gmt":"2022-06-21T16:04:17","guid":{"rendered":"https:\/\/secureus.se\/produkt\/magicard-ma600ko-black-ribbon-600-prints\/"},"modified":"2026-04-08T16:49:20","modified_gmt":"2026-04-08T14:49:20","slug":"ribbon-magicard-ma600ko-black-ribbon-600-prints","status":"publish","type":"product","link":"https:\/\/secureus.se\/fi\/ribbon-magicard-ma600ko-black-ribbon-600-prints\/","title":{"rendered":"Magicard-nauha \u2013 MA600KO (600 tulostetta)"},"content":{"rendered":"<h1>Nauha<br \/>\n  Magicard &#8211; MA600KO (600 utskrifter)<\/h1>\n<p>F\u00e4rgband Magicard &#8211; MA600KO (600 utskrifter) \u00e4r ett KO-band med<br \/>\n  svart panel och skyddande overlay. Det \u00e4r ett bra val n\u00e4r du beh\u00f6ver tydlig<br \/>\n  text, streckkoder och extra skydd p\u00e5 kortets yta.<\/p>\n<p>Sopii henkil\u00f6korteille, kulkukorteille, j\u00e4senkorteille ja muille<br \/>\n  muovikortteja, joissa vaaditaan korkeaa tulostuslaatua ja luotettavuutta<br \/>\n  t\u00e4rke\u00e4.<\/p>\n<ul>\n<li>Kapasiteetti: jopa 600 tulostetta<\/li>\n<li>B\u00e4ndityyppi: KO<\/li>\n<li>Artikelnummer: EN6<\/li>\n<\/ul>\n<p><strong>Kompatibel med Magicard Enduro, Magicard Pronto,<br \/>\n  Magicard Rio Pro och Magicard Rio Pro 360.<\/strong><\/p>\n<p><strong>Tuotteen paino:<\/strong> 0,16 kg<\/p>","protected":false},"excerpt":{"rendered":"<p>V\u00e4rinauha \u2013 Nauha \u2013 Siirr\u00e4 uudelleen korttitulostimeen ja muovikorttitulostimeen<\/p>","protected":false},"featured_media":144624,"template":"","meta":{"_acf_changed":false},"product_brand":[],"product_cat":[3216,4839,4837,4833,4834],"product_tag":[3182,4863,2922,3069],"class_list":{"0":"post-53679","1":"product","2":"type-product","3":"status-publish","4":"has-post-thumbnail","6":"product_cat-magicard-fargband-retransfer","7":"product_cat-magicard-enduro-band","8":"product_cat-magicard-pronto-band","9":"product_cat-magicard-rio-pro-360-band","10":"product_cat-magicard-rio-pro-ribbons","11":"product_tag-magicard-tillbehor","12":"product_tag-pf","13":"product_tag-ribbon-svart-black","14":"product_tag-trade-produkt","15":"product_shipping_class-tunga-paket","16":"pa_brands-magicard","17":"pa_fargband-kortskrivare-magicard","18":"tm-has-options","20":"first","21":"instock","22":"sale","23":"taxable","24":"shipping-taxable","25":"purchasable","26":"product-type-simple"},"acf":[],"_links":{"self":[{"href":"https:\/\/secureus.se\/fi\/wp-json\/wp\/v2\/product\/53679","targetHints":{"allow":["GET"]}}],"collection":[{"href":"https:\/\/secureus.se\/fi\/wp-json\/wp\/v2\/product"}],"about":[{"href":"https:\/\/secureus.se\/fi\/wp-json\/wp\/v2\/types\/product"}],"wp:featuredmedia":[{"embeddable":true,"href":"https:\/\/secureus.se\/fi\/wp-json\/wp\/v2\/media\/144624"}],"wp:attachment":[{"href":"https:\/\/secureus.se\/fi\/wp-json\/wp\/v2\/media?parent=53679"}],"wp:term":[{"taxonomy":"product_brand","embeddable":true,"href":"https:\/\/secureus.se\/fi\/wp-json\/wp\/v2\/product_brand?post=53679"},{"taxonomy":"product_cat","embeddable":true,"href":"https:\/\/secureus.se\/fi\/wp-json\/wp\/v2\/product_cat?post=53679"},{"taxonomy":"product_tag","embeddable":true,"href":"https:\/\/secureus.se\/fi\/wp-json\/wp\/v2\/product_tag?post=53679"}],"curies":[{"name":"wp","href":"https:\/\/api.w.org\/{rel}","templated":true}]}}