{"id":53684,"date":"2022-06-21T18:03:57","date_gmt":"2022-06-21T16:03:57","guid":{"rendered":"https:\/\/secureus.se\/produkt\/evolis-r3411-ymcko-colour-ribbon-100-prints\/"},"modified":"2025-08-15T22:50:38","modified_gmt":"2025-08-15T20:50:38","slug":"ribbon-evolis-r3411-ymcko-colour-ribbon-100-prints","status":"publish","type":"product","link":"https:\/\/secureus.se\/fi\/ribbon-evolis-r3411-ymcko-colour-ribbon-100-prints\/","title":{"rendered":"V\u00e4rinauha Evolis R3411 YMCKO Color Ribbon (100 tulosta)"},"content":{"rendered":"<p>Evolis R3411 YMCKO Color Ribbon on viidest\u00e4 paneelista koostuva t\u00e4ysv\u00e4rinen nauha, jonka p\u00e4\u00e4llyslaminaatti antaa loppuk\u00e4ytt\u00e4j\u00e4n korteille suojan p\u00e4ivitt\u00e4ist\u00e4 kulumista ja repeytymist\u00e4 vastaan. T\u00e4m\u00e4 sarja tuottaa jopa 100 korttitulostetta. Siksi se on ihanteellinen yrityksille ja organisaatioille, joilla on vain v\u00e4h\u00e4n henkil\u00f6korttitulostusta.<\/p>\n<ul>\n<li>100 yksipuolista t\u00e4ysv\u00e4ritulostetta<\/li>\n<li>YMCKO-nauha (keltainen, magenta, syaani, musta ja peittopaneelit)<\/li>\n<li>Valmistajakoodi: R3411<\/li>\n<\/ul>\n<p><strong>Yhteensopiva Evolis Tattoo -korttitulostimen kanssa.<\/strong><\/p>\n<p>\n <strong><br \/>\n Tuotteen paino:<br \/>\n 0,10 kg<br \/>\n <\/strong>\n <\/p>","protected":false},"excerpt":{"rendered":"<p>V\u00e4rinauha \u2013 Nauha \u2013 Siirr\u00e4 uudelleen korttitulostimeen ja muovikorttitulostimeen<\/p>","protected":false},"featured_media":144225,"template":"","meta":{"_acf_changed":false},"product_brand":[],"product_cat":[3213],"product_tag":[3181,2921,3069],"class_list":{"0":"post-53684","1":"product","2":"type-product","3":"status-publish","4":"has-post-thumbnail","6":"product_cat-evolis-fargband-retransfer","7":"product_tag-evolis-tillbehor","8":"product_tag-ribbon-ymck-farg","9":"product_tag-trade-produkt","10":"product_shipping_class-tunga-paket","11":"pa_brands-evolis","12":"pa_fargband-kortskrivare-evolis","13":"tm-has-options","15":"first","16":"outofstock","17":"sale","18":"taxable","19":"shipping-taxable","20":"purchasable","21":"product-type-simple"},"acf":[],"_links":{"self":[{"href":"https:\/\/secureus.se\/fi\/wp-json\/wp\/v2\/product\/53684","targetHints":{"allow":["GET"]}}],"collection":[{"href":"https:\/\/secureus.se\/fi\/wp-json\/wp\/v2\/product"}],"about":[{"href":"https:\/\/secureus.se\/fi\/wp-json\/wp\/v2\/types\/product"}],"wp:featuredmedia":[{"embeddable":true,"href":"https:\/\/secureus.se\/fi\/wp-json\/wp\/v2\/media\/144225"}],"wp:attachment":[{"href":"https:\/\/secureus.se\/fi\/wp-json\/wp\/v2\/media?parent=53684"}],"wp:term":[{"taxonomy":"product_brand","embeddable":true,"href":"https:\/\/secureus.se\/fi\/wp-json\/wp\/v2\/product_brand?post=53684"},{"taxonomy":"product_cat","embeddable":true,"href":"https:\/\/secureus.se\/fi\/wp-json\/wp\/v2\/product_cat?post=53684"},{"taxonomy":"product_tag","embeddable":true,"href":"https:\/\/secureus.se\/fi\/wp-json\/wp\/v2\/product_tag?post=53684"}],"curies":[{"name":"wp","href":"https:\/\/api.w.org\/{rel}","templated":true}]}}