{"id":53685,"date":"2022-06-21T18:03:51","date_gmt":"2022-06-21T16:03:51","guid":{"rendered":"https:\/\/secureus.se\/produkt\/magicard-ma1000k-white-ribbon-1000-prints\/"},"modified":"2026-04-23T12:53:43","modified_gmt":"2026-04-23T10:53:43","slug":"ribbon-magicard-ma1000k-white-ribbon-1000-prints","status":"publish","type":"product","link":"https:\/\/secureus.se\/fi\/ribbon-magicard-ma1000k-white-ribbon-1000-prints\/","title":{"rendered":"Magicard-nauha \u2013 MA1000K- (1000 tulostetta)"},"content":{"rendered":"<h1>Nauha<br \/>\n  Magicard \u2013 MA1000K- (1000 tulostetta)<\/h1>\n<p>F\u00e4rgband Magicard &#8211; MA1000K- (1000 utskrifter) \u00e4r ett vitt<br \/>\n  yksiv\u00e4rinen v\u00e4rinauha, joka sopii kirkkaaseen tulostukseen tummille tai<br \/>\n  r\u00e4\u00e4t\u00e4l\u00f6ityj\u00e4 kortteja, kuten esittelykortteja ja etikettej\u00e4.<\/p>\n<p>Sopii henkil\u00f6korteille, kulkukorteille, j\u00e4senkorteille ja muille<br \/>\n  muovikortit, joissa korkea tulostuslaatu ja luotettavuus ovat t\u00e4rkeit\u00e4. Nauha<br \/>\n  on ISEGA-hyv\u00e4ksytty suoraan kosketukseen elintarvikkeiden kanssa.<\/p>\n<ul>\n<li>Kapasiteetti: jopa 1 000 tulostetta<\/li>\n<li>Rannekkeen tyyppi: Valkoinen yksiv\u00e4rinen<\/li>\n<li>ISEGA-hyv\u00e4ksytty suoraan kosketukseen elintarvikkeiden kanssa<\/li>\n<li>Artikelnummer: ENWH<\/li>\n<\/ul>\n<p><strong>Yhteensopiva Magicard Rio Pron, Rio Pro 360:n ja Enduron kanssa<br \/>\n  ja Pronto.<\/strong><\/p>\n<p><strong>Tuotteen paino:<\/strong> 0,13 kg<\/p>","protected":false},"excerpt":{"rendered":"<p>V\u00e4rinauha \u2013 Nauha \u2013 Siirr\u00e4 uudelleen korttitulostimeen ja muovikorttitulostimeen<\/p>","protected":false},"featured_media":144236,"template":"","meta":{"_acf_changed":false},"product_brand":[],"product_cat":[3216,4829,4830,4839,4837,4836,4833,4834],"product_tag":[3182,4863,2921,3069],"class_list":{"0":"post-53685","1":"product","2":"type-product","3":"status-publish","4":"has-post-thumbnail","6":"product_cat-magicard-fargband-retransfer","7":"product_cat-magicard-300-band","8":"product_cat-magicard-600-band","9":"product_cat-magicard-enduro-band","10":"product_cat-magicard-pronto-band","11":"product_cat-magicard-pronto100-ribbons","12":"product_cat-magicard-rio-pro-360-band","13":"product_cat-magicard-rio-pro-ribbons","14":"product_tag-magicard-tillbehor","15":"product_tag-pf","16":"product_tag-ribbon-ymck-farg","17":"product_tag-trade-produkt","18":"product_shipping_class-tunga-paket","19":"pa_brands-magicard","20":"pa_fargband-kortskrivare-magicard","21":"tm-has-options","23":"first","24":"instock","25":"sale","26":"taxable","27":"shipping-taxable","28":"purchasable","29":"product-type-simple"},"acf":[],"_links":{"self":[{"href":"https:\/\/secureus.se\/fi\/wp-json\/wp\/v2\/product\/53685","targetHints":{"allow":["GET"]}}],"collection":[{"href":"https:\/\/secureus.se\/fi\/wp-json\/wp\/v2\/product"}],"about":[{"href":"https:\/\/secureus.se\/fi\/wp-json\/wp\/v2\/types\/product"}],"wp:featuredmedia":[{"embeddable":true,"href":"https:\/\/secureus.se\/fi\/wp-json\/wp\/v2\/media\/144236"}],"wp:attachment":[{"href":"https:\/\/secureus.se\/fi\/wp-json\/wp\/v2\/media?parent=53685"}],"wp:term":[{"taxonomy":"product_brand","embeddable":true,"href":"https:\/\/secureus.se\/fi\/wp-json\/wp\/v2\/product_brand?post=53685"},{"taxonomy":"product_cat","embeddable":true,"href":"https:\/\/secureus.se\/fi\/wp-json\/wp\/v2\/product_cat?post=53685"},{"taxonomy":"product_tag","embeddable":true,"href":"https:\/\/secureus.se\/fi\/wp-json\/wp\/v2\/product_tag?post=53685"}],"curies":[{"name":"wp","href":"https:\/\/api.w.org\/{rel}","templated":true}]}}