{"id":53686,"date":"2022-06-21T18:03:45","date_gmt":"2022-06-21T16:03:45","guid":{"rendered":"https:\/\/secureus.se\/produkt\/fargo-84061-ymcfk-colour-ribbon-500-prints\/"},"modified":"2025-10-21T12:30:30","modified_gmt":"2025-10-21T10:30:30","slug":"ribbon-fargo-84061-ymcfk-colour-ribbon-500-prints","status":"publish","type":"product","link":"https:\/\/secureus.se\/fi\/ribbon-fargo-84061-ymcfk-colour-ribbon-500-prints\/","title":{"rendered":"Fargo 84061 YMCFK -v\u00e4rinauha (500 tulostetta)"},"content":{"rendered":"<p>Fargo 84061 YMCFK Color Ribbon on t\u00e4ysv\u00e4rinen nauha, jossa on musta hartsipaneeli ja fluoresoiva v\u00e4riaine, joka tulee n\u00e4kyviin vain, kun kortti altistetaan ultraviolettivalolle. T\u00e4m\u00e4 paketti on tehokas ja taloudellinen tapa asiakkaillesi lis\u00e4t\u00e4 korttien suojaustasoa.<\/p>\n<ul>\n<li>500 yksipuolista t\u00e4ysv\u00e4ritulostetta<\/li>\n<li>YMCFK-nauha (keltainen, magenta, syaani, fluoresoiva ja musta paneeli)<\/li>\n<li>K\u00e4ytet\u00e4\u00e4n yhdess\u00e4 Fargo 84053 HDP -kalvon kanssa<\/li>\n<\/ul>\n<p>Yhteensopiva Fargo HDP5000 -korttitulostimen kanssa<\/p>\n<p>\n <strong><br \/>\n Tuotteen paino:<br \/>\n 0,26 kg<br \/>\n <\/strong>\n <\/p>","protected":false},"excerpt":{"rendered":"<p>V\u00e4rinauha \u2013 Nauha \u2013 Siirr\u00e4 uudelleen korttitulostimeen ja muovikorttitulostimeen<\/p>","protected":false},"featured_media":144247,"template":"","meta":{"_acf_changed":false},"product_brand":[],"product_cat":[3214],"product_tag":[3201,4863,2921,3069],"class_list":{"0":"post-53686","1":"product","2":"type-product","3":"status-publish","4":"has-post-thumbnail","6":"product_cat-fargo-fargband-retransfer","7":"product_tag-fargo-tillbehor","8":"product_tag-pf","9":"product_tag-ribbon-ymck-farg","10":"product_tag-trade-produkt","11":"product_shipping_class-tunga-paket","12":"pa_brands-fargo","13":"pa_fargband-kortskrivare-fargo","14":"tm-has-options","16":"first","17":"outofstock","18":"sale","19":"taxable","20":"shipping-taxable","21":"purchasable","22":"product-type-simple"},"acf":[],"_links":{"self":[{"href":"https:\/\/secureus.se\/fi\/wp-json\/wp\/v2\/product\/53686","targetHints":{"allow":["GET"]}}],"collection":[{"href":"https:\/\/secureus.se\/fi\/wp-json\/wp\/v2\/product"}],"about":[{"href":"https:\/\/secureus.se\/fi\/wp-json\/wp\/v2\/types\/product"}],"wp:featuredmedia":[{"embeddable":true,"href":"https:\/\/secureus.se\/fi\/wp-json\/wp\/v2\/media\/144247"}],"wp:attachment":[{"href":"https:\/\/secureus.se\/fi\/wp-json\/wp\/v2\/media?parent=53686"}],"wp:term":[{"taxonomy":"product_brand","embeddable":true,"href":"https:\/\/secureus.se\/fi\/wp-json\/wp\/v2\/product_brand?post=53686"},{"taxonomy":"product_cat","embeddable":true,"href":"https:\/\/secureus.se\/fi\/wp-json\/wp\/v2\/product_cat?post=53686"},{"taxonomy":"product_tag","embeddable":true,"href":"https:\/\/secureus.se\/fi\/wp-json\/wp\/v2\/product_tag?post=53686"}],"curies":[{"name":"wp","href":"https:\/\/api.w.org\/{rel}","templated":true}]}}