{"id":53691,"date":"2022-06-21T18:03:21","date_gmt":"2022-06-21T16:03:21","guid":{"rendered":"https:\/\/secureus.se\/produkt\/evolis-cbgr0100c-ymcko-colour-ribbon-100-prints\/"},"modified":"2026-04-08T17:02:17","modified_gmt":"2026-04-08T15:02:17","slug":"ribbon-evolis-cbgr0100c-ymcko-colour-ribbon-100-prints","status":"publish","type":"product","link":"https:\/\/secureus.se\/fi\/ribbon-evolis-cbgr0100c-ymcko-colour-ribbon-100-prints\/","title":{"rendered":"Evolis YMCKO -v\u00e4rinauha \u2013 CBGR0100C (100 tulostetta)"},"content":{"rendered":"<h1>Nauha<br \/>\n  Evolis YMCKO &#8211; CBGR0100C (100 utskrifter)<\/h1>\n<p>F\u00e4rgband Evolis YMCKO &#8211; CBGR0100C (100 utskrifter) \u00e4r ett f\u00e4rgband<br \/>\n  muovikorttien tulostamiseen ter\u00e4vill\u00e4 v\u00e4reill\u00e4, selke\u00e4ll\u00e4 tekstill\u00e4 ja hyv\u00e4ll\u00e4<br \/>\n  yksityiskohtien toisto. YMCKO-v\u00e4rinauha tarjoaa oikean yhdistelm\u00e4n v\u00e4ripaneeleja ja<br \/>\n  Suojaava pinnoite ammattimaiseen korttitulostukseen.<\/p>\n<p>Sopii henkil\u00f6korteille, kulkukorteille, j\u00e4senkorteille ja muille<br \/>\n  muovikortteja, joissa vaaditaan korkeaa tulostuslaatua ja luotettavuutta<br \/>\n  t\u00e4rke\u00e4.<\/p>\n<ul>\n<li>Kapacitet: upp till 100 utskrifter<\/li>\n<li>Nauhan tyyppi: YMCKO<\/li>\n<li>Artikelnummer: CBGR0100C<\/li>\n<\/ul>\n<p><strong>Kompatibel med Evolis Badgy100 och<br \/>\n  Badgy200.<\/strong><\/p>\n<p><strong>Tuotteen paino:<\/strong> 0,20 kg<\/p>","protected":false},"excerpt":{"rendered":"<p>V\u00e4rinauha \u2013 Nauha \u2013 Siirr\u00e4 uudelleen korttitulostimeen ja muovikorttitulostimeen<\/p>","protected":false},"featured_media":143831,"template":"","meta":{"_acf_changed":false},"product_brand":[],"product_cat":[3213],"product_tag":[3181,4863,2921,3069],"class_list":{"0":"post-53691","1":"product","2":"type-product","3":"status-publish","4":"has-post-thumbnail","6":"product_cat-evolis-fargband-retransfer","7":"product_tag-evolis-tillbehor","8":"product_tag-pf","9":"product_tag-ribbon-ymck-farg","10":"product_tag-trade-produkt","11":"product_shipping_class-tunga-paket","12":"pa_brands-evolis","13":"pa_fargband-kortskrivare-evolis","14":"tm-has-options","16":"first","17":"instock","18":"sale","19":"taxable","20":"shipping-taxable","21":"purchasable","22":"product-type-simple"},"acf":[],"_links":{"self":[{"href":"https:\/\/secureus.se\/fi\/wp-json\/wp\/v2\/product\/53691","targetHints":{"allow":["GET"]}}],"collection":[{"href":"https:\/\/secureus.se\/fi\/wp-json\/wp\/v2\/product"}],"about":[{"href":"https:\/\/secureus.se\/fi\/wp-json\/wp\/v2\/types\/product"}],"wp:featuredmedia":[{"embeddable":true,"href":"https:\/\/secureus.se\/fi\/wp-json\/wp\/v2\/media\/143831"}],"wp:attachment":[{"href":"https:\/\/secureus.se\/fi\/wp-json\/wp\/v2\/media?parent=53691"}],"wp:term":[{"taxonomy":"product_brand","embeddable":true,"href":"https:\/\/secureus.se\/fi\/wp-json\/wp\/v2\/product_brand?post=53691"},{"taxonomy":"product_cat","embeddable":true,"href":"https:\/\/secureus.se\/fi\/wp-json\/wp\/v2\/product_cat?post=53691"},{"taxonomy":"product_tag","embeddable":true,"href":"https:\/\/secureus.se\/fi\/wp-json\/wp\/v2\/product_tag?post=53691"}],"curies":[{"name":"wp","href":"https:\/\/api.w.org\/{rel}","templated":true}]}}