{"id":53699,"date":"2022-06-21T18:02:38","date_gmt":"2022-06-21T16:02:38","guid":{"rendered":"https:\/\/secureus.se\/produkt\/magicard-m9005-751-ymcko-colour-ribbon-350-prints\/"},"modified":"2026-04-23T12:40:15","modified_gmt":"2026-04-23T10:40:15","slug":"ribbon-magicard-m9005-751-ymcko-colour-ribbon-350-prints","status":"publish","type":"product","link":"https:\/\/secureus.se\/fi\/ribbon-magicard-m9005-751-ymcko-colour-ribbon-350-prints\/","title":{"rendered":"Magicard YMCKO -nauha \u2013 M9005-751 (350 tulostetta)"},"content":{"rendered":"<h1>Nauha<br \/>\n  Magicard YMCKO &#8211; M9005-751 (350 utskrifter)<\/h1>\n<p>F\u00e4rgband Magicard YMCKO &#8211; M9005-751 (350 utskrifter) \u00e4r ett<br \/>\n  V\u00e4rinauha muovikorttien tulostamiseen ter\u00e4vill\u00e4 v\u00e4reill\u00e4, selke\u00e4ll\u00e4 tekstill\u00e4 ja hyv\u00e4ll\u00e4 laadulla<br \/>\n  yksityiskohtien toisto. YMCKO-v\u00e4rinauha tarjoaa oikean yhdistelm\u00e4n v\u00e4ripaneeleja ja<br \/>\n  Suojaava pinnoite ammattimaiseen korttitulostukseen.<\/p>\n<p>Sopii henkil\u00f6korteille, kulkukorteille, j\u00e4senkorteille ja muille<br \/>\n  muovikortteja, joissa vaaditaan korkeaa tulostuslaatua ja luotettavuutta<br \/>\n  t\u00e4rke\u00e4.<\/p>\n<ul>\n<li>Kapacitet: upp till 350 utskrifter<\/li>\n<li>Nauhan tyyppi: YMCKO<\/li>\n<li>Artikelnummer: M9005-751<\/li>\n<\/ul>\n<p><strong>Kompatibel med Magicard Rio, Magicard Rio 2,<br \/>\n  Magicard Rio 2e, Magicard Tango, Magicard Tango 2, Magicard Tango 2e,<br \/>\n  Magicard Avalon, och Magicard Avalon Duo.<\/strong><\/p>\n<p><strong>Tuotteen paino:<\/strong> 0,19 kg<\/p>","protected":false},"excerpt":{"rendered":"<p>V\u00e4rinauha \u2013 Nauha \u2013 Siirr\u00e4 uudelleen korttitulostimeen ja muovikorttitulostimeen<\/p>","protected":false},"featured_media":143854,"template":"","meta":{"_acf_changed":false},"product_brand":[],"product_cat":[3216,4835,4832],"product_tag":[3182,4863,2921,3069],"class_list":{"0":"post-53699","1":"product","2":"type-product","3":"status-publish","4":"has-post-thumbnail","6":"product_cat-magicard-fargband-retransfer","7":"product_cat-magicard-rio-band","8":"product_cat-magicard-tango-band","9":"product_tag-magicard-tillbehor","10":"product_tag-pf","11":"product_tag-ribbon-ymck-farg","12":"product_tag-trade-produkt","13":"product_shipping_class-tunga-paket","14":"pa_brands-magicard","15":"pa_fargband-kortskrivare-magicard","16":"tm-has-options","18":"first","19":"instock","20":"sale","21":"taxable","22":"shipping-taxable","23":"purchasable","24":"product-type-simple"},"acf":[],"_links":{"self":[{"href":"https:\/\/secureus.se\/fi\/wp-json\/wp\/v2\/product\/53699","targetHints":{"allow":["GET"]}}],"collection":[{"href":"https:\/\/secureus.se\/fi\/wp-json\/wp\/v2\/product"}],"about":[{"href":"https:\/\/secureus.se\/fi\/wp-json\/wp\/v2\/types\/product"}],"wp:featuredmedia":[{"embeddable":true,"href":"https:\/\/secureus.se\/fi\/wp-json\/wp\/v2\/media\/143854"}],"wp:attachment":[{"href":"https:\/\/secureus.se\/fi\/wp-json\/wp\/v2\/media?parent=53699"}],"wp:term":[{"taxonomy":"product_brand","embeddable":true,"href":"https:\/\/secureus.se\/fi\/wp-json\/wp\/v2\/product_brand?post=53699"},{"taxonomy":"product_cat","embeddable":true,"href":"https:\/\/secureus.se\/fi\/wp-json\/wp\/v2\/product_cat?post=53699"},{"taxonomy":"product_tag","embeddable":true,"href":"https:\/\/secureus.se\/fi\/wp-json\/wp\/v2\/product_tag?post=53699"}],"curies":[{"name":"wp","href":"https:\/\/api.w.org\/{rel}","templated":true}]}}