{"id":53705,"date":"2022-06-21T18:02:10","date_gmt":"2022-06-21T16:02:10","guid":{"rendered":"https:\/\/secureus.se\/produkt\/zebra-800033-840-ymcko-colour-ribbon-200-prints\/"},"modified":"2026-05-06T09:58:41","modified_gmt":"2026-05-06T07:58:41","slug":"ribbon-zebra-800033-840-ymcko-colour-ribbon-200-prints","status":"publish","type":"product","link":"https:\/\/secureus.se\/fi\/ribbon-zebra-800033-840-ymcko-colour-ribbon-200-prints\/","title":{"rendered":"Zebra YMCKO -v\u00e4rinauha \u2013 800033-840 (200 tulostetta)"},"content":{"rendered":"<h1>Nauha<br \/>\n  Zebra YMCKO \u2013 800033-840 (200 tulostetta)<\/h1>\n<p>Zebra YMCKO -nauha \u2013 800033-840 (200 tulostetta) on nauha<br \/>\n  muovikorttien tulostamiseen ter\u00e4vill\u00e4 v\u00e4reill\u00e4, selke\u00e4ll\u00e4 tekstill\u00e4 ja hyv\u00e4ll\u00e4<br \/>\n  yksityiskohtien toisto. YMCKO-v\u00e4rinauha tarjoaa oikean yhdistelm\u00e4n v\u00e4ripaneeleja ja<br \/>\n  Suojaava pinnoite ammattimaiseen korttitulostukseen.<\/p>\n<p>Sopii henkil\u00f6korteille, kulkukorteille, j\u00e4senkorteille ja muille<br \/>\n  muovikortteja, joissa vaaditaan korkeaa tulostuslaatua ja luotettavuutta<br \/>\n  t\u00e4rke\u00e4.<\/p>\n<ul>\n<li>Kapasiteetti: jopa 3 tulostetta<\/li>\n<li>Nauhan tyyppi: YMCKO<\/li>\n<li>Tuotenumero: 800033-840<\/li>\n<\/ul>\n<p><strong>Yhteensopiva Zebra ZXP -sarjan kanssa<br \/>\n  3.<\/strong><\/p>\n<p><strong>Tuotteen paino:<\/strong> 0,20 kg<\/p>","protected":false},"excerpt":{"rendered":"<p>V\u00e4rinauha \u2013 Nauha \u2013 Siirr\u00e4 uudelleen korttitulostimeen ja muovikorttitulostimeen<\/p>","protected":false},"featured_media":144672,"template":"","meta":{"_acf_changed":false},"product_brand":[],"product_cat":[3218],"product_tag":[4863,2921,3069,3186],"class_list":{"0":"post-53705","1":"product","2":"type-product","3":"status-publish","4":"has-post-thumbnail","6":"product_cat-zebra-fargband-retransfer","7":"product_tag-pf","8":"product_tag-ribbon-ymck-farg","9":"product_tag-trade-produkt","10":"product_tag-zebra-tillbehor","11":"product_shipping_class-tunga-paket","12":"pa_brands-zebra","13":"pa_fargband-kortskrivare-zebra","14":"tm-has-options","16":"first","17":"instock","18":"sale","19":"taxable","20":"shipping-taxable","21":"purchasable","22":"product-type-simple"},"acf":[],"_links":{"self":[{"href":"https:\/\/secureus.se\/fi\/wp-json\/wp\/v2\/product\/53705","targetHints":{"allow":["GET"]}}],"collection":[{"href":"https:\/\/secureus.se\/fi\/wp-json\/wp\/v2\/product"}],"about":[{"href":"https:\/\/secureus.se\/fi\/wp-json\/wp\/v2\/types\/product"}],"wp:featuredmedia":[{"embeddable":true,"href":"https:\/\/secureus.se\/fi\/wp-json\/wp\/v2\/media\/144672"}],"wp:attachment":[{"href":"https:\/\/secureus.se\/fi\/wp-json\/wp\/v2\/media?parent=53705"}],"wp:term":[{"taxonomy":"product_brand","embeddable":true,"href":"https:\/\/secureus.se\/fi\/wp-json\/wp\/v2\/product_brand?post=53705"},{"taxonomy":"product_cat","embeddable":true,"href":"https:\/\/secureus.se\/fi\/wp-json\/wp\/v2\/product_cat?post=53705"},{"taxonomy":"product_tag","embeddable":true,"href":"https:\/\/secureus.se\/fi\/wp-json\/wp\/v2\/product_tag?post=53705"}],"curies":[{"name":"wp","href":"https:\/\/api.w.org\/{rel}","templated":true}]}}