{"id":53706,"date":"2022-06-21T18:02:04","date_gmt":"2022-06-21T16:02:04","guid":{"rendered":"https:\/\/secureus.se\/produkt\/fargo-hdp5000-ymck-colour-ribbon-084051-500-prints\/"},"modified":"2026-04-23T12:56:05","modified_gmt":"2026-04-23T10:56:05","slug":"ribbon-fargo-hdp5000-ymck-colour-ribbon-084051-500-prints","status":"publish","type":"product","link":"https:\/\/secureus.se\/fi\/ribbon-fargo-hdp5000-ymck-colour-ribbon-084051-500-prints\/","title":{"rendered":"Fargo HDP5000 YMCK -v\u00e4rinauha \u2013 HDP5000 (500 tulostetta)"},"content":{"rendered":"<h1>Nauha<br \/>\n  Fargo HDP5000 YMCK \u2013 HDP5000 (500 tulostetta)<\/h1>\n<p>Fargo HDP5000 YMCK -nauha \u2013 HDP5000 (500 tulostetta) on<br \/>\n  V\u00e4rinauha muovikorttien tulostamiseen ter\u00e4vill\u00e4 v\u00e4reill\u00e4, selke\u00e4ll\u00e4 tekstill\u00e4 ja hyv\u00e4ll\u00e4 laadulla<br \/>\n  yksityiskohtien toisto. YMCK-v\u00e4rinauha tarjoaa oikean v\u00e4ripaneelien yhdistelm\u00e4n yksityiskohtien toistoon.<br \/>\n  ammattimainen korttien painatus.<\/p>\n<p>Sopii henkil\u00f6korteille, kulkukorteille, j\u00e4senkorteille ja muille<br \/>\n  muovikortit, joissa korkea tulostuslaatu ja luotettavuus ovat t\u00e4rkeit\u00e4.<\/p>\n<ul>\n<li>Kapasiteetti: jopa 5 000 tulostetta<\/li>\n<li>Nauhatyyppi: YMCK<\/li>\n<li>Alkuper\u00e4inen tuote<\/li>\n<li>Tuotenumero: 84051<\/li>\n<\/ul>\n<p><strong>Yhteensopiva Fargon kanssa<br \/>\n  HDP5000.<\/strong><\/p>\n<p><strong>Tuotteen paino:<\/strong> 0,26 kg<\/p>","protected":false},"excerpt":{"rendered":"<p>V\u00e4rinauha \u2013 Nauha \u2013 Siirr\u00e4 uudelleen korttitulostimeen ja muovikorttitulostimeen<\/p>","protected":false},"featured_media":144679,"template":"","meta":{"_acf_changed":false},"product_brand":[],"product_cat":[3214,4850],"product_tag":[3201,4863,2921,3069],"class_list":{"0":"post-53706","1":"product","2":"type-product","3":"status-publish","4":"has-post-thumbnail","6":"product_cat-fargo-fargband-retransfer","7":"product_cat-hdp5000-band","8":"product_tag-fargo-tillbehor","9":"product_tag-pf","10":"product_tag-ribbon-ymck-farg","11":"product_tag-trade-produkt","12":"product_shipping_class-tunga-paket","13":"pa_brands-fargo","14":"pa_fargband-kortskrivare-fargo","15":"tm-has-options","17":"first","18":"outofstock","19":"sale","20":"taxable","21":"shipping-taxable","22":"purchasable","23":"product-type-simple"},"acf":[],"_links":{"self":[{"href":"https:\/\/secureus.se\/fi\/wp-json\/wp\/v2\/product\/53706","targetHints":{"allow":["GET"]}}],"collection":[{"href":"https:\/\/secureus.se\/fi\/wp-json\/wp\/v2\/product"}],"about":[{"href":"https:\/\/secureus.se\/fi\/wp-json\/wp\/v2\/types\/product"}],"wp:featuredmedia":[{"embeddable":true,"href":"https:\/\/secureus.se\/fi\/wp-json\/wp\/v2\/media\/144679"}],"wp:attachment":[{"href":"https:\/\/secureus.se\/fi\/wp-json\/wp\/v2\/media?parent=53706"}],"wp:term":[{"taxonomy":"product_brand","embeddable":true,"href":"https:\/\/secureus.se\/fi\/wp-json\/wp\/v2\/product_brand?post=53706"},{"taxonomy":"product_cat","embeddable":true,"href":"https:\/\/secureus.se\/fi\/wp-json\/wp\/v2\/product_cat?post=53706"},{"taxonomy":"product_tag","embeddable":true,"href":"https:\/\/secureus.se\/fi\/wp-json\/wp\/v2\/product_tag?post=53706"}],"curies":[{"name":"wp","href":"https:\/\/api.w.org\/{rel}","templated":true}]}}