{"id":53707,"date":"2022-06-21T18:02:00","date_gmt":"2022-06-21T16:02:00","guid":{"rendered":"https:\/\/secureus.se\/produkt\/fargo-dtc1250-1000-ymcko-colour-ribbon-with-cleaning-roller-045000-250-prints\/"},"modified":"2026-04-08T16:59:56","modified_gmt":"2026-04-08T14:59:56","slug":"ribbon-fargo-dtc1250-1000-ymcko-colour-ribbon-with-cleaning-roller-045000-250-prints","status":"publish","type":"product","link":"https:\/\/secureus.se\/fi\/ribbon-fargo-dtc1250-1000-ymcko-colour-ribbon-with-cleaning-roller-045000-250-prints\/","title":{"rendered":"Fargo \u2013 vikakoodi 1250"},"content":{"rendered":"<h1>Fargo<br \/>\n  &#8211; DTC1250<\/h1>\n<p>Fargo &#8211; DTC1250 \u00e4r ett f\u00e4rgband f\u00f6r utskrift av plastkort med<br \/>\n  skarpa f\u00e4rger, tydlig text och bra detalj\u00e5tergivning. Bandtypen YMCKO ger<br \/>\n  r\u00e4tt kombination av f\u00e4rgpaneler och skyddande overlay f\u00f6r professionella<br \/>\n  kortutskrifter.<\/p>\n<p>Sopii henkil\u00f6korteille, kulkukorteille, j\u00e4senkorteille ja muille<br \/>\n  muovikortteja, joissa vaaditaan korkeaa tulostuslaatua ja luotettavuutta<br \/>\n  t\u00e4rke\u00e4.<\/p>\n<ul>\n<li>Nauhan tyyppi: YMCKO<\/li>\n<li>Inkluderar reng\u00f6ringsrulle<\/li>\n<li>Artikelnummer: 45000<\/li>\n<\/ul>\n<p><strong>Kompatibel med Fargo DTC1000 och DTC1250.<\/strong><\/p>\n<p><strong>Tuotteen paino:<\/strong> 0,23 kg<\/p>","protected":false},"excerpt":{"rendered":"<p>V\u00e4rinauha \u2013 Nauha \u2013 Siirr\u00e4 uudelleen korttitulostimeen ja muovikorttitulostimeen<\/p>","protected":false},"featured_media":144049,"template":"","meta":{"_acf_changed":false},"product_brand":[],"product_cat":[3214,4841,4842],"product_tag":[3201,4863,2921,3069],"class_list":{"0":"post-53707","1":"product","2":"type-product","3":"status-publish","4":"has-post-thumbnail","6":"product_cat-fargo-fargband-retransfer","7":"product_cat-dtc1000-band","8":"product_cat-dtc1250-band","9":"product_tag-fargo-tillbehor","10":"product_tag-pf","11":"product_tag-ribbon-ymck-farg","12":"product_tag-trade-produkt","13":"product_shipping_class-tunga-paket","14":"pa_brands-fargo","15":"pa_fargband-kortskrivare-fargo","16":"tm-has-options","18":"first","19":"instock","20":"sale","21":"taxable","22":"shipping-taxable","23":"purchasable","24":"product-type-simple"},"acf":[],"_links":{"self":[{"href":"https:\/\/secureus.se\/fi\/wp-json\/wp\/v2\/product\/53707","targetHints":{"allow":["GET"]}}],"collection":[{"href":"https:\/\/secureus.se\/fi\/wp-json\/wp\/v2\/product"}],"about":[{"href":"https:\/\/secureus.se\/fi\/wp-json\/wp\/v2\/types\/product"}],"wp:featuredmedia":[{"embeddable":true,"href":"https:\/\/secureus.se\/fi\/wp-json\/wp\/v2\/media\/144049"}],"wp:attachment":[{"href":"https:\/\/secureus.se\/fi\/wp-json\/wp\/v2\/media?parent=53707"}],"wp:term":[{"taxonomy":"product_brand","embeddable":true,"href":"https:\/\/secureus.se\/fi\/wp-json\/wp\/v2\/product_brand?post=53707"},{"taxonomy":"product_cat","embeddable":true,"href":"https:\/\/secureus.se\/fi\/wp-json\/wp\/v2\/product_cat?post=53707"},{"taxonomy":"product_tag","embeddable":true,"href":"https:\/\/secureus.se\/fi\/wp-json\/wp\/v2\/product_tag?post=53707"}],"curies":[{"name":"wp","href":"https:\/\/api.w.org\/{rel}","templated":true}]}}