{"id":53709,"date":"2022-06-21T18:01:47","date_gmt":"2022-06-21T16:01:47","guid":{"rendered":"https:\/\/secureus.se\/produkt\/evolis-r5f008eaa-ymcko-colour-ribbon-300-prints\/"},"modified":"2026-04-23T12:43:56","modified_gmt":"2026-04-23T10:43:56","slug":"ribbon-evolis-r5f008eaa-ymcko-colour-ribbon-300-prints","status":"publish","type":"product","link":"https:\/\/secureus.se\/fi\/ribbon-evolis-r5f008eaa-ymcko-colour-ribbon-300-prints\/","title":{"rendered":"Evolis YMCKO -nauha - 300 (300 tulostetta)"},"content":{"rendered":"<h1>Nauha<br \/>\n  Evolis YMCKO \u2013 300 (300 tulostetta)<\/h1>\n<p>Evolis YMCKO \u2013 300 (300 tulostetta) -mustenauha on tarkoitettu mm.<br \/>\n  muovikorttien tulostaminen ter\u00e4vill\u00e4 v\u00e4reill\u00e4, selke\u00e4ll\u00e4 tekstill\u00e4 ja hyv\u00e4ll\u00e4<br \/>\n  yksityiskohtien toisto. YMCKO-v\u00e4rinauha tarjoaa oikean yhdistelm\u00e4n v\u00e4ripaneeleja ja<br \/>\n  Suojaava pinnoite ammattimaiseen korttitulostukseen.<\/p>\n<p>Sopii henkil\u00f6korteille, kulkukorteille, j\u00e4senkorteille ja muille<br \/>\n  muovikortit, joissa korkea tulostuslaatu ja luotettavuus ovat t\u00e4rkeit\u00e4.<\/p>\n<ul>\n<li>Kapasiteetti: jopa 300 tulostetta<\/li>\n<li>Nauhan tyyppi: YMCKO<\/li>\n<li>Tuotenumero: R5F008EAA<\/li>\n<\/ul>\n<p><strong>Yhteensopiva Evolis R5F008EAA YMCKO Colour -laitteen kanssa<br \/>\n  V\u00e4rinauhalla voi tulostaa jopa 300 korkealaatuista t\u00e4ysv\u00e4rist\u00e4 tulostustulosta. Se on j\u00e4\u00e4t\u00e4.<br \/>\n  sopii pienille ja keskisuurille yrityksille ja organisaatioille, joilla on kysynt\u00e4\u00e4<br \/>\n  Valokuvallisen henkil\u00f6korttitulostuksen. V\u00e4rinauha on yhteensopiva Evolis Primacy -v\u00e4ritulostuksen kanssa.<br \/>\n  tulostimet.<\/strong><\/p>\n<p><strong>Tuotteen paino:<\/strong> 0,25 kg<\/p>","protected":false},"excerpt":{"rendered":"<p>V\u00e4rinauha \u2013 Nauha \u2013 Siirr\u00e4 uudelleen korttitulostimeen ja muovikorttitulostimeen<\/p>","protected":false},"featured_media":144065,"template":"","meta":{"_acf_changed":false},"product_brand":[],"product_cat":[3213,4858],"product_tag":[3181,4863,2921,3069],"class_list":{"0":"post-53709","1":"product","2":"type-product","3":"status-publish","4":"has-post-thumbnail","6":"product_cat-evolis-fargband-retransfer","7":"product_cat-primacy","8":"product_tag-evolis-tillbehor","9":"product_tag-pf","10":"product_tag-ribbon-ymck-farg","11":"product_tag-trade-produkt","12":"product_shipping_class-tunga-paket","13":"pa_brands-evolis","14":"pa_fargband-kortskrivare-evolis","15":"tm-has-options","17":"first","18":"instock","19":"sale","20":"taxable","21":"shipping-taxable","22":"purchasable","23":"product-type-simple"},"acf":[],"_links":{"self":[{"href":"https:\/\/secureus.se\/fi\/wp-json\/wp\/v2\/product\/53709","targetHints":{"allow":["GET"]}}],"collection":[{"href":"https:\/\/secureus.se\/fi\/wp-json\/wp\/v2\/product"}],"about":[{"href":"https:\/\/secureus.se\/fi\/wp-json\/wp\/v2\/types\/product"}],"wp:featuredmedia":[{"embeddable":true,"href":"https:\/\/secureus.se\/fi\/wp-json\/wp\/v2\/media\/144065"}],"wp:attachment":[{"href":"https:\/\/secureus.se\/fi\/wp-json\/wp\/v2\/media?parent=53709"}],"wp:term":[{"taxonomy":"product_brand","embeddable":true,"href":"https:\/\/secureus.se\/fi\/wp-json\/wp\/v2\/product_brand?post=53709"},{"taxonomy":"product_cat","embeddable":true,"href":"https:\/\/secureus.se\/fi\/wp-json\/wp\/v2\/product_cat?post=53709"},{"taxonomy":"product_tag","embeddable":true,"href":"https:\/\/secureus.se\/fi\/wp-json\/wp\/v2\/product_tag?post=53709"}],"curies":[{"name":"wp","href":"https:\/\/api.w.org\/{rel}","templated":true}]}}