{"id":53713,"date":"2022-06-21T16:59:17","date_gmt":"2022-06-21T14:59:17","guid":{"rendered":"https:\/\/secureus.se\/produkt\/zebra-zc10l-large-format-dtc-printer-single-sided\/"},"modified":"2026-04-08T16:32:18","modified_gmt":"2026-04-08T14:32:18","slug":"kortskrivare-zebra-zc10l","status":"publish","type":"product","link":"https:\/\/secureus.se\/fi\/kortskrivare-zebra-zc10l\/","title":{"rendered":"Korttitulostin Zebra ZC10L \u2013 suurikokoinen DTC-tulostin (yksipuolinen)"},"content":{"rendered":"<p><strong>Tehokas ja mukautettava korttitulostus Zebra ZC10L:ll\u00e4:<\/strong> Zebra ZC10L on ainoa henkil\u00f6korttitulostin laatuaan, joka pystyy tuottamaan t\u00e4ysikokoisia, reunasta reunaan ulottuvia v\u00e4rikortteja yhdess\u00e4 tulosteessa.<\/p>\n<p>Se sopii t\u00e4ydellisesti r\u00e4\u00e4t\u00e4l\u00f6ityjen, ylimitoitettujen henkil\u00f6korttien ja VIP-korttien luomiseen kaikentyyppisiin tapahtumiin.<\/p>\n<p>Zebra ZC10L on suunniteltu erityisesti eritt\u00e4in suurten henkil\u00f6korttien luomiseen. Hotelli- ja ravitsemusalan tarpeisiin r\u00e4\u00e4t\u00e4l\u00f6idyll\u00e4 ZC10L:ll\u00e4 voidaan luoda vieraskortteja ja VIP-passeja konferensseihin, festivaaleille, messuille, urheilutapahtumiin ja muihin erikoistapahtumiin.<\/p>\n<p>Festivaalien l\u00e4hestyess\u00e4 t\u00e4st\u00e4 tulostimesta tulee varmasti hitti.<\/p>\n<p>Erinomainen kuvanlaatu<br \/>\nT\u00e4ydellinen majoitus- ja ravintola-alalle sek\u00e4 tapahtumiin<br \/>\nKorttien koko on 140 x 88 mm.<br \/>\n2 vuoden \/ 20 000 kortin valmistajan takuu<\/p>\n<p><strong>Ominaisuudet ja edut:<\/strong><\/p>\n<ul>\n<li><strong>Nopeus:<\/strong> Tulosta t\u00e4ysv\u00e4rikortit vain 18 sekunnissa, mik\u00e4 mahdollistaa suurten m\u00e4\u00e4rien k\u00e4sittelyn lyhyess\u00e4 ajassa.<\/li>\n<li><strong>Laatu:<\/strong> 300 dpi:n resoluutiolla ZC10L tarjoaa poikkeuksellisen kuvanlaadun, t\u00e4ytel\u00e4iset v\u00e4rit ja ter\u00e4v\u00e4n tekstin, mik\u00e4 tekee korteistasi ikimuistoisia muistoesineit\u00e4 vieraille.<\/li>\n<li><strong>Joustavuus:<\/strong> Tulostin pystyy k\u00e4sittelem\u00e4\u00e4n erilaisia korttityyppej\u00e4, mukaan lukien j\u00e4senkortit, kulunvalvontakortit ja tapahtumakortit.<\/li>\n<li><strong>Helppok\u00e4ytt\u00f6isyys:<\/strong> Graafisen k\u00e4ytt\u00f6liittym\u00e4n ja helpon asennuksen ansiosta voit nopeasti aloittaa tulostuksen.<\/li>\n<\/ul>\n<p><strong>Tekniset tiedot:<\/strong><\/p>\n<ul>\n<li><strong>Tulostusnopeus:<\/strong> Jopa 195 korttia tunnissa v\u00e4ritulostukseen.<\/li>\n<li><strong>Kapasiteetti:<\/strong> 200 korttia sy\u00f6tt\u00f6lokerossa ja 70 korttia luovutusalustassa.<\/li>\n<li><strong>Liit\u00e4nn\u00e4t:<\/strong> USB ja Ethernet helppoon integrointiin verkkoon.<\/li>\n<\/ul>\n<p>Zebra ZC10L on innovatiivisen suunnittelunsa ja luotettavan suorituskyvyn ansiosta t\u00e4ydellinen ratkaisu kaikkiin korttitulostustarpeisiisi tapahtumasta tai sovelluksesta riippumatta.<\/p>","protected":false},"excerpt":{"rendered":"<p>Zebra ZC10L Large Format DTC -tulostin on t\u00e4ydellinen ratkaisu r\u00e4\u00e4t\u00e4l\u00f6ityjen ylikokoisten korttien nopeaan tulostamiseen.<\/p>\n<p>T\u00e4m\u00e4 tulostin tuottaa v\u00e4rikk\u00e4it\u00e4 kortteja vain 18 sekunnissa ja on ihanteellinen konferensseihin, festivaaleihin ja tapahtumiin.<\/p>\n<p>Kahden vuoden takuulla ja mahdollisuudella luoda valokuvalaatuisia kortteja ZC10L takaa vieraille ikimuistoisia kokemuksia.<\/p>","protected":false},"featured_media":143754,"template":"","meta":{"_acf_changed":false},"product_brand":[],"product_cat":[3210],"product_tag":[2830,4863,3069,3185],"class_list":{"0":"post-53713","1":"product","2":"type-product","3":"status-publish","4":"has-post-thumbnail","6":"product_cat-zebra","7":"product_tag-kortprinter-direct-to-card","8":"product_tag-pf","9":"product_tag-trade-produkt","10":"product_tag-zebra","11":"product_shipping_class-tunga-paket","12":"pa_brands-zebra","13":"pa_fabrikat-kortskrivare-zebra","14":"tm-no-options","16":"first","17":"outofstock","18":"sale","19":"taxable","20":"shipping-taxable","21":"purchasable","22":"product-type-simple"},"acf":[],"_links":{"self":[{"href":"https:\/\/secureus.se\/fi\/wp-json\/wp\/v2\/product\/53713","targetHints":{"allow":["GET"]}}],"collection":[{"href":"https:\/\/secureus.se\/fi\/wp-json\/wp\/v2\/product"}],"about":[{"href":"https:\/\/secureus.se\/fi\/wp-json\/wp\/v2\/types\/product"}],"wp:featuredmedia":[{"embeddable":true,"href":"https:\/\/secureus.se\/fi\/wp-json\/wp\/v2\/media\/143754"}],"wp:attachment":[{"href":"https:\/\/secureus.se\/fi\/wp-json\/wp\/v2\/media?parent=53713"}],"wp:term":[{"taxonomy":"product_brand","embeddable":true,"href":"https:\/\/secureus.se\/fi\/wp-json\/wp\/v2\/product_brand?post=53713"},{"taxonomy":"product_cat","embeddable":true,"href":"https:\/\/secureus.se\/fi\/wp-json\/wp\/v2\/product_cat?post=53713"},{"taxonomy":"product_tag","embeddable":true,"href":"https:\/\/secureus.se\/fi\/wp-json\/wp\/v2\/product_tag?post=53713"}],"curies":[{"name":"wp","href":"https:\/\/api.w.org\/{rel}","templated":true}]}}