{"id":53715,"date":"2022-06-21T17:59:05","date_gmt":"2022-06-21T15:59:05","guid":{"rendered":"https:\/\/secureus.se\/produkt\/evolis-primacy-2-duplex-expert-id-card-printer-printer-dual-sided\/"},"modified":"2026-04-27T16:02:27","modified_gmt":"2026-04-27T14:02:27","slug":"kortskrivare-evolis-primacy-2-duplex-expert","status":"publish","type":"product","link":"https:\/\/secureus.se\/fi\/kortskrivare-evolis-primacy-2-duplex-expert\/","title":{"rendered":"Evolis Primacy 2 Duplex -asiantuntijakorttitulostin USB\/Ethernet \u2013 (kaksipuolinen)"},"content":{"rendered":"<p data-start=\"1101\" data-end=\"1433\"><strong data-start=\"1101\" data-end=\"1161\">Evolis Primacy 2 Duplex Expert USB\/Ethernet (PM2-0025-E)<\/strong> on tehokas ja tulevaisuuden vaatimukset t\u00e4ytt\u00e4v\u00e4 korttitulostin, joka on kehitetty ammattimaisten muovikorttien nopeaan tuotantoon. Malli toimitetaan <strong data-start=\"1292\" data-end=\"1327\">automaattinen kaksipuolinen tulostus<\/strong>, joten se on ihanteellinen, kun tietoja, suunnittelua tai turvatietoja on tulostettava kortin molemmille puolille.<\/p>\n<p data-start=\"1435\" data-end=\"1478\">Primacy 2 sopii t\u00e4ydellisesti seuraavien tuotantoon:<\/p>\n<ul data-start=\"1480\" data-end=\"1602\">\n<li data-section-id=\"1xne5d6\" data-start=\"1480\" data-end=\"1491\">henkil\u00f6kortti<\/li>\n<li data-section-id=\"1h53p7w\" data-start=\"1492\" data-end=\"1506\">P\u00e4\u00e4sykortti<\/li>\n<li data-section-id=\"15h7qs1\" data-start=\"1507\" data-end=\"1522\">J\u00e4senkortti<\/li>\n<li data-section-id=\"1dxq73m\" data-start=\"1523\" data-end=\"1539\">Henkil\u00f6kuntakortti<\/li>\n<li data-section-id=\"10ernwj\" data-start=\"1540\" data-end=\"1555\">Opiskelijakortti<\/li>\n<li data-section-id=\"1077mn5\" data-start=\"1556\" data-end=\"1571\">Lahjakortit<\/li>\n<li data-section-id=\"1b8gaeo\" data-start=\"1572\" data-end=\"1586\">K\u00e4yntikortti<\/li>\n<li data-section-id=\"1dknp0r\" data-start=\"1587\" data-end=\"1602\">Turvakortti<\/li>\n<\/ul>\n<p data-start=\"1604\" data-end=\"1901\">Tulostin yhdist\u00e4\u00e4 suuren nopeuden eritt\u00e4in hyv\u00e4\u00e4n tulostuslaatuun ja pystyy k\u00e4sittelem\u00e4\u00e4n jopa <strong data-start=\"1692\" data-end=\"1730\">280 v\u00e4rikorttia tunnissa yksipuolisia<\/strong> tai <strong data-start=\"1737\" data-end=\"1776\">170 kaksipuolista v\u00e4rikorttia tunnissa<\/strong>. Suuri kapasiteetti tekee siit\u00e4 t\u00e4ydellisen yrityksille, kouluille, kunnille, kuntosaleille ja organisaatioille, jotka tuottavat kortteja s\u00e4\u00e4nn\u00f6llisesti.<\/p>\n<p data-start=\"1903\" data-end=\"2042\">Kanssa <strong data-start=\"1907\" data-end=\"1927\">USB ja Ethernet<\/strong> Tulostinta voidaan k\u00e4ytt\u00e4\u00e4 sek\u00e4 paikallisesti ett\u00e4 verkossa. Expert-malli tukee my\u00f6s tulevaisuuden vaihtoehtoja, kuten:<\/p>\n<ul data-start=\"2044\" data-end=\"2130\">\n<li data-section-id=\"1d4mpc1\" data-start=\"2044\" data-end=\"2068\">Magneettiraitakooderi<\/li>\n<li data-section-id=\"12uqnei\" data-start=\"2069\" data-end=\"2084\">Yhteystiedot siru<\/li>\n<li data-section-id=\"17k14j2\" data-start=\"2085\" data-end=\"2108\">RFID \/ MIFARE \/ NFC<\/li>\n<li data-section-id=\"v5xb5o\" data-start=\"2109\" data-end=\"2130\">\u00c4lykorttiratkaisut<\/li>\n<\/ul>\n<p data-start=\"2132\" data-end=\"2243\">Primacy 2 k\u00e4ytt\u00e4\u00e4 Evolis High Trust -nauhoja ja tukee sek\u00e4 v\u00e4rillisi\u00e4, mustavalkoisia, erikoisv\u00e4risi\u00e4 ett\u00e4 turvanauhoja.<\/p>\n<p data-start=\"2245\" data-end=\"2360\">Lis\u00e4kest\u00e4vyyden ja turvallisuuden takaamiseksi tulostinta voidaan k\u00e4ytt\u00e4\u00e4 my\u00f6s <strong data-start=\"2311\" data-end=\"2331\">laminointimoduuli<\/strong> (valinnainen), joka mahdollistaa:<\/p>\n<ul data-start=\"2362\" data-end=\"2473\">\n<li data-section-id=\"h1jzql\" data-start=\"2362\" data-end=\"2385\">Kirkas paikkalaminaatti<\/li>\n<li data-section-id=\"lq90rr\" data-start=\"2386\" data-end=\"2406\">Holografinen laminaatti<\/li>\n<li data-section-id=\"jk0fp9\" data-start=\"2407\" data-end=\"2426\">\u00c4lyk\u00e4s leikkauslaastari<\/li>\n<li data-section-id=\"40slyx\" data-start=\"2427\" data-end=\"2453\">Magneettiraidallinen merkki<\/li>\n<li data-section-id=\"1nup2h5\" data-start=\"2454\" data-end=\"2473\">UV-suojakerros<\/li>\n<\/ul>\n<p data-start=\"2475\" data-end=\"2551\">T\u00e4m\u00e4 sopii t\u00e4ydellisesti p\u00e4ivitt\u00e4in k\u00e4ytett\u00e4ville korteille, jotka tarvitsevat pidemm\u00e4n k\u00e4ytt\u00f6i\u00e4n.<\/p>\n<h3 data-section-id=\"1q2oa7r\" data-start=\"825\" data-end=\"863\">Turvallinen sijoitus pitk\u00e4ll\u00e4 takuulla<\/h3>\n<p data-start=\"865\" data-end=\"1184\">Evolis Primacy 2 on suunniteltu p\u00e4ivitt\u00e4iseen ammattik\u00e4ytt\u00f6\u00f6n ja siin\u00e4 on <strong data-start=\"945\" data-end=\"975\">3 vuoden takuu tulostimelle<\/strong>. Alkuper\u00e4inen tulostusp\u00e4\u00e4 kuuluu my\u00f6s valmistajan takuun piiriin k\u00e4ytett\u00e4ess\u00e4 suositeltuja tarvikkeita. T\u00e4m\u00e4 tarjoaa lis\u00e4\u00e4 mielenrauhaa yrityksille ja organisaatioille, jotka haluavat investoida pitk\u00e4ll\u00e4 aikav\u00e4lill\u00e4.<\/p>\n<h3 data-section-id=\"17iwr2j\" data-start=\"2553\" data-end=\"2569\">T\u00e4m\u00e4 sis\u00e4lt\u00e4\u00e4:<\/h3>\n<ul data-start=\"2571\" data-end=\"2753\">\n<li data-section-id=\"mtsbn4\" data-start=\"2571\" data-end=\"2614\">Evolis Primacy 2 Duplex Expert -tulostin<\/li>\n<li data-section-id=\"10hnbp3\" data-start=\"2615\" data-end=\"2645\">CardPresso XXS -ohjelmisto<\/li>\n<li data-section-id=\"5oyvs0\" data-start=\"2646\" data-end=\"2659\">USB-kaapeli<\/li>\n<li data-section-id=\"h8aub5\" data-start=\"2660\" data-end=\"2676\">Virtasovitin<\/li>\n<li data-section-id=\"32z7gn\" data-start=\"2677\" data-end=\"2691\">Virtajohto<\/li>\n<li data-section-id=\"1nsqkmb\" data-start=\"2692\" data-end=\"2710\">Tulostelokero<\/li>\n<li data-section-id=\"1dayqsa\" data-start=\"2711\" data-end=\"2734\">Aloituspuhdistussarja<\/li>\n<li data-section-id=\"f6ydi5\" data-start=\"2735\" data-end=\"2753\">Pika-aloitusopas<\/li>\n<li data-section-id=\"f6ydi5\" data-start=\"2735\" data-end=\"2753\">3 vuoden takuu<\/li>\n<\/ul>\n<h3 data-section-id=\"r5xq56\" data-start=\"2755\" data-end=\"2796\">Miksi valita Primacy 2 Duplex Expert?<\/h3>\n<p data-start=\"2798\" data-end=\"2972\">Jos etsit nopeaa, luotettavaa ja ammattimaista kaksipuolista korttitulostinta, jossa on verkkoyhteydet, suuri kapasiteetti ja mahdollisuus laajentaa toimintoja, t\u00e4m\u00e4 on eritt\u00e4in vahva valinta.<\/p>","protected":false},"excerpt":{"rendered":"<p data-start=\"188\" data-end=\"456\"><strong data-start=\"188\" data-end=\"235\">Evolis Primacy 2 Duplex Expert (PM2-0025-E)<\/strong> on nopea ja ammattimainen kaksipuolinen korttitulostin henkil\u00f6korteille, kulkukorteille ja j\u00e4senkorteille. USB:n, Ethernetin, suuren kapasiteetin ja tulevaisuuden vaihtoehtojen tuen ansiosta se sopii t\u00e4ydellisesti yrityksille ja organisaatioille, joilla on korkeat vaatimukset.<\/p>\n<ul data-start=\"458\" data-end=\"738\">\n<li data-section-id=\"1o8dnau\" data-start=\"458\" data-end=\"493\">Automaattinen kaksipuolinen tulostus<\/li>\n<li data-section-id=\"142d0jd\" data-start=\"494\" data-end=\"514\">USB ja Ethernet<\/li>\n<li data-section-id=\"ni5882\" data-start=\"515\" data-end=\"554\">Jopa 280 korttia tunnissa yksipuolinen<\/li>\n<li data-section-id=\"1wvq07x\" data-start=\"555\" data-end=\"599\">Jopa 170 kaksipuolista v\u00e4rikorttia tunnissa<\/li>\n<li data-section-id=\"3f6sja\" data-start=\"600\" data-end=\"652\">Valinnainen magneettiraita-, siru- ja RFID-tuki<\/li>\n<li data-section-id=\"1fe6spb\" data-start=\"653\" data-end=\"674\">Mukana oleva ohjelmisto<\/li>\n<li data-section-id=\"jxxmu1\" data-start=\"675\" data-end=\"696\">3 vuoden takuu<\/li>\n<li data-section-id=\"1unq91f\" data-start=\"697\" data-end=\"738\">Valmistajan osanumero: PM2-0025-E<\/li>\n<\/ul>","protected":false},"featured_media":144703,"template":"","meta":{"_acf_changed":false},"product_brand":[],"product_cat":[3205],"product_tag":[2830,3172,3176,4863,3069],"class_list":{"0":"post-53715","1":"product","2":"type-product","3":"status-publish","4":"has-post-thumbnail","6":"product_cat-evolis","7":"product_tag-kortprinter-direct-to-card","8":"product_tag-dubbelsidig-dual-side","9":"product_tag-evolis","10":"product_tag-pf","11":"product_tag-trade-produkt","12":"product_shipping_class-tunga-paket","13":"tm-no-options","15":"first","16":"instock","17":"sale","18":"taxable","19":"shipping-taxable","20":"purchasable","21":"product-type-simple"},"acf":[],"_links":{"self":[{"href":"https:\/\/secureus.se\/fi\/wp-json\/wp\/v2\/product\/53715","targetHints":{"allow":["GET"]}}],"collection":[{"href":"https:\/\/secureus.se\/fi\/wp-json\/wp\/v2\/product"}],"about":[{"href":"https:\/\/secureus.se\/fi\/wp-json\/wp\/v2\/types\/product"}],"wp:featuredmedia":[{"embeddable":true,"href":"https:\/\/secureus.se\/fi\/wp-json\/wp\/v2\/media\/144703"}],"wp:attachment":[{"href":"https:\/\/secureus.se\/fi\/wp-json\/wp\/v2\/media?parent=53715"}],"wp:term":[{"taxonomy":"product_brand","embeddable":true,"href":"https:\/\/secureus.se\/fi\/wp-json\/wp\/v2\/product_brand?post=53715"},{"taxonomy":"product_cat","embeddable":true,"href":"https:\/\/secureus.se\/fi\/wp-json\/wp\/v2\/product_cat?post=53715"},{"taxonomy":"product_tag","embeddable":true,"href":"https:\/\/secureus.se\/fi\/wp-json\/wp\/v2\/product_tag?post=53715"}],"curies":[{"name":"wp","href":"https:\/\/api.w.org\/{rel}","templated":true}]}}