{"id":53716,"date":"2022-06-21T16:58:59","date_gmt":"2022-06-21T14:58:59","guid":{"rendered":"https:\/\/secureus.se\/produkt\/evolis-primacy-2-simplex-wireless-id-card-printer-single-sided\/"},"modified":"2026-01-29T12:00:16","modified_gmt":"2026-01-29T11:00:16","slug":"kortskrivare-evolis-primacy-2-simplex-wireless","status":"publish","type":"product","link":"https:\/\/secureus.se\/fi\/kortskrivare-evolis-primacy-2-simplex-wireless\/","title":{"rendered":"Korttitulostin Evolis Primacy 2 Simplex Wireless \u2013 henkil\u00f6korttitulostin"},"content":{"rendered":"<p><strong>Tehokas henkil\u00f6korttitulostus Evolis Primacy 2:lla:<\/strong> Evolis Primacy 2 Simplex langaton henkil\u00f6korttitulostin on suunniteltu tuottamaan nopeaa ja korkealaatuista henkil\u00f6korttitulostusta.<\/p>\n<p>Langattoman moduulin avulla k\u00e4ytt\u00e4j\u00e4t voivat helposti tulostaa kortteja ilman verkkoyhteytt\u00e4, mik\u00e4 tarjoaa suurta joustavuutta.<\/p>\n<p><strong>Ominaisuudet ja edut:<\/strong><\/p>\n<ul>\n<li><strong>Langaton tulostus:<\/strong> Varustettu Wi-Fi-toiminnolla k\u00e4tev\u00e4\u00e4n tulostukseen ilman kaapeleita.<\/li>\n<li><strong>Nopeus:<\/strong> Tulosta v\u00e4rikortit vain 13 sekunnissa, joten se sopii erinomaisesti vaativiin tapahtumiin ja yrityksiin.<\/li>\n<li><strong>Turvallisuus:<\/strong> Kolmen vuoden takuu varmistaa, ett\u00e4 saat tukea ja turvallisuutta sijoituksellesi.<\/li>\n<li><strong>K\u00e4ytt\u00e4j\u00e4yst\u00e4v\u00e4llinen:<\/strong> Mukana EasyBadge Lite -ohjelmisto helpottaa korttien suunnittelua.<\/li>\n<\/ul>\n<p><strong>Tekniset tiedot:<\/strong><\/p>\n<ul>\n<li><strong>Tulostusnopeus:<\/strong> Jopa 200 korttia tunnissa (v\u00e4ritulostus, yksipuolinen).<\/li>\n<li><strong>Kapasiteetti:<\/strong> 100 korttia sy\u00f6tt\u00f6lokerossa ja 50 korttia luovutusalustassa.<\/li>\n<li><strong>Kortin tyyppi:<\/strong> ISO 7810 formaatti, CR80, ID-1 koko, yhteensopiva PVC:n, PET:n ja PC-kortin kanssa.<\/li>\n<li><strong>Liit\u00e4nn\u00e4t:<\/strong> USB ja Ethernet.<\/li>\n<\/ul>\n<p>Evolis Primacy 2 Simplex Wireless on t\u00e4ydellinen ratkaisu yrityksille, jotka etsiv\u00e4t tehokasta ja luotettavaa henkil\u00f6korttitulostusta. Nopeuden ja laadun ansiosta t\u00e4m\u00e4 on tulostin, johon voit luottaa.<\/p>","protected":false},"excerpt":{"rendered":"<p>Evolis Primacy 2 Simplex Wireless on eritt\u00e4in suorituskykyinen henkil\u00f6korttitulostin, jossa on langattomat toiminnot.<\/p>\n<p>Se tarjoaa nopean v\u00e4rikorttitulostuksen vain 13 sekunnissa, ja sill\u00e4 on kolmen vuoden takuu.<\/p>\n<p>Ilmainen EasyBadge Lite -ohjelmisto, jonka arvo on 80 puntaa, on ihanteellinen ratkaisu yrityksille, jotka etsiv\u00e4t tehokkuutta ja laatua korttituotannossaan.<\/p>","protected":false},"featured_media":144715,"template":"","meta":{"_acf_changed":false},"product_brand":[],"product_cat":[3205],"product_tag":[2830,3176,4863,3069],"class_list":{"0":"post-53716","1":"product","2":"type-product","3":"status-publish","4":"has-post-thumbnail","6":"product_cat-evolis","7":"product_tag-kortprinter-direct-to-card","8":"product_tag-evolis","9":"product_tag-pf","10":"product_tag-trade-produkt","11":"product_shipping_class-tunga-paket","12":"pa_brands-evolis","13":"pa_fabrikat-kortskrivare-evolis","14":"tm-no-options","16":"first","17":"outofstock","18":"sale","19":"taxable","20":"shipping-taxable","21":"purchasable","22":"product-type-simple"},"acf":[],"_links":{"self":[{"href":"https:\/\/secureus.se\/fi\/wp-json\/wp\/v2\/product\/53716","targetHints":{"allow":["GET"]}}],"collection":[{"href":"https:\/\/secureus.se\/fi\/wp-json\/wp\/v2\/product"}],"about":[{"href":"https:\/\/secureus.se\/fi\/wp-json\/wp\/v2\/types\/product"}],"wp:featuredmedia":[{"embeddable":true,"href":"https:\/\/secureus.se\/fi\/wp-json\/wp\/v2\/media\/144715"}],"wp:attachment":[{"href":"https:\/\/secureus.se\/fi\/wp-json\/wp\/v2\/media?parent=53716"}],"wp:term":[{"taxonomy":"product_brand","embeddable":true,"href":"https:\/\/secureus.se\/fi\/wp-json\/wp\/v2\/product_brand?post=53716"},{"taxonomy":"product_cat","embeddable":true,"href":"https:\/\/secureus.se\/fi\/wp-json\/wp\/v2\/product_cat?post=53716"},{"taxonomy":"product_tag","embeddable":true,"href":"https:\/\/secureus.se\/fi\/wp-json\/wp\/v2\/product_tag?post=53716"}],"curies":[{"name":"wp","href":"https:\/\/api.w.org\/{rel}","templated":true}]}}