{"id":53731,"date":"2022-06-21T16:57:46","date_gmt":"2022-06-21T14:57:46","guid":{"rendered":"https:\/\/secureus.se\/produkt\/zebra-zxp-series-9-retransfer-plastic-card-printer-single-sided\/"},"modified":"2025-08-15T23:00:19","modified_gmt":"2025-08-15T21:00:19","slug":"kortskrivare-zebra-zxp-series-9","status":"publish","type":"product","link":"https:\/\/secureus.se\/fi\/kortskrivare-zebra-zxp-series-9\/","title":{"rendered":"Korttitulostin Zebra ZXP Series 9 - Retransfer ID Card Printer (yksipuolinen)"},"content":{"rendered":"<p><strong>Laadukas ja turvallinen henkil\u00f6korttitulostus Zebra ZXP Series 9:ll\u00e4:<\/strong> Zebra ZXP Series 9 Retransfer ID Card -tulostin on suunniteltu vastaamaan yritysten tarpeisiin, jotka vaativat korkeaa turvallisuutta ja luotettavuutta.<\/p>\n<p>Uudelleensiirtoteknologiansa ansiosta se voi tuottaa kest\u00e4vi\u00e4 ja t\u00e4ysin peitettyj\u00e4 kortteja erinomaisella kuvanlaadulla.<\/p>\n<p><strong>Ominaisuudet ja edut:<\/strong><\/p>\n<ul>\n<li><strong>Nopeus:<\/strong> Tulostin voi tuottaa jopa 190 v\u00e4rikorttia tunnissa, mik\u00e4 tekee siit\u00e4 t\u00e4ydellisen suurille tulostusm\u00e4\u00e4rille.<\/li>\n<li><strong>Laminointitekniikka:<\/strong> Ainutlaatuinen j\u00e4tteet\u00f6n laminointitekniikka minimoi j\u00e4tteen ja kustannukset tehden siit\u00e4 ymp\u00e4rist\u00f6yst\u00e4v\u00e4llisemm\u00e4n ja taloudellisemman.<\/li>\n<li><strong>Joustavuus:<\/strong> Saatavana yksi- ja kaksipuolisena tulostimena erilaisiin tarpeisiin.<\/li>\n<li><strong>Korkea turvallisuus:<\/strong> Parannetut suojaominaisuudet suojaavat v\u00e4\u00e4renn\u00f6ksilt\u00e4 ja luvattomalta k\u00e4yt\u00f6lt\u00e4.<\/li>\n<\/ul>\n<p><strong>Tekniset tiedot:<\/strong><\/p>\n<ul>\n<li><strong>Tulostusnopeus:<\/strong> Jopa 190 korttia tunnissa (v\u00e4ritulostus, yksipuolinen).<\/li>\n<li><strong>Kapasiteetti:<\/strong> 150 korttia sy\u00f6tt\u00f6lokerossa ja 100 korttia luovutusalustassa.<\/li>\n<li><strong>Kortin tyyppi:<\/strong> ISO 7810 formaatti, CR80, ID-1 koko, yhteensopiva PVC:n, PET:n ja PC-kortin kanssa.<\/li>\n<li><strong>Liit\u00e4nn\u00e4t:<\/strong> USB ja Ethernet helppoon integrointiin verkkoon.<\/li>\n<\/ul>\n<p>Zebra ZXP Series 9 on t\u00e4ydellinen ratkaisu organisaatioille, jotka etsiv\u00e4t luotettavaa ja tehokasta henkil\u00f6korttitulostusta korkealla turvallisuudella ja laadulla.<\/p>","protected":false},"excerpt":{"rendered":"<p>Zebra ZXP Series 9 Retransfer ID-korttitulostin on suunniteltu yrityksille, jotka vaativat korkeaa turvallisuutta ja korkealaatuisia tulosteita.<\/p>\n<p>Se tarjoaa henkil\u00f6korttien nopean tulostuksen jopa 190 kortin nopeudella tunnissa ja sis\u00e4lt\u00e4\u00e4 ainutlaatuisen j\u00e4tteet\u00f6n laminointiteknologian.<\/p>\n<p>EasyBadge Lite -ohjelmiston ilmaisella versiolla t\u00e4m\u00e4 on kustannustehokas ratkaisu kaikkiin korttitulostustarpeisiisi.<\/p>","protected":false},"featured_media":144320,"template":"","meta":{"_acf_changed":false},"product_brand":[],"product_cat":[3210],"product_tag":[3173,2831,3069,3185],"class_list":{"0":"post-53731","1":"product","2":"type-product","3":"status-publish","4":"has-post-thumbnail","6":"product_cat-zebra","7":"product_tag-enkelsidig-single-side","8":"product_tag-kortprinter-retransfer","9":"product_tag-trade-produkt","10":"product_tag-zebra","11":"product_shipping_class-tunga-paket","12":"pa_brands-zebra","13":"pa_fabrikat-kortskrivare-zebra","14":"tm-no-options","16":"first","17":"outofstock","18":"sale","19":"taxable","20":"shipping-taxable","21":"purchasable","22":"product-type-simple"},"acf":[],"_links":{"self":[{"href":"https:\/\/secureus.se\/fi\/wp-json\/wp\/v2\/product\/53731","targetHints":{"allow":["GET"]}}],"collection":[{"href":"https:\/\/secureus.se\/fi\/wp-json\/wp\/v2\/product"}],"about":[{"href":"https:\/\/secureus.se\/fi\/wp-json\/wp\/v2\/types\/product"}],"wp:featuredmedia":[{"embeddable":true,"href":"https:\/\/secureus.se\/fi\/wp-json\/wp\/v2\/media\/144320"}],"wp:attachment":[{"href":"https:\/\/secureus.se\/fi\/wp-json\/wp\/v2\/media?parent=53731"}],"wp:term":[{"taxonomy":"product_brand","embeddable":true,"href":"https:\/\/secureus.se\/fi\/wp-json\/wp\/v2\/product_brand?post=53731"},{"taxonomy":"product_cat","embeddable":true,"href":"https:\/\/secureus.se\/fi\/wp-json\/wp\/v2\/product_cat?post=53731"},{"taxonomy":"product_tag","embeddable":true,"href":"https:\/\/secureus.se\/fi\/wp-json\/wp\/v2\/product_tag?post=53731"}],"curies":[{"name":"wp","href":"https:\/\/api.w.org\/{rel}","templated":true}]}}