{"id":53732,"date":"2022-06-21T16:57:35","date_gmt":"2022-06-21T14:57:35","guid":{"rendered":"https:\/\/secureus.se\/produkt\/zebra-zxp-series-9-retransfer-plastic-card-printer-dual-sided\/"},"modified":"2025-08-15T22:54:34","modified_gmt":"2025-08-15T20:54:34","slug":"kortskrivare-zebra-zxp-series-9-duplex","status":"publish","type":"product","link":"https:\/\/secureus.se\/fi\/kortskrivare-zebra-zxp-series-9-duplex\/","title":{"rendered":"Korttitulostin Zebra ZXP Series 9 - Retransfer ID Card Printer (kaksipuolinen)"},"content":{"rendered":"<p><strong>Turvallinen ja tehokas henkil\u00f6korttitulostus Zebra ZXP Series 9:ll\u00e4:<\/strong> Zebra ZXP Series 9 on edistynyt uudelleensiirtokorttitulostin, joka sopii erinomaisesti yrityksille, jotka vaativat korkeaa turvallisuutta ja luotettavuutta.<\/p>\n<p>Valokuvamaisten korttien ja nopean tulostusnopeuden ansiosta t\u00e4m\u00e4 tulostin on erinomainen ratkaisu henkil\u00f6korteille ja turvakorteille.<\/p>\n<p><strong>Ominaisuudet ja edut:<\/strong><\/p>\n<ul>\n<li><strong>Suuri nopeus:<\/strong> Voi tulostaa jopa 190 v\u00e4rikorttia tunnissa, joten se on ihanteellinen suurille tulostusm\u00e4\u00e4rille.<\/li>\n<li><strong>Uudelleensiirtotekniikka:<\/strong> Tuottaa kest\u00e4vi\u00e4 ja t\u00e4ysin peitettyj\u00e4 kortteja erinomaisella kuvanlaadulla, mik\u00e4 v\u00e4hent\u00e4\u00e4 v\u00e4\u00e4renn\u00f6sten riski\u00e4.<\/li>\n<li><strong>J\u00e4tet\u00f6n laminointi:<\/strong> Ainutlaatuinen laminointitekniikka minimoi j\u00e4tteen ja kustannukset tehden siit\u00e4 ymp\u00e4rist\u00f6yst\u00e4v\u00e4llisemm\u00e4n ja taloudellisemman.<\/li>\n<li><strong>Joustavuus:<\/strong> Saatavana sek\u00e4 yksi- ett\u00e4 kaksipuolisena vaihtoehtona erilaisiin tarpeisiin.<\/li>\n<\/ul>\n<p><strong>Tekniset tiedot:<\/strong><\/p>\n<ul>\n<li><strong>Tulostusnopeus:<\/strong> Jopa 190 korttia tunnissa (v\u00e4ritulostus, kaksipuolinen).<\/li>\n<li><strong>Kapasiteetti:<\/strong> 150 korttia sy\u00f6tt\u00f6lokerossa ja 100 korttia luovutusalustassa.<\/li>\n<li><strong>Kortin tyyppi:<\/strong> ISO 7810 formaatti, CR80, ID-1 koko, yhteensopiva PVC:n, PET:n ja PC-kortin kanssa.<\/li>\n<li><strong>Liit\u00e4nn\u00e4t:<\/strong> USB ja Ethernet, valinnainen Wi-Fi-toiminto.<\/li>\n<\/ul>\n<p>Zebra ZXP Series 9 on luotettava ja tehokas ratkaisu organisaatioille, jotka etsiv\u00e4t korkealaatuista henkil\u00f6korttitulostusratkaisua turvallisuuteen ja nopeuteen keskittyen.<\/p>","protected":false},"excerpt":{"rendered":"<p>Zebra ZXP Series 9 Retransfer ID-korttitulostin on suunniteltu yrityksille, jotka vaativat korkeaa turvallisuutta ja nopeaa tulostusta.<\/p>\n<p>T\u00e4m\u00e4 tulostin pystyy tuottamaan t\u00e4ysv\u00e4rikortteja jopa 190 kortin nopeudella tunnissa, ja se tarjoaa poikkeuksellisen tulostuslaadun ja kest\u00e4vyyden.<\/p>\n<p>Ainutlaatuinen j\u00e4tteet\u00f6n laminointitekniikka tarjoaa kustannustehokkaan ratkaisun kaikkeen henkil\u00f6korttitulostukseen.<\/p>","protected":false},"featured_media":144755,"template":"","meta":{"_acf_changed":false},"product_brand":[],"product_cat":[3210],"product_tag":[3172,2831,3069,3185],"class_list":{"0":"post-53732","1":"product","2":"type-product","3":"status-publish","4":"has-post-thumbnail","6":"product_cat-zebra","7":"product_tag-dubbelsidig-dual-side","8":"product_tag-kortprinter-retransfer","9":"product_tag-trade-produkt","10":"product_tag-zebra","11":"product_shipping_class-tunga-paket","12":"pa_brands-zebra","13":"pa_fabrikat-kortskrivare-zebra","14":"tm-no-options","16":"first","17":"outofstock","18":"sale","19":"taxable","20":"shipping-taxable","21":"purchasable","22":"product-type-simple"},"acf":[],"_links":{"self":[{"href":"https:\/\/secureus.se\/fi\/wp-json\/wp\/v2\/product\/53732","targetHints":{"allow":["GET"]}}],"collection":[{"href":"https:\/\/secureus.se\/fi\/wp-json\/wp\/v2\/product"}],"about":[{"href":"https:\/\/secureus.se\/fi\/wp-json\/wp\/v2\/types\/product"}],"wp:featuredmedia":[{"embeddable":true,"href":"https:\/\/secureus.se\/fi\/wp-json\/wp\/v2\/media\/144755"}],"wp:attachment":[{"href":"https:\/\/secureus.se\/fi\/wp-json\/wp\/v2\/media?parent=53732"}],"wp:term":[{"taxonomy":"product_brand","embeddable":true,"href":"https:\/\/secureus.se\/fi\/wp-json\/wp\/v2\/product_brand?post=53732"},{"taxonomy":"product_cat","embeddable":true,"href":"https:\/\/secureus.se\/fi\/wp-json\/wp\/v2\/product_cat?post=53732"},{"taxonomy":"product_tag","embeddable":true,"href":"https:\/\/secureus.se\/fi\/wp-json\/wp\/v2\/product_tag?post=53732"}],"curies":[{"name":"wp","href":"https:\/\/api.w.org\/{rel}","templated":true}]}}