{"id":53733,"date":"2022-06-21T16:57:28","date_gmt":"2022-06-21T14:57:28","guid":{"rendered":"https:\/\/secureus.se\/produkt\/fargo-hdp6600-retransfer-plastic-card-printer-single-sided\/"},"modified":"2026-04-08T16:27:36","modified_gmt":"2026-04-08T14:27:36","slug":"kortskrivare-fargo-hdp6600","status":"publish","type":"product","link":"https:\/\/secureus.se\/fi\/kortskrivare-fargo-hdp6600\/","title":{"rendered":"Korttitulostin Fargo HDP6600 - Uudelleensiirto ID-korttitulostin (yksipuolinen)"},"content":{"rendered":"<p><strong>Tehokas ja laadukas henkil\u00f6korttitulostus Fargo HDP6600:lla:<\/strong> Fargo HDP6600 on johtava uudelleensiirtokorttitulostin, jossa yhdistyv\u00e4t kuusi sukupolvea todistettua tekniikkaa lukuisiin innovatiivisiin ominaisuuksiin.<\/p>\n<p>Se tarjoaa vertaansa vailla olevan tehokkuuden ja luotettavuuden, joten se on ilmeinen valinta yrityksille, jotka tarvitsevat nopeaa ja turvallista henkil\u00f6korttitulostusta.<\/p>\n<p><strong>Ominaisuudet ja edut:<\/strong><\/p>\n<ul>\n<li><strong>Pikatulostus:<\/strong> Ensimm\u00e4inen kortti on valmis alle 60 sekunnissa, mik\u00e4 tekee siit\u00e4 ihanteellisen suuren volyymin tuotantoon.<\/li>\n<li><strong>Verraton tulostuslaatu:<\/strong> 600 dpi:n HDP6600 tarjoaa ter\u00e4vi\u00e4 kuvia ja korkealaatuista teksti\u00e4.<\/li>\n<li><strong>Kest\u00e4vyys:<\/strong> Retransfer-tekniikka varmistaa, ett\u00e4 kortit ovat t\u00e4ysin peitettyin\u00e4, mik\u00e4 tekee niist\u00e4 kest\u00e4v\u00e4mpi\u00e4.<\/li>\n<li><strong>Kustannustehokas:<\/strong> Ainutlaatuinen laminointitekniikka minimoi hukkaa ja alentaa materiaalikustannuksia.<\/li>\n<\/ul>\n<p><strong>Tekniset tiedot:<\/strong><\/p>\n<ul>\n<li><strong>Tulostusnopeus:<\/strong> Jopa 230 korttia tunnissa (v\u00e4ritulostus, yksipuolinen).<\/li>\n<li><strong>Kapasiteetti:<\/strong> 100 korttia sy\u00f6tt\u00f6lokerossa ja 200 korttia luovutusalustassa.<\/li>\n<li><strong>Kortin tyyppi:<\/strong> ISO 7810 formaatti, CR80, ID-1 koko, yhteensopiva PVC:n, PET:n ja PC-kortin kanssa.<\/li>\n<li><strong>Liit\u00e4nn\u00e4t:<\/strong> USB 2.0 ja Ethernet.<\/li>\n<\/ul>\n<p>Kolmen vuoden takuunsa ja kest\u00e4v\u00e4n rakenteensa ansiosta Fargo HDP6600 on luotettava ja tehokas ratkaisu kaikkiin henkil\u00f6korttitulostustarpeisiisi.<\/p>","protected":false},"excerpt":{"rendered":"<p>Fargo HDP6600 Retransfer ID Card Printer on markkinoiden edistyksellisin tulostin, joka on suunniteltu tuottamaan korkealaatuisia henkil\u00f6kortteja nopeasti ja tehokkaasti.<\/p>\n<p>Alle 60 sekunnin tulostusaika korttia kohden ja kolmen vuoden takuu tekev\u00e4t siit\u00e4 t\u00e4ydellisen yrityksille, jotka vaativat sek\u00e4 nopeutta ett\u00e4 laatua.<\/p>\n<p>Tulostin pystyy k\u00e4sittelem\u00e4\u00e4n helposti kaikkea p\u00e4\u00e4sykorteista lomakekortteihin.<\/p>","protected":false},"featured_media":144102,"template":"","meta":{"_acf_changed":false},"product_brand":[],"product_cat":[3206],"product_tag":[2830,3177,4863,2831,3069],"class_list":{"0":"post-53733","1":"product","2":"type-product","3":"status-publish","4":"has-post-thumbnail","6":"product_cat-fargo","7":"product_tag-kortprinter-direct-to-card","8":"product_tag-fargo","9":"product_tag-pf","10":"product_tag-kortprinter-retransfer","11":"product_tag-trade-produkt","12":"product_shipping_class-tunga-paket","13":"pa_brands-fargo","14":"pa_fabrikat-kortskrivare-fargo","15":"tm-no-options","17":"first","18":"instock","19":"sale","20":"taxable","21":"shipping-taxable","22":"purchasable","23":"product-type-simple"},"acf":[],"_links":{"self":[{"href":"https:\/\/secureus.se\/fi\/wp-json\/wp\/v2\/product\/53733","targetHints":{"allow":["GET"]}}],"collection":[{"href":"https:\/\/secureus.se\/fi\/wp-json\/wp\/v2\/product"}],"about":[{"href":"https:\/\/secureus.se\/fi\/wp-json\/wp\/v2\/types\/product"}],"wp:featuredmedia":[{"embeddable":true,"href":"https:\/\/secureus.se\/fi\/wp-json\/wp\/v2\/media\/144102"}],"wp:attachment":[{"href":"https:\/\/secureus.se\/fi\/wp-json\/wp\/v2\/media?parent=53733"}],"wp:term":[{"taxonomy":"product_brand","embeddable":true,"href":"https:\/\/secureus.se\/fi\/wp-json\/wp\/v2\/product_brand?post=53733"},{"taxonomy":"product_cat","embeddable":true,"href":"https:\/\/secureus.se\/fi\/wp-json\/wp\/v2\/product_cat?post=53733"},{"taxonomy":"product_tag","embeddable":true,"href":"https:\/\/secureus.se\/fi\/wp-json\/wp\/v2\/product_tag?post=53733"}],"curies":[{"name":"wp","href":"https:\/\/api.w.org\/{rel}","templated":true}]}}