{"id":53734,"date":"2022-06-21T16:57:25","date_gmt":"2022-06-21T14:57:25","guid":{"rendered":"https:\/\/secureus.se\/produkt\/magicard-prima-801-uno-retransfer-id-card-printer-single-sided\/"},"modified":"2026-04-08T16:43:17","modified_gmt":"2026-04-08T14:43:17","slug":"kortskrivare-magicard-prima-801-uno","status":"publish","type":"product","link":"https:\/\/secureus.se\/fi\/kortskrivare-magicard-prima-801-uno\/","title":{"rendered":"Korttitulostin Magicard Prima 8 Uno \u2013 Retransfer ID Card Printer (yksipuolinen)"},"content":{"rendered":"<h4 data-start=\"367\" data-end=\"396\">Menestyksen inspiroima<\/h4>\n<p data-start=\"397\" data-end=\"566\">Magicard Prima8 perustuu edelt\u00e4j\u00e4ns\u00e4 Magicard Prima4:n todistettuihin ominaisuuksiin ja vie korttitulostuksen uudelle tasolle erinomaisella tulostuslaadulla.<\/p>\n<h4 data-start=\"568\" data-end=\"604\">Vaikuttava tulostuslaatu<\/h4>\n<ul data-start=\"605\" data-end=\"876\">\n<li data-start=\"605\" data-end=\"749\"><strong data-start=\"607\" data-end=\"634\">Fotorealistiset kuvat:<\/strong> K\u00e4ytt\u00e4\u00e4 laajaa v\u00e4rispektri\u00e4 luodakseen kuvia uskomattomilla yksityiskohdilla, jotka ovat t\u00e4ydellisi\u00e4 tarkkaan tunnistamiseen.<\/li>\n<li data-start=\"750\" data-end=\"876\"><strong data-start=\"752\" data-end=\"774\">Kiilt\u00e4v\u00e4t tulokset:<\/strong> Tuottaa korkearesoluutioisia, kiilt\u00e4vi\u00e4 tulosteita \u2013 painettu koko kortin pinnalle ammattimaisen lopputuloksen saavuttamiseksi.<\/li>\n<\/ul>\n<h4 data-start=\"878\" data-end=\"901\">Turvallisuus keski\u00f6ss\u00e4<\/h4>\n<ul data-start=\"902\" data-end=\"1113\">\n<li data-start=\"902\" data-end=\"1012\"><strong data-start=\"904\" data-end=\"938\">Mukautetut suojausominaisuudet:<\/strong> Mahdollisuus UV-musteeseen, joka tarjoaa lis\u00e4suojaa v\u00e4\u00e4renn\u00f6ksi\u00e4 vastaan.<\/li>\n<li data-start=\"1013\" data-end=\"1113\"><strong data-start=\"1015\" data-end=\"1032\">Vaihtoehto:<\/strong> Saatavana sek\u00e4 yksi- ett\u00e4 kaksipuolisena malleina erilaisiin tietoturvatarpeisiin.<\/li>\n<\/ul>\n<h4 data-start=\"1115\" data-end=\"1150\">Takuu ja luotettavuus<\/h4>\n<ul data-start=\"1151\" data-end=\"1261\">\n<li data-start=\"1151\" data-end=\"1261\"><strong data-start=\"1153\" data-end=\"1186\">3 vuoden UltraCoverPlus-takuu:<\/strong> Tarjoaa lis\u00e4turvaa ja osoittaa tuotteen korkean luotettavuuden.<\/li>\n<\/ul>\n<p data-start=\"1263\" data-end=\"1391\">Magicard Prima8 on ilmeinen valinta yrityksille ja valtion virastoille, jotka vaativat turvallista, laadukasta ja joustavaa korttitulostusta.<\/p>","protected":false},"excerpt":{"rendered":"<p><strong data-start=\"23\" data-end=\"86\">Magicard Prima8 Yksipuolinen korttitulostin<\/strong><br data-start=\"86\" data-end=\"89\" \/>Luotettava ja laadukas korttitulostin, joka tuottaa fotorealistisia tulosteita laajalla v\u00e4riskaalalla, optimoitu yksipuolisiin sovelluksiin. Varustettu edistyneill\u00e4 suojausominaisuuksilla, kuten UV-musteella lis\u00e4suojaa varten.<\/p>","protected":false},"featured_media":143781,"template":"","meta":{"_acf_changed":false},"product_brand":[],"product_cat":[3208],"product_tag":[3174,4863,2831,3069],"class_list":{"0":"post-53734","1":"product","2":"type-product","3":"status-publish","4":"has-post-thumbnail","6":"product_cat-magicard","7":"product_tag-magicard","8":"product_tag-pf","9":"product_tag-kortprinter-retransfer","10":"product_tag-trade-produkt","11":"product_shipping_class-tunga-paket","12":"pa_brands-magicard","13":"pa_fabrikat-kortskrivare-magicard","14":"tm-no-options","16":"first","17":"outofstock","18":"sale","19":"taxable","20":"shipping-taxable","21":"purchasable","22":"product-type-simple"},"acf":[],"_links":{"self":[{"href":"https:\/\/secureus.se\/fi\/wp-json\/wp\/v2\/product\/53734","targetHints":{"allow":["GET"]}}],"collection":[{"href":"https:\/\/secureus.se\/fi\/wp-json\/wp\/v2\/product"}],"about":[{"href":"https:\/\/secureus.se\/fi\/wp-json\/wp\/v2\/types\/product"}],"wp:featuredmedia":[{"embeddable":true,"href":"https:\/\/secureus.se\/fi\/wp-json\/wp\/v2\/media\/143781"}],"wp:attachment":[{"href":"https:\/\/secureus.se\/fi\/wp-json\/wp\/v2\/media?parent=53734"}],"wp:term":[{"taxonomy":"product_brand","embeddable":true,"href":"https:\/\/secureus.se\/fi\/wp-json\/wp\/v2\/product_brand?post=53734"},{"taxonomy":"product_cat","embeddable":true,"href":"https:\/\/secureus.se\/fi\/wp-json\/wp\/v2\/product_cat?post=53734"},{"taxonomy":"product_tag","embeddable":true,"href":"https:\/\/secureus.se\/fi\/wp-json\/wp\/v2\/product_tag?post=53734"}],"curies":[{"name":"wp","href":"https:\/\/api.w.org\/{rel}","templated":true}]}}