{"id":53738,"date":"2022-06-21T16:57:14","date_gmt":"2022-06-21T14:57:14","guid":{"rendered":"https:\/\/secureus.se\/produkt\/fargo-dtc1500-plastic-card-printer-single-sided\/"},"modified":"2026-04-23T12:46:55","modified_gmt":"2026-04-23T10:46:55","slug":"kortskrivare-fargo-dtc1500","status":"publish","type":"product","link":"https:\/\/secureus.se\/fi\/kortskrivare-fargo-dtc1500\/","title":{"rendered":"Korttitulostin Fargo DTC1500 - henkil\u00f6korttitulostin (yksipuolinen)"},"content":{"rendered":"<div class=\"long_desc\">\n<p><strong>Tehokas ja turvallinen henkil\u00f6korttitulostus Fargo DTC1500:lla:<\/strong> Fargo DTC1500 on Fargo-sarjan uusin henkil\u00f6korttitulostin, joka on suunniteltu tuottamaan korkealaatuisia henkil\u00f6kortteja alhaisin kustannuksin.<\/p>\n<p>Se sopii erityisesti korkeakouluille ja kouluille sek\u00e4 pienille ja keskisuurille yrityksille, jotka tarvitsevat joustavan ja luotettavan ratkaisun henkil\u00f6korttien tulostamiseen.<\/p>\n<p><strong>Ominaisuudet ja edut:<\/strong><\/p>\n<ul>\n<li><strong>Alhaiset kulutustarvikkeiden kustannukset:<\/strong> DTC1500 k\u00e4ytt\u00e4\u00e4 suurikapasiteettisia kulutusosia, mik\u00e4 alentaa korttikohtaista hintaa ja kokonaiskustannuksia.<\/li>\n<li><strong>Sis\u00e4\u00e4nrakennettu suojaus:<\/strong> Mukautettava vesileima mahdollistaa pysyv\u00e4n turvakuvion luomisen kortin peittopaneeliin, jolloin v\u00e4\u00e4rent\u00e4minen on l\u00e4hes mahdotonta.<\/li>\n<li><strong>Takuu:<\/strong> Kolmen vuoden takuu takaa turvallisuuden ja turvallisuuden pitk\u00e4aikaiseen k\u00e4ytt\u00f6\u00f6n.<\/li>\n<\/ul>\n<p><strong>Tekniset tiedot:<\/strong><\/p>\n<ul>\n<li><strong>Tulostusnopeus:<\/strong> Jopa 140 v\u00e4rikorttia tunnissa (yksipuolinen).<\/li>\n<li><strong>Kapasiteetti:<\/strong> 100 korttia sy\u00f6tt\u00f6lokerossa ja 100 korttia luovutusalustassa.<\/li>\n<li><strong>Kortin tyyppi:<\/strong> ISO 7810 formaatti, CR80, ID-1 koko, yhteensopiva PVC:n, PET:n ja PC-kortin kanssa.<\/li>\n<li><strong>Liit\u00e4nn\u00e4t:<\/strong> USB ja Ethernet.<\/li>\n<\/ul>\n<p>Fargo DTC1500 yhdist\u00e4\u00e4 korkean turvallisuuden, alhaiset kustannukset ja helppok\u00e4ytt\u00f6isyyden, mik\u00e4 tekee siit\u00e4 erinomaisen ratkaisun kaikkiin henkil\u00f6korttitulostustarpeisiisi.<\/p>\n<\/div>","protected":false},"excerpt":{"rendered":"<p>Fargo DTC1500 on monipuolinen henkil\u00f6korttitulostin, joka tarjoaa edullisia tarvikkeita ja edistyneit\u00e4 suojausominaisuuksia.<\/p>\n<p>Kolmen vuoden takuu ja mahdollisuus mukauttaa tietoturvaa sis\u00e4\u00e4nrakennetun vesileiman avulla, se on t\u00e4ydellinen kouluille, yliopistoille ja pienille ja keskisuurille yrityksille, jotka etsiv\u00e4t luotettavaa ja kustannustehokasta henkil\u00f6korttitulostusratkaisua.<\/p>","protected":false},"featured_media":144335,"template":"","meta":{"_acf_changed":false},"product_brand":[],"product_cat":[3206],"product_tag":[2830,3177,4863,3069],"class_list":{"0":"post-53738","1":"product","2":"type-product","3":"status-publish","4":"has-post-thumbnail","6":"product_cat-fargo","7":"product_tag-kortprinter-direct-to-card","8":"product_tag-fargo","9":"product_tag-pf","10":"product_tag-trade-produkt","11":"product_shipping_class-tunga-paket","12":"pa_brands-fargo","13":"pa_fabrikat-kortskrivare-fargo","14":"tm-no-options","16":"first","17":"outofstock","18":"sale","19":"taxable","20":"shipping-taxable","21":"purchasable","22":"product-type-simple"},"acf":[],"_links":{"self":[{"href":"https:\/\/secureus.se\/fi\/wp-json\/wp\/v2\/product\/53738","targetHints":{"allow":["GET"]}}],"collection":[{"href":"https:\/\/secureus.se\/fi\/wp-json\/wp\/v2\/product"}],"about":[{"href":"https:\/\/secureus.se\/fi\/wp-json\/wp\/v2\/types\/product"}],"wp:featuredmedia":[{"embeddable":true,"href":"https:\/\/secureus.se\/fi\/wp-json\/wp\/v2\/media\/144335"}],"wp:attachment":[{"href":"https:\/\/secureus.se\/fi\/wp-json\/wp\/v2\/media?parent=53738"}],"wp:term":[{"taxonomy":"product_brand","embeddable":true,"href":"https:\/\/secureus.se\/fi\/wp-json\/wp\/v2\/product_brand?post=53738"},{"taxonomy":"product_cat","embeddable":true,"href":"https:\/\/secureus.se\/fi\/wp-json\/wp\/v2\/product_cat?post=53738"},{"taxonomy":"product_tag","embeddable":true,"href":"https:\/\/secureus.se\/fi\/wp-json\/wp\/v2\/product_tag?post=53738"}],"curies":[{"name":"wp","href":"https:\/\/api.w.org\/{rel}","templated":true}]}}