{"id":53739,"date":"2022-06-21T17:57:08","date_gmt":"2022-06-21T15:57:08","guid":{"rendered":"https:\/\/secureus.se\/produkt\/fargo-dtc4250e-plastic-card-printer-dual-sided\/"},"modified":"2026-04-30T14:18:46","modified_gmt":"2026-04-30T12:18:46","slug":"kortskrivare-fargo-dtc4250e","status":"publish","type":"product","link":"https:\/\/secureus.se\/fi\/kortskrivare-fargo-dtc4250e\/","title":{"rendered":"Korttitulostin Fargo DTC4250e - henkil\u00f6korttitulostin (kaksipuolinen)"},"content":{"rendered":"<div class=\"long_desc\">\n<p><strong>Joustava ja kustannustehokas henkil\u00f6korttitulostus Fargo DTC4250e:ll\u00e4:<\/strong> Fargo DTC4250e on monipuolinen henkil\u00f6korttitulostin, joka voidaan r\u00e4\u00e4t\u00e4l\u00f6id\u00e4 vastaamaan erityistarpeitasi. Se sopii erinomaisesti korkeakouluille, kouluille ja pienille ja keskisuurille yrityksille, jotka tarvitsevat tehokkaan ja luotettavan henkil\u00f6korttitulostusratkaisun.<\/p>\n<p><strong>Ominaisuudet ja edut:<\/strong><\/p>\n<ul>\n<li><strong>Joustava muotoilu:<\/strong> Perusmalli voidaan p\u00e4ivitt\u00e4\u00e4 nopeasti kaksipuoliseksi tulostukseksi, ja siihen voidaan integroida erilaisia l\u00e4hettimi\u00e4, mukaan lukien MIFARE ja magneettiraita.<\/li>\n<li><strong>Alhaiset kulutustarvikkeiden kustannukset:<\/strong> Suuren kapasiteetin kulutusosien avulla voit s\u00e4\u00e4st\u00e4\u00e4 rahaa pitk\u00e4ll\u00e4 aikav\u00e4lill\u00e4.<\/li>\n<li><strong>Sis\u00e4\u00e4nrakennettu suojaus:<\/strong> Mukautettava vesileima varmistaa, ett\u00e4 kortit on suojattu v\u00e4\u00e4rent\u00e4miselt\u00e4.<\/li>\n<li><strong>Helppok\u00e4ytt\u00f6isyys:<\/strong> Tehokas asennus, lataus ja tulostus all-in-one-tulostusteloilla.<\/li>\n<\/ul>\n<p><strong>Tekniset tiedot:<\/strong><\/p>\n<ul>\n<li><strong>Tulostusnopeus:<\/strong> Jopa 225 v\u00e4rikorttia tunnissa (kaksipuolinen).<\/li>\n<li><strong>Kapasiteetti:<\/strong> 100 korttia sy\u00f6tt\u00f6lokerossa ja 100 korttia luovutusalustassa.<\/li>\n<li><strong>Kortin tyyppi:<\/strong> ISO 7810 formaatti, CR80, ID-1 koko, yhteensopiva PVC:n, PET:n ja PC-kortin kanssa.<\/li>\n<li><strong>Liit\u00e4nn\u00e4t:<\/strong> USB 2.0 ja Ethernet.<\/li>\n<\/ul>\n<p>Fargo DTC4250e tarjoaa luotettavan ja joustavan henkil\u00f6korttitulostusratkaisun, joka voidaan mukauttaa tuleviin tarpeisiisi.<\/p>\n<\/div>","protected":false},"excerpt":{"rendered":"<p>Fargo DTC4250e henkil\u00f6korttitulostin tarjoaa joustavan ja laadukkaan henkil\u00f6korttien, kuten ty\u00f6ntekij\u00e4tunnuksen, p\u00e4\u00e4sykortin ja j\u00e4senkortin, tulostamisen.<\/p>\n<p>Mahdollisuus p\u00e4ivitt\u00e4\u00e4 kaksipuoliseen tulostukseen ja integroida enkooderit, t\u00e4m\u00e4 on ihanteellinen ratkaisu pienille ja keskisuurille yrityksille, kouluille ja organisaatioille, jotka etsiv\u00e4t luotettavaa tulostusratkaisua.<\/p>\n<p>Sen mukana tulee kolmen vuoden takuu ja ilmainen EasyBadge Lite -ohjelmisto.<\/p>","protected":false},"featured_media":143802,"template":"","meta":{"_acf_changed":false},"product_brand":[],"product_cat":[3206],"product_tag":[2830,3172,3177,4863,3069],"class_list":{"0":"post-53739","1":"product","2":"type-product","3":"status-publish","4":"has-post-thumbnail","6":"product_cat-fargo","7":"product_tag-kortprinter-direct-to-card","8":"product_tag-dubbelsidig-dual-side","9":"product_tag-fargo","10":"product_tag-pf","11":"product_tag-trade-produkt","12":"product_shipping_class-tunga-paket","13":"pa_brands-fargo","14":"pa_fabrikat-kortskrivare-fargo","15":"tm-no-options","17":"first","18":"instock","19":"sale","20":"taxable","21":"shipping-taxable","22":"purchasable","23":"product-type-simple"},"acf":[],"_links":{"self":[{"href":"https:\/\/secureus.se\/fi\/wp-json\/wp\/v2\/product\/53739","targetHints":{"allow":["GET"]}}],"collection":[{"href":"https:\/\/secureus.se\/fi\/wp-json\/wp\/v2\/product"}],"about":[{"href":"https:\/\/secureus.se\/fi\/wp-json\/wp\/v2\/types\/product"}],"wp:featuredmedia":[{"embeddable":true,"href":"https:\/\/secureus.se\/fi\/wp-json\/wp\/v2\/media\/143802"}],"wp:attachment":[{"href":"https:\/\/secureus.se\/fi\/wp-json\/wp\/v2\/media?parent=53739"}],"wp:term":[{"taxonomy":"product_brand","embeddable":true,"href":"https:\/\/secureus.se\/fi\/wp-json\/wp\/v2\/product_brand?post=53739"},{"taxonomy":"product_cat","embeddable":true,"href":"https:\/\/secureus.se\/fi\/wp-json\/wp\/v2\/product_cat?post=53739"},{"taxonomy":"product_tag","embeddable":true,"href":"https:\/\/secureus.se\/fi\/wp-json\/wp\/v2\/product_tag?post=53739"}],"curies":[{"name":"wp","href":"https:\/\/api.w.org\/{rel}","templated":true}]}}