{"id":53741,"date":"2022-06-21T17:57:00","date_gmt":"2022-06-21T15:57:00","guid":{"rendered":"https:\/\/secureus.se\/produkt\/zebra-zxp-series-7-plastic-card-printer-dual-sided\/"},"modified":"2026-04-08T16:43:46","modified_gmt":"2026-04-08T14:43:46","slug":"kortskrivare-zebra-zxp-series-7","status":"publish","type":"product","link":"https:\/\/secureus.se\/fi\/kortskrivare-zebra-zxp-series-7\/","title":{"rendered":"Korttitulostin Zebra ZXP Series 7 - henkil\u00f6korttitulostin (kaksipuolinen)"},"content":{"rendered":"<p><strong>Tehokas henkil\u00f6korttitulostus Zebra ZXP Series 7:ll\u00e4:<\/strong> Zebra ZXP Series 7 on yksi markkinoiden edistyneimmist\u00e4 korttitulostimista, joka on suunniteltu k\u00e4sittelem\u00e4\u00e4n suuria m\u00e4\u00e4ri\u00e4 henkil\u00f6korttien tulostamista valokuvamaisilla kuvilla.<\/p>\n<p>Se sopii erinomaisesti viranomaisille, kouluille ja yrityksille, jotka tarvitsevat korkeaa turvallisuutta ja selke\u00e4\u00e4 tunnistamista.<\/p>\n<p><strong>Ominaisuudet ja edut:<\/strong><\/p>\n<ul>\n<li><strong>L\u00e4hes valokuvatulostuslaatu:<\/strong> Tarjoaa ter\u00e4vi\u00e4 ja v\u00e4rikk\u00e4it\u00e4 kortteja, jotka t\u00e4ytt\u00e4v\u00e4t korkeat tunnistusstandardit.<\/li>\n<li><strong>Nopeus ja tehokkuus:<\/strong> Voi tulostaa jopa 300 v\u00e4rikorttia tunnissa, mik\u00e4 tekee siit\u00e4 eritt\u00e4in tehokkaan suuriin tulostustarpeisiin.<\/li>\n<li><strong>Kaksipuolinen tulostus:<\/strong> Mahdollisuus kaksipuoliseen tulostukseen maksimoidaksesi kortin pinnan k\u00e4yt\u00f6n.<\/li>\n<li><strong>K\u00e4ytt\u00e4j\u00e4yst\u00e4v\u00e4llinen:<\/strong> Varustettu v\u00e4rikoodatuilla ohjaimilla ja selke\u00e4ll\u00e4 LCD-ohjauspaneelilla k\u00e4yt\u00f6n helpottamiseksi.<\/li>\n<\/ul>\n<p><strong>Tekniset tiedot:<\/strong><\/p>\n<ul>\n<li><strong>Tulostusnopeus:<\/strong> Jopa 300 korttia tunnissa (v\u00e4ritulostus, kaksipuolinen).<\/li>\n<li><strong>Kapasiteetti:<\/strong> 200 korttia sy\u00f6tt\u00f6lokerossa ja 100 korttia luovutusalustassa.<\/li>\n<li><strong>Kortin tyyppi:<\/strong> ISO 7810 -muoto, CR80, ID-1 koko, yhteensopiva PVC- ja komposiittikorttien kanssa.<\/li>\n<li><strong>Liit\u00e4nn\u00e4t:<\/strong> USB 2.0 ja Ethernet joustavaan liit\u00e4nt\u00e4\u00e4n.<\/li>\n<\/ul>\n<p>Zebra ZXP Series 7 yhdist\u00e4\u00e4 korkean turvallisuuden, nopeuden ja helppok\u00e4ytt\u00f6isyyden, mik\u00e4 tekee siit\u00e4 erinomaisen ratkaisun kaikkiin henkil\u00f6korttitulostustarpeisiisi.<\/p>","protected":false},"excerpt":{"rendered":"<p>Zebra ZXP Series 7 -henkil\u00f6korttitulostin tarjoaa erinomaisen tulostuslaadun ja nopeuden, joten se sopii erinomaisesti suurten valokuvamaisten henkil\u00f6korttien tuottamiseen.<\/p>\n<p>Kortin molemmille puolille tulostamisen ja USB:n ja Ethernetin kaltaisten liit\u00e4nt\u00e4mahdollisuuksien ansiosta t\u00e4m\u00e4 on t\u00e4ydellinen ratkaisu yrityksille, jotka tarvitsevat turvallisen ja luotettavan tunnistamisen.<\/p>","protected":false},"featured_media":144121,"template":"","meta":{"_acf_changed":false},"product_brand":[],"product_cat":[3210],"product_tag":[2830,3172,4863,3069,3185],"class_list":{"0":"post-53741","1":"product","2":"type-product","3":"status-publish","4":"has-post-thumbnail","6":"product_cat-zebra","7":"product_tag-kortprinter-direct-to-card","8":"product_tag-dubbelsidig-dual-side","9":"product_tag-pf","10":"product_tag-trade-produkt","11":"product_tag-zebra","12":"product_shipping_class-tunga-paket","13":"pa_brands-zebra","14":"pa_fabrikat-kortskrivare-zebra","15":"tm-no-options","17":"first","18":"outofstock","19":"sale","20":"taxable","21":"shipping-taxable","22":"purchasable","23":"product-type-simple"},"acf":[],"_links":{"self":[{"href":"https:\/\/secureus.se\/fi\/wp-json\/wp\/v2\/product\/53741","targetHints":{"allow":["GET"]}}],"collection":[{"href":"https:\/\/secureus.se\/fi\/wp-json\/wp\/v2\/product"}],"about":[{"href":"https:\/\/secureus.se\/fi\/wp-json\/wp\/v2\/types\/product"}],"wp:featuredmedia":[{"embeddable":true,"href":"https:\/\/secureus.se\/fi\/wp-json\/wp\/v2\/media\/144121"}],"wp:attachment":[{"href":"https:\/\/secureus.se\/fi\/wp-json\/wp\/v2\/media?parent=53741"}],"wp:term":[{"taxonomy":"product_brand","embeddable":true,"href":"https:\/\/secureus.se\/fi\/wp-json\/wp\/v2\/product_brand?post=53741"},{"taxonomy":"product_cat","embeddable":true,"href":"https:\/\/secureus.se\/fi\/wp-json\/wp\/v2\/product_cat?post=53741"},{"taxonomy":"product_tag","embeddable":true,"href":"https:\/\/secureus.se\/fi\/wp-json\/wp\/v2\/product_tag?post=53741"}],"curies":[{"name":"wp","href":"https:\/\/api.w.org\/{rel}","templated":true}]}}