{"id":53753,"date":"2022-06-21T16:56:16","date_gmt":"2022-06-21T14:56:16","guid":{"rendered":"https:\/\/secureus.se\/produkt\/fargo-dtc4500e-plastic-card-printer-single-sided\/"},"modified":"2026-04-23T12:48:51","modified_gmt":"2026-04-23T10:48:51","slug":"kortskrivare-fargo-dtc4500e-enkel-sidig","status":"publish","type":"product","link":"https:\/\/secureus.se\/fi\/kortskrivare-fargo-dtc4500e-enkel-sidig\/","title":{"rendered":"Korttitulostin Fargo DTC4500e - henkil\u00f6korttitulostin (yksipuolinen)"},"content":{"rendered":"<p><strong>Tehokas ja turvallinen henkil\u00f6korttitulostus Fargo DTC4500e:ll\u00e4:<\/strong> Fargo DTC4500e on monipuolinen ja tehokas henkil\u00f6korttitulostin, joka tarjoaa suuren kapasiteetin ja turvallisuuden.<\/p>\n<p>Se on ihanteellinen organisaatioille, jotka tarvitsevat suuria m\u00e4\u00e4ri\u00e4 korkealaatuisia henkil\u00f6kortteja nopeasti ja tehokkaasti.<\/p>\n<p><strong>Ominaisuudet ja edut:<\/strong><\/p>\n<ul>\n<li><strong>Suuri kapasiteetti:<\/strong> Voi tulostaa jopa 225 v\u00e4rikorttia tunnissa, mik\u00e4 tekee siit\u00e4 t\u00e4ydellisen yrityksille, joilla on suuria tulostusm\u00e4\u00e4ri\u00e4.<\/li>\n<li><strong>Turvallisuus:<\/strong> Varustettu turvaominaisuuksilla, kuten salasanasuojauksella ja fluoresoivalla paneelitulostuksella kortin turvallisuuden lis\u00e4\u00e4miseksi.<\/li>\n<li><strong>Kustannustehokas:<\/strong> Suuren kapasiteetin kulutusosat v\u00e4hent\u00e4v\u00e4t korttikohtaisia kustannuksia ja lis\u00e4\u00e4v\u00e4t tuottavuutta.<\/li>\n<li><strong>Ymp\u00e4rist\u00f6yst\u00e4v\u00e4llinen:<\/strong> GreenCircle\u00ae -sertifioitu energiatehokkuuteen ja orgaanisten t\u00e4ytt\u00f6tankojen k\u00e4ytt\u00f6\u00f6n.<\/li>\n<\/ul>\n<p><strong>Tekniset tiedot:<\/strong><\/p>\n<ul>\n<li><strong>Tulostusnopeus:<\/strong> Jopa 225 korttia tunnissa (v\u00e4ritulostus, yksipuolinen).<\/li>\n<li><strong>Kapasiteetti:<\/strong> 200 korttia sy\u00f6tt\u00f6lokerossa ja 100 korttia luovutusalustassa.<\/li>\n<li><strong>Kortin tyyppi:<\/strong> ISO 7810 formaatti, CR80, ID-1 koko, yhteensopiva PVC:n, PET:n ja PC-kortin kanssa.<\/li>\n<li><strong>Liit\u00e4nn\u00e4t:<\/strong> USB 2.0 ja Ethernet.<\/li>\n<\/ul>\n<p>Fargo DTC4500e tarjoaa vankan ja luotettavan ratkaisun kaikkiin henkil\u00f6korttitulostustarpeisiisi, ja voit mukauttaa suojauksen ja toiminnallisuuden tarpeidesi mukaan.<\/p>","protected":false},"excerpt":{"rendered":"<p>Fargo DTC4500e henkil\u00f6korttitulostin on suunniteltu korkean suorituskyvyn, suuren volyymin suojatun henkil\u00f6korttitulostukseen.<\/p>\n<p>Se tuottaa korkealaatuisia kortteja ty\u00f6ntekij\u00f6ille, kulunvalvontaan ja j\u00e4senyyteen, kolmen vuoden takuulla.<\/p>\n<p>DTC4500e on kustannustehokas ja ihanteellinen keskisuurille ja suurille yrityksille, jotka etsiv\u00e4t luotettavaa henkil\u00f6korttitulostusratkaisua.<\/p>","protected":false},"featured_media":144775,"template":"","meta":{"_acf_changed":false},"product_brand":[],"product_cat":[3206],"product_tag":[2830,3177,4863,3069],"class_list":{"0":"post-53753","1":"product","2":"type-product","3":"status-publish","4":"has-post-thumbnail","6":"product_cat-fargo","7":"product_tag-kortprinter-direct-to-card","8":"product_tag-fargo","9":"product_tag-pf","10":"product_tag-trade-produkt","11":"product_shipping_class-tunga-paket","12":"pa_brands-fargo","13":"pa_fabrikat-kortskrivare-fargo","14":"tm-no-options","16":"first","17":"instock","18":"sale","19":"taxable","20":"shipping-taxable","21":"purchasable","22":"product-type-simple"},"acf":[],"_links":{"self":[{"href":"https:\/\/secureus.se\/fi\/wp-json\/wp\/v2\/product\/53753","targetHints":{"allow":["GET"]}}],"collection":[{"href":"https:\/\/secureus.se\/fi\/wp-json\/wp\/v2\/product"}],"about":[{"href":"https:\/\/secureus.se\/fi\/wp-json\/wp\/v2\/types\/product"}],"wp:featuredmedia":[{"embeddable":true,"href":"https:\/\/secureus.se\/fi\/wp-json\/wp\/v2\/media\/144775"}],"wp:attachment":[{"href":"https:\/\/secureus.se\/fi\/wp-json\/wp\/v2\/media?parent=53753"}],"wp:term":[{"taxonomy":"product_brand","embeddable":true,"href":"https:\/\/secureus.se\/fi\/wp-json\/wp\/v2\/product_brand?post=53753"},{"taxonomy":"product_cat","embeddable":true,"href":"https:\/\/secureus.se\/fi\/wp-json\/wp\/v2\/product_cat?post=53753"},{"taxonomy":"product_tag","embeddable":true,"href":"https:\/\/secureus.se\/fi\/wp-json\/wp\/v2\/product_tag?post=53753"}],"curies":[{"name":"wp","href":"https:\/\/api.w.org\/{rel}","templated":true}]}}