{"id":53755,"date":"2022-06-21T17:56:08","date_gmt":"2022-06-21T15:56:08","guid":{"rendered":"https:\/\/secureus.se\/produkt\/fargo-dtc1250e-plastic-card-printer-dual-sided\/"},"modified":"2026-04-23T12:36:13","modified_gmt":"2026-04-23T10:36:13","slug":"kortskrivare-fargo-dtc1250e-duplex","status":"publish","type":"product","link":"https:\/\/secureus.se\/fi\/kortskrivare-fargo-dtc1250e-duplex\/","title":{"rendered":"Korttitulostin Fargo DTC1250e - henkil\u00f6korttitulostin (kaksipuolinen)"},"content":{"rendered":"<div class=\"long_desc\">\n<p><strong>Tehokas ja edullinen henkil\u00f6korttitulostus Fargo DTC1250e:ll\u00e4:<\/strong> K\u00e4ytt\u00e4j\u00e4\u00e4 ajatellen suunniteltu Fargo DTC1250e tarjoaa nopean ja luotettavan ratkaisun henkil\u00f6korttitulostukseen.<\/p>\n<p>Se on t\u00e4ydellinen pienille ja keskisuurille yrityksille ja oppilaitoksille, joiden on tulostettava muutama sata henkil\u00f6korttia.<\/p>\n<p><strong>Ominaisuudet ja edut:<\/strong><\/p>\n<ul>\n<li><strong>Pikatulostus:<\/strong> Tulostimella kuluu vain 16 sekuntia v\u00e4rikortin tulostamiseen ja 6 sekuntia mustavalkoiseen tulostamiseen, mik\u00e4 minimoi odotusajan.<\/li>\n<li><strong>Helppok\u00e4ytt\u00f6isyys:<\/strong> Helppok\u00e4ytt\u00f6inen intuitiivisen k\u00e4ytt\u00f6liittym\u00e4n ansiosta, jonka avulla on helppo navigoida toimintojen v\u00e4lill\u00e4.<\/li>\n<li><strong>Kustannustehokas:<\/strong> Edullinen tulostus laadusta tinkim\u00e4tt\u00e4.<\/li>\n<li><strong>Takuu:<\/strong> Kolmen vuoden takuu lis\u00e4\u00e4 turvallisuutta.<\/li>\n<\/ul>\n<p><strong>Tekniset tiedot:<\/strong><\/p>\n<ul>\n<li><strong>Tulostusnopeus:<\/strong> 6 sekuntia mustavalkoisille ja 16 sekuntia v\u00e4rikorteille.<\/li>\n<li><strong>Kapasiteetti:<\/strong> 100 korttia sy\u00f6tt\u00f6lokerossa ja enint\u00e4\u00e4n 30 korttia luovutusalustalla (kaksipuolinen).<\/li>\n<li><strong>Kortin tyyppi:<\/strong> ISO 7810 formaatti, CR80, ID-1 koko, yhteensopiva PVC-, PET- ja komposiittikorttien kanssa.<\/li>\n<li><strong>Liit\u00e4nn\u00e4t:<\/strong> USB 2.0, Ethernet-mahdollisuudella.<\/li>\n<\/ul>\n<p>Huomaa, ett\u00e4 tulostimen mukana ei toimiteta tulostimen ripaa. muista lis\u00e4t\u00e4 yksi tilauksesi.<\/p>\n<\/div>","protected":false},"excerpt":{"rendered":"<p>Fargo DTC1250e henkil\u00f6korttitulostin tarjoaa k\u00e4ytt\u00e4j\u00e4yst\u00e4v\u00e4llisen ja kustannustehokkaan ratkaisun korkealaatuisten henkil\u00f6korttien tuottamiseen.<\/p>\n<p>Nopea tulostusaika, vain 16 sekuntia v\u00e4rikorteille ja 6 sekuntia mustavalkoisille, on t\u00e4ydellinen kouluille, yliopistoille ja j\u00e4senkerhoille.<\/p>\n<p>Tulostimella on kolmen vuoden takuu ja ilmainen EasyBadge Lite -ohjelmisto.<\/p>","protected":false},"featured_media":143991,"template":"","meta":{"_acf_changed":false},"product_brand":[],"product_cat":[3206],"product_tag":[2830,3172,3177,4863,3069],"class_list":{"0":"post-53755","1":"product","2":"type-product","3":"status-publish","4":"has-post-thumbnail","6":"product_cat-fargo","7":"product_tag-kortprinter-direct-to-card","8":"product_tag-dubbelsidig-dual-side","9":"product_tag-fargo","10":"product_tag-pf","11":"product_tag-trade-produkt","12":"product_shipping_class-tunga-paket","13":"pa_brands-fargo","14":"pa_fabrikat-kortskrivare-fargo","15":"tm-no-options","17":"first","18":"instock","19":"sale","20":"taxable","21":"shipping-taxable","22":"purchasable","23":"product-type-simple"},"acf":[],"_links":{"self":[{"href":"https:\/\/secureus.se\/fi\/wp-json\/wp\/v2\/product\/53755","targetHints":{"allow":["GET"]}}],"collection":[{"href":"https:\/\/secureus.se\/fi\/wp-json\/wp\/v2\/product"}],"about":[{"href":"https:\/\/secureus.se\/fi\/wp-json\/wp\/v2\/types\/product"}],"wp:featuredmedia":[{"embeddable":true,"href":"https:\/\/secureus.se\/fi\/wp-json\/wp\/v2\/media\/143991"}],"wp:attachment":[{"href":"https:\/\/secureus.se\/fi\/wp-json\/wp\/v2\/media?parent=53755"}],"wp:term":[{"taxonomy":"product_brand","embeddable":true,"href":"https:\/\/secureus.se\/fi\/wp-json\/wp\/v2\/product_brand?post=53755"},{"taxonomy":"product_cat","embeddable":true,"href":"https:\/\/secureus.se\/fi\/wp-json\/wp\/v2\/product_cat?post=53755"},{"taxonomy":"product_tag","embeddable":true,"href":"https:\/\/secureus.se\/fi\/wp-json\/wp\/v2\/product_tag?post=53755"}],"curies":[{"name":"wp","href":"https:\/\/api.w.org\/{rel}","templated":true}]}}