{"id":53757,"date":"2022-06-21T16:56:04","date_gmt":"2022-06-21T14:56:04","guid":{"rendered":"https:\/\/secureus.se\/produkt\/zebra-zc100-plastic-card-printer-with-usb-single-sided\/"},"modified":"2026-04-08T16:33:59","modified_gmt":"2026-04-08T14:33:59","slug":"kortskrivare-zebra-zc100","status":"publish","type":"product","link":"https:\/\/secureus.se\/fi\/kortskrivare-zebra-zc100\/","title":{"rendered":"Korttitulostin Zebra ZC100 - henkil\u00f6korttitulostin (yksipuolinen)"},"content":{"rendered":"<p><strong>K\u00e4ytt\u00e4j\u00e4yst\u00e4v\u00e4llinen ja tehokas henkil\u00f6korttitulostus Zebra ZC100:lla:<\/strong> Zebra ZC100 on suunniteltu tarjoamaan yksinkertaisuutta ja laatua kompaktissa suunnittelussa.<\/p>\n<p>Se sopii erinomaisesti erilaisiin sovelluksiin, mukaan lukien ty\u00f6ntekij\u00e4n henkil\u00f6kortit, j\u00e4senkortit ja tapahtumakortit.<\/p>\n<p><strong>Ominaisuudet ja edut:<\/strong><\/p>\n<ul>\n<li><strong>Pikatulostus:<\/strong> Voi tulostaa jopa 150 v\u00e4rikorttia tunnissa ja huikeat 700 korttia tunnissa mustavalkoisena, mik\u00e4 tekee siit\u00e4 eritt\u00e4in tehokkaan.<\/li>\n<li><strong>Intuitiivinen k\u00e4ytt\u00f6:<\/strong> Varustettu graafisella LCD-n\u00e4yt\u00f6ll\u00e4 ja k\u00e4ytt\u00e4j\u00e4yst\u00e4v\u00e4llisill\u00e4 s\u00e4\u00e4timill\u00e4 navigoinnin helpottamiseksi.<\/li>\n<li><strong>Joustava liit\u00e4nt\u00e4:<\/strong> USB 2.0 -standardiliit\u00e4nt\u00e4 Ethernet- ja Wi-Fi-mahdollisuudella helpottaaksesi integrointia olemassa oleviin j\u00e4rjestelmiin.<\/li>\n<li><strong>Kustannustehokas:<\/strong> Sek\u00e4 v\u00e4rillisten ett\u00e4 mustavalkoisten korttien tulostus edulliseen hintaan.<\/li>\n<\/ul>\n<p><strong>Tekniset tiedot:<\/strong><\/p>\n<ul>\n<li><strong>Tulostusnopeus:<\/strong> Jopa 150 korttia tunnissa (v\u00e4ritulostus, yksipuolinen) ja 700 korttia tunnissa (mustavalkoinen).<\/li>\n<li><strong>Kapasiteetti:<\/strong> 100 korttia sy\u00f6tt\u00f6lokerossa ja 100 korttia luovutusalustassa.<\/li>\n<li><strong>Kortin tyyppi:<\/strong> ISO 7810 -muoto, CR80, ID-1 koko, yhteensopiva PVC- ja komposiittikorttien kanssa.<\/li>\n<li><strong>Liit\u00e4nn\u00e4t:<\/strong> USB 2.0, valinnainen Ethernet- ja Wi-Fi-toiminto.<\/li>\n<\/ul>\n<p>Zebra ZC100 on erinomainen ratkaisu yrityksille, jotka etsiv\u00e4t kustannustehokasta ja helppok\u00e4ytt\u00f6ist\u00e4 henkil\u00f6korttitulostusratkaisua.<\/p>","protected":false},"excerpt":{"rendered":"<p>Zebra ZC100 henkil\u00f6korttitulostin tarjoaa yksinkertaisen ja kustannustehokkaan ratkaisun yksipuolisten henkil\u00f6korttien tulostamiseen.<\/p>\n<p>Se on helppo asentaa ja k\u00e4ytt\u00e4\u00e4, sill\u00e4 se pystyy tulostamaan sek\u00e4 v\u00e4rillisi\u00e4 ett\u00e4 mustavalkoisia kortteja.<\/p>\n<p>Kahden vuoden takuun ja mukana tulevan EasyBadge Lite -ohjelmiston ansiosta t\u00e4m\u00e4 on luotettava valinta yrityksille, jotka tarvitsevat korkealaatuisia henkil\u00f6kortteja.<\/p>","protected":false},"featured_media":144006,"template":"","meta":{"_acf_changed":false},"product_brand":[],"product_cat":[3210],"product_tag":[2830,4863,3069,3185],"class_list":{"0":"post-53757","1":"product","2":"type-product","3":"status-publish","4":"has-post-thumbnail","6":"product_cat-zebra","7":"product_tag-kortprinter-direct-to-card","8":"product_tag-pf","9":"product_tag-trade-produkt","10":"product_tag-zebra","11":"product_shipping_class-tunga-paket","12":"pa_brands-zebra","13":"pa_fabrikat-kortskrivare-zebra","14":"tm-no-options","16":"first","17":"instock","18":"sale","19":"taxable","20":"shipping-taxable","21":"purchasable","22":"product-type-simple"},"acf":[],"_links":{"self":[{"href":"https:\/\/secureus.se\/fi\/wp-json\/wp\/v2\/product\/53757","targetHints":{"allow":["GET"]}}],"collection":[{"href":"https:\/\/secureus.se\/fi\/wp-json\/wp\/v2\/product"}],"about":[{"href":"https:\/\/secureus.se\/fi\/wp-json\/wp\/v2\/types\/product"}],"wp:featuredmedia":[{"embeddable":true,"href":"https:\/\/secureus.se\/fi\/wp-json\/wp\/v2\/media\/144006"}],"wp:attachment":[{"href":"https:\/\/secureus.se\/fi\/wp-json\/wp\/v2\/media?parent=53757"}],"wp:term":[{"taxonomy":"product_brand","embeddable":true,"href":"https:\/\/secureus.se\/fi\/wp-json\/wp\/v2\/product_brand?post=53757"},{"taxonomy":"product_cat","embeddable":true,"href":"https:\/\/secureus.se\/fi\/wp-json\/wp\/v2\/product_cat?post=53757"},{"taxonomy":"product_tag","embeddable":true,"href":"https:\/\/secureus.se\/fi\/wp-json\/wp\/v2\/product_tag?post=53757"}],"curies":[{"name":"wp","href":"https:\/\/api.w.org\/{rel}","templated":true}]}}