{"id":53760,"date":"2022-06-21T16:55:54","date_gmt":"2022-06-21T14:55:54","guid":{"rendered":"https:\/\/secureus.se\/produkt\/magicard-600-uno-id-card-printer-single-sided\/"},"modified":"2026-03-26T10:12:14","modified_gmt":"2026-03-26T09:12:14","slug":"kortskrivare-magicard-600-uno","status":"publish","type":"product","link":"https:\/\/secureus.se\/fi\/kortskrivare-magicard-600-uno\/","title":{"rendered":"Korttitulostin Magicard 600 UNO \u2013 henkil\u00f6korttitulostin (yksipuolinen)"},"content":{"rendered":"<header class=\"attribute-sleeve-header center\">\n<h4 data-start=\"467\" data-end=\"514\">Korkearesoluutioinen tulostus ja nopea tuotanto<\/h4>\n<p data-start=\"515\" data-end=\"802\">Magicard 600 UNO tuottaa korkealaatuisia tulosteita 600 x 300 dpi:n resoluutiolla. T\u00e4m\u00e4n tulostimen kyky tuottaa t\u00e4ysv\u00e4rikortteja alle 20 sekunnissa ja jopa 190 korttia tunnissa, joten se on t\u00e4ydellinen ymp\u00e4rist\u00f6ihin, joissa sek\u00e4 nopeus ett\u00e4 tarkkuus ovat t\u00e4rkeit\u00e4.<\/p>\n<h4 data-start=\"804\" data-end=\"841\">Lis\u00e4suojausominaisuudet<\/h4>\n<ul data-start=\"842\" data-end=\"1065\">\n<li data-start=\"842\" data-end=\"965\"><strong data-start=\"844\" data-end=\"885\">Mukautetut vesileimat ja HoloKote\u00ae:<\/strong><br data-start=\"885\" data-end=\"888\" \/>Sis\u00e4\u00e4nrakennetut turvaominaisuudet suojaavat kortteja v\u00e4\u00e4rent\u00e4miselt\u00e4 ja kloonaukselta.<\/li>\n<li data-start=\"966\" data-end=\"1065\"><strong data-start=\"968\" data-end=\"986\">Tietoturva:<\/strong><br data-start=\"986\" data-end=\"989\" \/>Tulostin varmistaa, ett\u00e4 arkaluontoisia tietojasi k\u00e4sitell\u00e4\u00e4n turvallisesti.<\/li>\n<\/ul>\n<h4 data-start=\"1067\" data-end=\"1107\">Helppo asennus ja k\u00e4ytt\u00f6<\/h4>\n<ul data-start=\"1108\" data-end=\"1430\">\n<li data-start=\"1108\" data-end=\"1274\"><strong data-start=\"1110\" data-end=\"1128\">Plug and Play:<\/strong><br data-start=\"1128\" data-end=\"1131\" \/>Magicard 600 UNO on suunniteltu nopeaan asennukseen v\u00e4h\u00e4isell\u00e4 teknisell\u00e4 tiedolla, joten voit aloittaa tuotannon nopeasti.<\/li>\n<li data-start=\"1275\" data-end=\"1430\"><strong data-start=\"1277\" data-end=\"1300\">Sujuva integrointi:<\/strong><br data-start=\"1300\" data-end=\"1303\" \/>USB-, Ethernet- ja Wi-Fi-liit\u00e4nn\u00f6ill\u00e4 (mukana toimitetun donglen kautta) varustettu tulostin mahdollistaa helpon integroinnin olemassa olevaan j\u00e4rjestelm\u00e4\u00e4si.<\/li>\n<\/ul>\n<h4 data-start=\"1432\" data-end=\"1467\">T\u00e4ydellinen ratkaisu takuulla<\/h4>\n<ul data-start=\"1468\" data-end=\"1749\">\n<li data-start=\"1468\" data-end=\"1589\"><strong data-start=\"1470\" data-end=\"1501\">EasyBadge Lite -ohjelmisto:<\/strong><br data-start=\"1501\" data-end=\"1504\" \/>Mukana ilmainen ohjelmisto yksinkertaistaa henkil\u00f6korttien suunnittelua ja tulostusta.<\/li>\n<li data-start=\"1590\" data-end=\"1749\"><strong data-start=\"1592\" data-end=\"1626\">Kolmen vuoden MagiCoverPlus-takuu:<\/strong><br data-start=\"1626\" data-end=\"1629\" \/>Vankka takuu, joka varmistaa sijoituksesi suojan ja lis\u00e4\u00e4 mielenrauhaa p\u00e4ivitt\u00e4isess\u00e4 toiminnassasi.<\/li>\n<\/ul>\n<p data-start=\"1751\" data-end=\"1914\" data-is-last-node=\"\">Magicard 600 UNO on t\u00e4ydellinen ratkaisu yrityksille ja laitoksille, jotka tarvitsevat turvallisen, tehokkaan ja laadukkaan ratkaisun yksipuoliseen henkil\u00f6korttitulostukseen.<\/p>\n<\/header>","protected":false},"excerpt":{"rendered":"<p>Magicard 600 UNO ID-korttitulostin tarjoaa korkearesoluutioisen tulostuksen ja nopean suorituskyvyn, joten se on ihanteellinen turvallisten henkil\u00f6korttien yksipuoliseen tuotantoon. Edistyneill\u00e4 suojausominaisuuksilla, mukaan lukien mukautetut vesileimat ja HoloKote\u00ae, sek\u00e4 kolmen vuoden MagiCoverPlus-takuu ja mukana tuleva EasyBadge Lite -ohjelmisto, se on luotettava ratkaisu yrityksille, jotka my\u00f6nt\u00e4v\u00e4t usein ty\u00f6ntekij\u00e4- ja j\u00e4senkortteja.<\/p>","protected":false},"featured_media":144793,"template":"","meta":{"_acf_changed":false},"product_brand":[],"product_cat":[3208],"product_tag":[2830,3174,4863,3069],"class_list":{"0":"post-53760","1":"product","2":"type-product","3":"status-publish","4":"has-post-thumbnail","6":"product_cat-magicard","7":"product_tag-kortprinter-direct-to-card","8":"product_tag-magicard","9":"product_tag-pf","10":"product_tag-trade-produkt","11":"product_shipping_class-tunga-paket","12":"pa_brands-magicard","13":"pa_fabrikat-kortskrivare-magicard","14":"tm-no-options","16":"first","17":"instock","18":"sale","19":"taxable","20":"shipping-taxable","21":"purchasable","22":"product-type-simple"},"acf":[],"_links":{"self":[{"href":"https:\/\/secureus.se\/fi\/wp-json\/wp\/v2\/product\/53760","targetHints":{"allow":["GET"]}}],"collection":[{"href":"https:\/\/secureus.se\/fi\/wp-json\/wp\/v2\/product"}],"about":[{"href":"https:\/\/secureus.se\/fi\/wp-json\/wp\/v2\/types\/product"}],"wp:featuredmedia":[{"embeddable":true,"href":"https:\/\/secureus.se\/fi\/wp-json\/wp\/v2\/media\/144793"}],"wp:attachment":[{"href":"https:\/\/secureus.se\/fi\/wp-json\/wp\/v2\/media?parent=53760"}],"wp:term":[{"taxonomy":"product_brand","embeddable":true,"href":"https:\/\/secureus.se\/fi\/wp-json\/wp\/v2\/product_brand?post=53760"},{"taxonomy":"product_cat","embeddable":true,"href":"https:\/\/secureus.se\/fi\/wp-json\/wp\/v2\/product_cat?post=53760"},{"taxonomy":"product_tag","embeddable":true,"href":"https:\/\/secureus.se\/fi\/wp-json\/wp\/v2\/product_tag?post=53760"}],"curies":[{"name":"wp","href":"https:\/\/api.w.org\/{rel}","templated":true}]}}