{"id":53762,"date":"2022-06-21T16:55:39","date_gmt":"2022-06-21T14:55:39","guid":{"rendered":"https:\/\/secureus.se\/produkt\/zebra-zc300-plastic-card-printer-with-ethernet-single-sided\/"},"modified":"2026-03-26T10:23:15","modified_gmt":"2026-03-26T09:23:15","slug":"kortskrivare-zebra-zc300","status":"publish","type":"product","link":"https:\/\/secureus.se\/fi\/kortskrivare-zebra-zc300\/","title":{"rendered":"Korttitulostin Zebra ZC300 - henkil\u00f6korttitulostin (yksipuolinen)"},"content":{"rendered":"<p><strong>Laadukas ja joustava henkil\u00f6korttitulostus Zebra ZC300:lla:<\/strong> Zebra ZC300 on suunniteltu tarjoamaan yksinkertaisuutta ja korkeaa laatua kompaktissa ratkaisussa.<\/p>\n<p>Se sopii erinomaisesti monenlaisiin k\u00e4ytt\u00f6tarkoituksiin, mukaan lukien ty\u00f6ntekij\u00e4n henkil\u00f6kortit, j\u00e4senkortit ja tapahtumakortit.<\/p>\n<p><strong>Ominaisuudet ja edut:<\/strong><\/p>\n<ul>\n<li><strong>Nopea ja tehokas:<\/strong> Voi tulostaa jopa 200 v\u00e4rikorttia tunnissa ja 900 korttia tunnissa mustavalkoisena, mik\u00e4 lis\u00e4\u00e4 tuottavuutta.<\/li>\n<li><strong>K\u00e4ytt\u00e4j\u00e4yst\u00e4v\u00e4llinen:<\/strong> Varustettu graafisella LCD-n\u00e4yt\u00f6ll\u00e4 ja intuitiivisilla s\u00e4\u00e4timill\u00e4 navigoinnin ja k\u00e4sittelyn helpottamiseksi.<\/li>\n<li><strong>Joustavuus:<\/strong> Tukee sek\u00e4 yksi- ett\u00e4 kaksipuolista tulostusta, kapasiteetti magneettinauhalle ja kontaktittomille korteille.<\/li>\n<li><strong>T\u00e4ydellinen yhteys:<\/strong> USB 2.0 ja Ethernet-standardi, mahdollisuus 802.11ac Wi-Fi -verkkoon helppoon asennukseen.<\/li>\n<\/ul>\n<p><strong>Tekniset tiedot:<\/strong><\/p>\n<ul>\n<li><strong>Tulostusnopeus:<\/strong> Jopa 200 korttia tunnissa (v\u00e4ritulostus, yksipuolinen) ja 900 korttia tunnissa (mustavalkoinen).<\/li>\n<li><strong>Kapasiteetti:<\/strong> 100 korttia sy\u00f6tt\u00f6lokerossa ja 100 korttia luovutusalustassa.<\/li>\n<li><strong>Kortin tyyppi:<\/strong> ISO 7810 -muoto, CR80, ID-1 koko, yhteensopiva PVC- ja komposiittikorttien kanssa.<\/li>\n<li><strong>Liit\u00e4nn\u00e4t:<\/strong> USB 2.0 ja Ethernet, valinnainen Wi-Fi.<\/li>\n<\/ul>\n<p>Zebra ZC300 on erinomainen ratkaisu yrityksille, jotka etsiv\u00e4t kustannustehokasta ja helppok\u00e4ytt\u00f6ist\u00e4 henkil\u00f6korttitulostusratkaisua.<\/p>","protected":false},"excerpt":{"rendered":"<p>Zebra ZC300 henkil\u00f6korttitulostin tarjoaa yksinkertaisen ja k\u00e4ytt\u00e4j\u00e4yst\u00e4v\u00e4llisen ratkaisun yksipuolisten henkil\u00f6korttien tulostamiseen.<\/p>\n<p>Se voi tulostaa sek\u00e4 v\u00e4rillisi\u00e4 ett\u00e4 mustavalkoisia kortteja vaikuttavalla laadulla, joten se on ihanteellinen yrityksille, jotka tarvitsevat turvallista tunnistamista.<\/p>\n<p>Se sis\u00e4lt\u00e4\u00e4 kahden vuoden takuun ja ilmaisen EasyBadge Lite -ohjelmiston.<\/p>","protected":false},"featured_media":144807,"template":"","meta":{"_acf_changed":false},"product_brand":[],"product_cat":[3210],"product_tag":[2830,4863,3069,3185],"class_list":{"0":"post-53762","1":"product","2":"type-product","3":"status-publish","4":"has-post-thumbnail","6":"product_cat-zebra","7":"product_tag-kortprinter-direct-to-card","8":"product_tag-pf","9":"product_tag-trade-produkt","10":"product_tag-zebra","11":"product_shipping_class-tunga-paket","12":"pa_brands-zebra","13":"pa_fabrikat-kortskrivare-zebra","14":"tm-no-options","16":"first","17":"instock","18":"sale","19":"taxable","20":"shipping-taxable","21":"purchasable","22":"product-type-simple"},"acf":[],"_links":{"self":[{"href":"https:\/\/secureus.se\/fi\/wp-json\/wp\/v2\/product\/53762","targetHints":{"allow":["GET"]}}],"collection":[{"href":"https:\/\/secureus.se\/fi\/wp-json\/wp\/v2\/product"}],"about":[{"href":"https:\/\/secureus.se\/fi\/wp-json\/wp\/v2\/types\/product"}],"wp:featuredmedia":[{"embeddable":true,"href":"https:\/\/secureus.se\/fi\/wp-json\/wp\/v2\/media\/144807"}],"wp:attachment":[{"href":"https:\/\/secureus.se\/fi\/wp-json\/wp\/v2\/media?parent=53762"}],"wp:term":[{"taxonomy":"product_brand","embeddable":true,"href":"https:\/\/secureus.se\/fi\/wp-json\/wp\/v2\/product_brand?post=53762"},{"taxonomy":"product_cat","embeddable":true,"href":"https:\/\/secureus.se\/fi\/wp-json\/wp\/v2\/product_cat?post=53762"},{"taxonomy":"product_tag","embeddable":true,"href":"https:\/\/secureus.se\/fi\/wp-json\/wp\/v2\/product_tag?post=53762"}],"curies":[{"name":"wp","href":"https:\/\/api.w.org\/{rel}","templated":true}]}}