{"id":53768,"date":"2022-06-21T16:55:18","date_gmt":"2022-06-21T14:55:18","guid":{"rendered":"https:\/\/secureus.se\/produkt\/fargo-hdp5000-retransfer-plastic-card-printer-single-sided\/"},"modified":"2026-04-23T12:57:20","modified_gmt":"2026-04-23T10:57:20","slug":"kortskrivare-fargo-hdp5000-enkel-sidig","status":"publish","type":"product","link":"https:\/\/secureus.se\/fi\/kortskrivare-fargo-hdp5000-enkel-sidig\/","title":{"rendered":"Korttitulostin Fargo HDP5000 - Uudelleensiirto ID-korttitulostin (yksipuolinen)"},"content":{"rendered":"<p><strong>Laadukas ja turvallinen henkil\u00f6korttitulostus Fargo HDP5000:lla:<\/strong> Fargo HDP5000 on yksi myydyimmist\u00e4 uudelleensiirtotulostimista, joka on suunniteltu tuottamaan v\u00e4rikk\u00e4it\u00e4 ja dynaamisia henkil\u00f6kortteja, jotka ovat poikkeuksellisen laadukkaita.<\/p>\n<p>Se sopii erinomaisesti sek\u00e4 lomakekorttien ett\u00e4 \u00e4lykorttien tulostamiseen.<\/p>\n<p><strong>Ominaisuudet ja edut:<\/strong><\/p>\n<ul>\n<li><strong>High-Definition Printing\u00ae:<\/strong> Tarjoaa eloisia ja selkeit\u00e4 kortteja, jotka todella erottuvat joukosta, joten ne on helppo tunnistaa.<\/li>\n<li><strong>Joustava k\u00e4ytt\u00f6:<\/strong> Voi tulostaa useille korteille, mukaan lukien kulunvalvontakortit.<\/li>\n<li><strong>Tehokas ja nopea:<\/strong> Ihanteellinen suurien volyymien tuotantoon, sill\u00e4 se pystyy tulostamaan kortit nopeasti ja tehokkaasti.<\/li>\n<li><strong>Turvallisuus:<\/strong> Varustettu HoloKote\u00ae-vesileimalla kortin kloonauksen est\u00e4miseksi.<\/li>\n<\/ul>\n<p><strong>Tekniset tiedot:<\/strong><\/p>\n<ul>\n<li><strong>Tulostusnopeus:<\/strong> Jopa 150 korttia tunnissa (v\u00e4ritulostus).<\/li>\n<li><strong>Kapasiteetti:<\/strong> 100 korttia sy\u00f6tt\u00f6lokerossa ja 100 korttia luovutusalustassa.<\/li>\n<li><strong>Kortin tyyppi:<\/strong> ISO 7810 formaatti, CR80, ID-1 koko, yhteensopiva PVC-, PET- ja komposiittikorttien kanssa.<\/li>\n<li><strong>Liit\u00e4nn\u00e4t:<\/strong> USB 2.0 ja Ethernet.<\/li>\n<\/ul>\n<p>Huomaa, ett\u00e4 Fargo 84051 YMCK Color Ribbon tai Fargo 84053 Retransfer Film eiv\u00e4t sis\u00e4lly toimitukseen. n\u00e4m\u00e4 on ostettava erikseen.<\/p>","protected":false},"excerpt":{"rendered":"<p>Fargo HDP5000 -henkil\u00f6korttitulostin tarjoaa erinomaisen tulostuslaadun High-Definition Printing\u00ae -tekniikalla, mik\u00e4 tekee siit\u00e4 ihanteellisen suuren m\u00e4\u00e4r\u00e4n suojattujen henkil\u00f6korttien tulostamiseen.<\/p>\n<p>Kolmen vuoden takuulla ja mukana tulevalla EasyBadge Lite -ohjelmistolla se on luotettava ratkaisu yrityksille, jotka tarvitsevat turvallista tunnistamista.<\/p>","protected":false},"featured_media":144820,"template":"","meta":{"_acf_changed":false},"product_brand":[],"product_cat":[3206],"product_tag":[2830,3177,4863,2831,3069],"class_list":{"0":"post-53768","1":"product","2":"type-product","3":"status-publish","4":"has-post-thumbnail","6":"product_cat-fargo","7":"product_tag-kortprinter-direct-to-card","8":"product_tag-fargo","9":"product_tag-pf","10":"product_tag-kortprinter-retransfer","11":"product_tag-trade-produkt","12":"product_shipping_class-tunga-paket","13":"pa_brands-fargo","14":"pa_fabrikat-kortskrivare-fargo","15":"tm-no-options","17":"first","18":"outofstock","19":"sale","20":"taxable","21":"shipping-taxable","22":"purchasable","23":"product-type-simple"},"acf":[],"_links":{"self":[{"href":"https:\/\/secureus.se\/fi\/wp-json\/wp\/v2\/product\/53768","targetHints":{"allow":["GET"]}}],"collection":[{"href":"https:\/\/secureus.se\/fi\/wp-json\/wp\/v2\/product"}],"about":[{"href":"https:\/\/secureus.se\/fi\/wp-json\/wp\/v2\/types\/product"}],"wp:featuredmedia":[{"embeddable":true,"href":"https:\/\/secureus.se\/fi\/wp-json\/wp\/v2\/media\/144820"}],"wp:attachment":[{"href":"https:\/\/secureus.se\/fi\/wp-json\/wp\/v2\/media?parent=53768"}],"wp:term":[{"taxonomy":"product_brand","embeddable":true,"href":"https:\/\/secureus.se\/fi\/wp-json\/wp\/v2\/product_brand?post=53768"},{"taxonomy":"product_cat","embeddable":true,"href":"https:\/\/secureus.se\/fi\/wp-json\/wp\/v2\/product_cat?post=53768"},{"taxonomy":"product_tag","embeddable":true,"href":"https:\/\/secureus.se\/fi\/wp-json\/wp\/v2\/product_tag?post=53768"}],"curies":[{"name":"wp","href":"https:\/\/api.w.org\/{rel}","templated":true}]}}