{"id":53771,"date":"2022-06-21T17:55:08","date_gmt":"2022-06-21T15:55:08","guid":{"rendered":"https:\/\/secureus.se\/produkt\/magicard-rio-pro-360-secure-plastic-card-printer-dual-sided\/"},"modified":"2025-10-21T12:02:01","modified_gmt":"2025-10-21T10:02:01","slug":"kortskrivare-magicard-rio-pro-360-duplex","status":"publish","type":"product","link":"https:\/\/secureus.se\/fi\/kortskrivare-magicard-rio-pro-360-duplex\/","title":{"rendered":"Korttitulostin Magicard Rio Pro 360 - henkil\u00f6korttitulostin (kaksipuolinen)"},"content":{"rendered":"<header class=\"attribute-sleeve-header center\"><strong>Turvallinen ja tehokas henkil\u00f6korttitulostus Magicard Rio Pro 360:lla:<\/strong> Magicard Rio Pro 360 on tehokas ja turvallinen henkil\u00f6korttituotantoratkaisu, joka on erityisesti suunniteltu k\u00e4sittelem\u00e4\u00e4n turvallisuusvaatimuksia ja suuria tuotantom\u00e4\u00e4ri\u00e4.<\/p>\n<p>Se on ihanteellinen yrityksille, oppilaitoksille ja organisaatioille, jotka vaativat luotettavia ja turvallisia henkil\u00f6kortteja.<\/p>\n<p><strong>Ominaisuudet ja edut:<\/strong><\/p>\n<ul>\n<li><strong>Korkea turvallisuus:<\/strong> Varustettu lukittavilla korttipaikoilla sek\u00e4 tuloa ett\u00e4 l\u00e4ht\u00f6\u00e4 varten sek\u00e4 suojatulla v\u00e4rinauhalla luvattoman k\u00e4yt\u00f6n est\u00e4miseksi.<\/li>\n<li><strong>Pikatulostus:<\/strong> Voi tulostaa jopa 200 v\u00e4rikorttia tunnissa, mik\u00e4 lis\u00e4\u00e4 tuottavuutta.<\/li>\n<li><strong>HoloKote\u00ae-ominaisuus:<\/strong> Mahdollisuus tulostaa mukautettuja turvavesileimoja kortteihin suojaamaan v\u00e4\u00e4renn\u00f6ksilt\u00e4.<\/li>\n<li><strong>Joustava kapasiteetti:<\/strong> 100 korttia sy\u00f6tt\u00f6lokerossa ja 70 korttia tulostelokerossa tehokkuuden lis\u00e4\u00e4miseksi.<\/li>\n<\/ul>\n<p><strong>Tekniset tiedot:<\/strong><\/p>\n<ul>\n<li><strong>Tulostusnopeus:<\/strong> Jopa 200 korttia tunnissa (v\u00e4ritulostus).<\/li>\n<li><strong>Kapasiteetti:<\/strong> 100 korttia sy\u00f6tt\u00f6lokerossa ja 70 korttia luovutusalustassa.<\/li>\n<li><strong>Kortin tyyppi:<\/strong> ISO 7810 formaatti, CR80, ID-1 koko, yhteensopiva PVC-, PET- ja komposiittikorttien kanssa.<\/li>\n<li><strong>Liit\u00e4nn\u00e4t:<\/strong> USB 2.0 ja Ethernet.<\/li>\n<\/ul>\n<p>Huomaa, ett\u00e4 v\u00e4rinauha ja siirtokalvo tulee ostaa erikseen tilauksen yhteydess\u00e4.<\/p>\n<\/header>","protected":false},"excerpt":{"rendered":"<p>Magicard Rio Pro 360 Secure on edistynyt henkil\u00f6korttitulostin, joka on suunniteltu t\u00e4ytt\u00e4m\u00e4\u00e4n GDPR-vaatimukset ja turvallisuus.<\/p>\n<p>T\u00e4m\u00e4 lukittavilla korttipaikoilla ja nauhaturvaominaisuuksilla varustettu tulostin tarjoaa korkean tulostusnopeuden ja -laadun.<\/p>\n<p>Kolmen vuoden MagiCoverPlus-takuun ja mukana tulevan EasyBadge Lite -ohjelmiston ansiosta se on luotettava ratkaisu yrityksille, jotka tarvitsevat turvallista ja tehokasta henkil\u00f6korttitulostusta.<\/p>","protected":false},"featured_media":144839,"template":"","meta":{"_acf_changed":false},"product_brand":[],"product_cat":[3208],"product_tag":[3172,3174,4863,3069],"class_list":{"0":"post-53771","1":"product","2":"type-product","3":"status-publish","4":"has-post-thumbnail","6":"product_cat-magicard","7":"product_tag-dubbelsidig-dual-side","8":"product_tag-magicard","9":"product_tag-pf","10":"product_tag-trade-produkt","11":"product_shipping_class-tunga-paket","12":"pa_brands-magicard","13":"pa_fabrikat-kortskrivare-magicard","14":"tm-no-options","16":"first","17":"instock","18":"sale","19":"taxable","20":"shipping-taxable","21":"purchasable","22":"product-type-simple"},"acf":[],"_links":{"self":[{"href":"https:\/\/secureus.se\/fi\/wp-json\/wp\/v2\/product\/53771","targetHints":{"allow":["GET"]}}],"collection":[{"href":"https:\/\/secureus.se\/fi\/wp-json\/wp\/v2\/product"}],"about":[{"href":"https:\/\/secureus.se\/fi\/wp-json\/wp\/v2\/types\/product"}],"wp:featuredmedia":[{"embeddable":true,"href":"https:\/\/secureus.se\/fi\/wp-json\/wp\/v2\/media\/144839"}],"wp:attachment":[{"href":"https:\/\/secureus.se\/fi\/wp-json\/wp\/v2\/media?parent=53771"}],"wp:term":[{"taxonomy":"product_brand","embeddable":true,"href":"https:\/\/secureus.se\/fi\/wp-json\/wp\/v2\/product_brand?post=53771"},{"taxonomy":"product_cat","embeddable":true,"href":"https:\/\/secureus.se\/fi\/wp-json\/wp\/v2\/product_cat?post=53771"},{"taxonomy":"product_tag","embeddable":true,"href":"https:\/\/secureus.se\/fi\/wp-json\/wp\/v2\/product_tag?post=53771"}],"curies":[{"name":"wp","href":"https:\/\/api.w.org\/{rel}","templated":true}]}}