{"id":53776,"date":"2022-06-21T16:54:47","date_gmt":"2022-06-21T14:54:47","guid":{"rendered":"https:\/\/secureus.se\/produkt\/fargo-dtc1250e-plastic-card-printer-single-sided\/"},"modified":"2026-04-08T16:45:40","modified_gmt":"2026-04-08T14:45:40","slug":"kortskrivare-fargo-dtc1250e-enkel-sidig","status":"publish","type":"product","link":"https:\/\/secureus.se\/fi\/kortskrivare-fargo-dtc1250e-enkel-sidig\/","title":{"rendered":"Korttitulostin Fargo DTC1250e - henkil\u00f6korttitulostin (yksipuolinen)"},"content":{"rendered":"<p><strong>Tehokas ja edullinen henkil\u00f6korttitulostus Fargo DTC1250e:ll\u00e4:<\/strong> Pienille ja keskisuurille yrityksille suunniteltu Fargo DTC1250e tarjoaa korkealaatuista ja helppok\u00e4ytt\u00f6ist\u00e4 kompaktia rakennetta.<\/p>\n<p>Se sopii t\u00e4ydellisesti kaiken tuottamiseen ty\u00f6ntekij\u00e4n henkil\u00f6korteista j\u00e4senkortteihin.<\/p>\n<p><strong>Ominaisuudet ja edut:<\/strong><\/p>\n<ul>\n<li><strong>Pikatulostus:<\/strong> Tulostuskapasiteetti on 16 sekuntia v\u00e4rikorteille ja 6 sekuntia mustavalkokorteille, mik\u00e4 minimoi odotusajan.<\/li>\n<li><strong>Helppok\u00e4ytt\u00f6isyys:<\/strong> Intuitiivinen muotoilu tekee siit\u00e4 helpon asennuksen ja k\u00e4yt\u00f6n, mik\u00e4 lis\u00e4\u00e4 tehokkuutta.<\/li>\n<li><strong>Joustavuus:<\/strong> Saatavana sek\u00e4 yksi- ett\u00e4 kaksipuolisina malleina, joissa on mahdollisuus tulostaa tavallisille CR80-korteille.<\/li>\n<li><strong>Kustannustehokas:<\/strong> Edullinen tulostus all-in-one-tulostuskasetteilla helpottaa asennusta ja huoltoa.<\/li>\n<\/ul>\n<p><strong>Tekniset tiedot:<\/strong><\/p>\n<ul>\n<li><strong>Tulostusnopeus:<\/strong> Jopa 200 v\u00e4rikorttia tunnissa ja 1000 mustavalkoista korttia tunnissa.<\/li>\n<li><strong>Kapasiteetti:<\/strong> 100 korttia sy\u00f6tt\u00f6lokerossa ja jopa 30 korttia luovutusalustalla.<\/li>\n<li><strong>Kortin tyyppi:<\/strong> ISO 7810 formaatti, CR80, ID-1 koko, yhteensopiva PVC-, PET- ja komposiittikorttien kanssa.<\/li>\n<li><strong>Liit\u00e4nn\u00e4t:<\/strong> USB 2.0 ja valinnainen Ethernet.<\/li>\n<\/ul>\n<p>Huomaa, ett\u00e4 tulostimen mukana ei toimiteta tulostimen ripaa. muista lis\u00e4t\u00e4 yksi tilauksesi.<\/p>","protected":false},"excerpt":{"rendered":"<p>Fargo DTC1250e henkil\u00f6korttitulostin tarjoaa k\u00e4ytt\u00e4j\u00e4yst\u00e4v\u00e4llisen ja kustannustehokkaan ratkaisun henkil\u00f6korttien nopeaan tuottamiseen.<\/p>\n<p>V\u00e4rikorttien tulostusaika on vain 16 sekuntia ja mustavalkokortteja 6 sekuntia, joten se on ihanteellinen kouluille ja j\u00e4senkerhoille.<\/p>\n<p>Se sis\u00e4lt\u00e4\u00e4 kolmen vuoden takuun ja ilmaisen EasyBadge Lite -ohjelmiston.<\/p>","protected":false},"featured_media":144181,"template":"","meta":{"_acf_changed":false},"product_brand":[],"product_cat":[3206],"product_tag":[2830,3177,4863,3069],"class_list":{"0":"post-53776","1":"product","2":"type-product","3":"status-publish","4":"has-post-thumbnail","6":"product_cat-fargo","7":"product_tag-kortprinter-direct-to-card","8":"product_tag-fargo","9":"product_tag-pf","10":"product_tag-trade-produkt","11":"product_shipping_class-tunga-paket","12":"pa_brands-fargo","13":"pa_fabrikat-kortskrivare-fargo","14":"tm-no-options","16":"first","17":"instock","18":"sale","19":"taxable","20":"shipping-taxable","21":"purchasable","22":"product-type-simple"},"acf":[],"_links":{"self":[{"href":"https:\/\/secureus.se\/fi\/wp-json\/wp\/v2\/product\/53776","targetHints":{"allow":["GET"]}}],"collection":[{"href":"https:\/\/secureus.se\/fi\/wp-json\/wp\/v2\/product"}],"about":[{"href":"https:\/\/secureus.se\/fi\/wp-json\/wp\/v2\/types\/product"}],"wp:featuredmedia":[{"embeddable":true,"href":"https:\/\/secureus.se\/fi\/wp-json\/wp\/v2\/media\/144181"}],"wp:attachment":[{"href":"https:\/\/secureus.se\/fi\/wp-json\/wp\/v2\/media?parent=53776"}],"wp:term":[{"taxonomy":"product_brand","embeddable":true,"href":"https:\/\/secureus.se\/fi\/wp-json\/wp\/v2\/product_brand?post=53776"},{"taxonomy":"product_cat","embeddable":true,"href":"https:\/\/secureus.se\/fi\/wp-json\/wp\/v2\/product_cat?post=53776"},{"taxonomy":"product_tag","embeddable":true,"href":"https:\/\/secureus.se\/fi\/wp-json\/wp\/v2\/product_tag?post=53776"}],"curies":[{"name":"wp","href":"https:\/\/api.w.org\/{rel}","templated":true}]}}