{"id":53779,"date":"2022-06-21T16:54:35","date_gmt":"2022-06-21T14:54:35","guid":{"rendered":"https:\/\/secureus.se\/produkt\/magicard-pronto-plastic-card-printer-single-sided\/"},"modified":"2026-04-23T12:58:35","modified_gmt":"2026-04-23T10:58:35","slug":"kortskrivare-magicard-pronto","status":"publish","type":"product","link":"https:\/\/secureus.se\/fi\/kortskrivare-magicard-pronto\/","title":{"rendered":"Korttitulostin Magicard Pronto - henkil\u00f6korttitulostin (yksipuolinen)"},"content":{"rendered":"<header class=\"attribute-sleeve-header center\"><strong>Kompakti ja tehokas henkil\u00f6korttitulostus Magicard Prontolla:<\/strong> Magicard Pronto on suunniteltu vastaamaan pienyritysten ja aloittelijoiden tarpeisiin. Se on helppok\u00e4ytt\u00f6inen ja tarjoaa laadukkaita henkil\u00f6kortteja hinnasta tinkim\u00e4tt\u00e4.<\/p>\n<p><strong>Ominaisuudet ja edut:<\/strong><\/p>\n<ul>\n<li><strong>Nopeus:<\/strong> Tulostaa mustavalkoiset kortit vain 7 sekunnissa ja v\u00e4rikortit 35 sekunnissa, mik\u00e4 tekee siit\u00e4 eritt\u00e4in tehokkaan p\u00e4ivitt\u00e4isess\u00e4 k\u00e4yt\u00f6ss\u00e4.<\/li>\n<li><strong>Korkea laatu:<\/strong> Varustettu tavallisella turvavesileimalla, joka tarjoaa lis\u00e4suojaa kloonausta vastaan ilman lis\u00e4kustannuksia.<\/li>\n<li><strong>Helppok\u00e4ytt\u00f6isyys:<\/strong> Kompakti muotoilu tekee siit\u00e4 ihanteellisen p\u00f6yd\u00e4lle ja pienempiin ty\u00f6tiloihin, mik\u00e4 tarjoaa helpon p\u00e4\u00e4syn k\u00e4ytt\u00e4jille.<\/li>\n<li><strong>Pitk\u00e4 takuu:<\/strong> Kahden vuoden takuu takaa mielenrauhan ja tuen tarvittaessa.<\/li>\n<\/ul>\n<p><strong>Tekniset tiedot:<\/strong><\/p>\n<ul>\n<li><strong>Tulostusnopeus:<\/strong> Jopa 200 korttia tunnissa (v\u00e4ripainatus), 766 korttia tunnissa (mustavalkoinen).<\/li>\n<li><strong>Kapasiteetti:<\/strong> 50 korttia sy\u00f6tt\u00f6lokerossa ja 50 korttia luovutusalustassa.<\/li>\n<li><strong>Kortin tyyppi:<\/strong> ISO 7810 -muoto, CR80, ID-1 koko, yhteensopiva PVC- ja komposiittikorttien kanssa.<\/li>\n<li><strong>Liit\u00e4nn\u00e4t:<\/strong> USB ja Ethernet.<\/li>\n<\/ul>\n<p>Huomaa, ett\u00e4 tulostimen mukana ei toimiteta tulostimen ripaa. muista lis\u00e4t\u00e4 yksi tilauksesi.<\/p>\n<\/header>","protected":false},"excerpt":{"rendered":"<p>Magicard Pronto -henkil\u00f6korttitulostin on yksi myydyimmist\u00e4 tulostimistamme, joka on t\u00e4ydellinen pienille yrityksille, joilla on v\u00e4h\u00e4n tulostusm\u00e4\u00e4ri\u00e4.<\/p>\n<p>Se on kompakti, kevyt ja tarjoaa nopeat tulostusajat 7 sekunnissa mustavalkokorteille ja 35 sekunnissa v\u00e4rikorteille.<\/p>\n<p>Kahden vuoden takuun ja ilmaisen EasyBadge Lite -ohjelmiston ansiosta t\u00e4m\u00e4 on luotettava ja edullinen ratkaisu.<\/p>","protected":false},"featured_media":144858,"template":"","meta":{"_acf_changed":false},"product_brand":[],"product_cat":[3208],"product_tag":[2830,3174,4863,3069],"class_list":{"0":"post-53779","1":"product","2":"type-product","3":"status-publish","4":"has-post-thumbnail","6":"product_cat-magicard","7":"product_tag-kortprinter-direct-to-card","8":"product_tag-magicard","9":"product_tag-pf","10":"product_tag-trade-produkt","11":"product_shipping_class-tunga-paket","12":"pa_brands-magicard","13":"pa_fabrikat-kortskrivare-magicard","14":"tm-no-options","16":"first","17":"instock","18":"sale","19":"taxable","20":"shipping-taxable","21":"purchasable","22":"product-type-simple"},"acf":[],"_links":{"self":[{"href":"https:\/\/secureus.se\/fi\/wp-json\/wp\/v2\/product\/53779","targetHints":{"allow":["GET"]}}],"collection":[{"href":"https:\/\/secureus.se\/fi\/wp-json\/wp\/v2\/product"}],"about":[{"href":"https:\/\/secureus.se\/fi\/wp-json\/wp\/v2\/types\/product"}],"wp:featuredmedia":[{"embeddable":true,"href":"https:\/\/secureus.se\/fi\/wp-json\/wp\/v2\/media\/144858"}],"wp:attachment":[{"href":"https:\/\/secureus.se\/fi\/wp-json\/wp\/v2\/media?parent=53779"}],"wp:term":[{"taxonomy":"product_brand","embeddable":true,"href":"https:\/\/secureus.se\/fi\/wp-json\/wp\/v2\/product_brand?post=53779"},{"taxonomy":"product_cat","embeddable":true,"href":"https:\/\/secureus.se\/fi\/wp-json\/wp\/v2\/product_cat?post=53779"},{"taxonomy":"product_tag","embeddable":true,"href":"https:\/\/secureus.se\/fi\/wp-json\/wp\/v2\/product_tag?post=53779"}],"curies":[{"name":"wp","href":"https:\/\/api.w.org\/{rel}","templated":true}]}}