{"id":54527,"date":"2022-05-25T12:22:06","date_gmt":"2022-05-25T10:22:06","guid":{"rendered":"https:\/\/secureus.se\/produkt\/bordslasare-access-mifare-1356-mhz-med-programmerade-systemnummer-v2\/"},"modified":"2026-04-02T09:50:56","modified_gmt":"2026-04-02T07:50:56","slug":"rfid-lasare-access-mifare-1356-mhz-med-programmerade-systemnummer-v2","status":"publish","type":"product","link":"https:\/\/secureus.se\/fi\/rfid-lasare-access-mifare-1356-mhz-med-programmerade-systemnummer-v2\/","title":{"rendered":"RFID Reader Access Mifare - 13,56 MHz ohjelmoitava"},"content":{"rendered":"<p><strong>HUOMIO! Ei yhteensopiva MAC:n kanssa!<br \/>\n<\/strong><strong>Lukijat ovat saatavilla yksitt\u00e4isin\u00e4 tai yhdistelm\u00e4n\u00e4 ja voit ladata ohjelmiston ilmaiseksi, jotta voit ohjelmoida lukijat haluamaasi j\u00e4rjestelm\u00e4\u00e4n.<\/strong><br \/>\nVoit valita mihin j\u00e4rjestelm\u00e4\u00e4n ohjelmoimme lukijan ja toimitamme sen 1-2 arkip\u00e4iv\u00e4n sis\u00e4ll\u00e4.<\/p>\n<p><em><strong>T\u00e4m\u00e4 lukija on tarkoitettu vain HF:lle, joten et k\u00e4yt\u00e4 taajuuden valintaa.<\/strong><\/em><\/p>\n<p><strong>Jos haluat n\u00e4hd\u00e4, mik\u00e4 valinta sinun on teht\u00e4v\u00e4 j\u00e4rjestelm\u00e4si ohjelmistossa, k\u00e4yt\u00e4 k\u00e4\u00e4nn\u00f6sluetteloamme, jonka l\u00f6yd\u00e4t lataukset-kohdasta.<\/strong><\/p>\n<p><strong>Lukija toimitetaan 2 vuoden takuulla.<\/strong><br \/>\nStonehouse Security on kehitt\u00e4nyt ulkoasun ja ohjelmiston kaikille ACCESS-lukijaille, se on luotettava ja nopea sek\u00e4 sovitettu Ruotsin markkinoille.<br \/>\nLukija on mukautettu tietoturvamarkkinoille ja sen loppuasiakkaille, mutta my\u00f6s muihin sovelluksiin, joissa sinun on luettava koodi RFID-lukijasi elektronisella sirulla.<br \/>\nACCESS Tabletop-lukija k\u00e4ytt\u00e4\u00e4 USB-liit\u00e4nt\u00e4\u00e4 ja on plug and play jo koodatun lukijan kanssa.<\/p>\n<p>Jos tarvitset apua ohjelmointiin, ota meihin yhteytt\u00e4, niin autamme sinua t\u00e4ss\u00e4 veloituksetta.<br \/>\nLukijaohjelma k\u00e4sittelee: RCO, Bewator\/Vanderbilt 8 ja 13 numeroa, Axema, Axema VAKA, ASSA, Aptus, Paxton.<\/p>\n<p><strong>\ud83d\udcbe Lataa ohjelmisto:<\/strong><br \/>\n<a href=\"https:\/\/stonehouse.se\/programvaror\/ACCESS%20-%20Version%201.exe\" rel=\"noopener\">\ud83d\udce5 Versio 1.exe<\/a><br \/>\n<a href=\"https:\/\/stonehouse.se\/programvaror\/ACCESS%20-%20Version%202.exe\" rel=\"noopener\">\ud83d\udce5 Versio 2.exe<\/a><br \/>\n<a href=\"http:\/\/stonehouse.se\/programvaror\/ReaderSetting_Setup_3.0.0.5.exe\" rel=\"noopener\">\ud83d\udce5 Versio 3.0.0.5.exe<\/a><\/p>","protected":false},"excerpt":{"rendered":"<p><em><strong>USB-kaapeli mukana.<br \/>\nT\u00e4rke\u00e4\u00e4 on tiet\u00e4\u00e4, mit\u00e4 sirua k\u00e4yt\u00e4t lukijaa m\u00e4\u00e4ritett\u00e4ess\u00e4.<\/strong><\/em><\/p>","protected":false},"featured_media":163619,"template":"","meta":{"_acf_changed":false},"product_brand":[],"product_cat":[1743],"product_tag":[2405,2958],"class_list":{"0":"post-54527","1":"product","2":"type-product","3":"status-publish","4":"has-post-thumbnail","6":"product_cat-rfid-lasare","7":"product_tag-rel-rfid","8":"product_tag-stonehouse-produkt","9":"product_shipping_class-tunga-paket","10":"pa_access-lasare-mifare-mifare-mfd-aptus-9-siffror","11":"pa_access-lasare-mifare-mifare-mfr-axema-vaka-13-siffror","12":"pa_access-lasare-mifare-chippets-uid-kod","13":"pa_access-lasare-mifare-mifare-mfd-assa-10-siffror","14":"pa_access-lasare-mifare-mifare-rco-9-siffror","15":"pa_brands-stonehouse-security","16":"pa_farg-svart","17":"tm-has-options","19":"first","20":"instock","21":"sale","22":"featured","23":"taxable","24":"shipping-taxable","25":"purchasable","26":"product-type-simple"},"acf":[],"_links":{"self":[{"href":"https:\/\/secureus.se\/fi\/wp-json\/wp\/v2\/product\/54527","targetHints":{"allow":["GET"]}}],"collection":[{"href":"https:\/\/secureus.se\/fi\/wp-json\/wp\/v2\/product"}],"about":[{"href":"https:\/\/secureus.se\/fi\/wp-json\/wp\/v2\/types\/product"}],"wp:featuredmedia":[{"embeddable":true,"href":"https:\/\/secureus.se\/fi\/wp-json\/wp\/v2\/media\/163619"}],"wp:attachment":[{"href":"https:\/\/secureus.se\/fi\/wp-json\/wp\/v2\/media?parent=54527"}],"wp:term":[{"taxonomy":"product_brand","embeddable":true,"href":"https:\/\/secureus.se\/fi\/wp-json\/wp\/v2\/product_brand?post=54527"},{"taxonomy":"product_cat","embeddable":true,"href":"https:\/\/secureus.se\/fi\/wp-json\/wp\/v2\/product_cat?post=54527"},{"taxonomy":"product_tag","embeddable":true,"href":"https:\/\/secureus.se\/fi\/wp-json\/wp\/v2\/product_tag?post=54527"}],"curies":[{"name":"wp","href":"https:\/\/api.w.org\/{rel}","templated":true}]}}