{"id":55421,"date":"2022-04-21T10:22:00","date_gmt":"2022-04-21T08:22:00","guid":{"rendered":"https:\/\/secureus.se\/produkt\/plastkort-utan-magnetremsa-inget-chip\/"},"modified":"2026-02-16T22:01:56","modified_gmt":"2026-02-16T21:01:56","slug":"plastkort-vit-cr80","status":"publish","type":"product","link":"https:\/\/secureus.se\/fi\/plastkort-vit-cr80\/","title":{"rendered":"Muovikortti Valkoinen CR80 Premium"},"content":{"rendered":"<h1>Muovikortti Valkoinen CR80<\/h1>\n<p>Tervetuloa verkkokauppaamme, josta l\u00f6yd\u00e4t laadukkaat Muovikortit White CR80 kaikkiin korttitarpeisiisi!<\/p>\n<p>CR80-muovikorttimme ovat t\u00e4ydellinen ratkaisu tyylikk\u00e4iden ja ammattimaisten k\u00e4yntikorttien, k\u00e4yntikorttien ja muiden luomiseen. Muovikorteillamme voit helposti luoda henkil\u00f6kohtaisia kortteja, joissa on sek\u00e4 kuvia ett\u00e4 teksti\u00e4, jotta saat pysyv\u00e4n vaikutuksen.<\/p>\n<p>CR80-muovikorttimme on suunniteltu toimimaan saumattomasti korttitulostimien tai kuten niit\u00e4 usein kutsutaan, muovikorttitulostimien kanssa.<\/p>\n<p>T\u00e4m\u00e4n yhteensopivuuden ansiosta voit helposti tulostaa omia mukautettuja korttejasi suoraan omalta ty\u00f6paikaltasi tai toimistostasi. Tarvitsetpa sitten ammattihenkil\u00f6kortteja, j\u00e4senkortteja tai jotain muuta, CR80-muovikorttimme ovat t\u00e4ydellinen valinta.<\/p>\n<p>Korkealaatuisesta materiaalista valmistetut muovikorttimme ovat kest\u00e4vi\u00e4 ja lujia, mik\u00e4 varmistaa, ett\u00e4 ne s\u00e4ilytt\u00e4v\u00e4t laatunsa ja ulkon\u00e4k\u00f6ns\u00e4 ajan my\u00f6t\u00e4.<\/p>\n<p>Muovikorttien valkoinen pinta tarjoaa puhtaan ja ammattimaisen taustan suunnittelullesi ja tekstillesi, jolloin kortit erottuvat ja j\u00e4tt\u00e4v\u00e4t pysyv\u00e4n vaikutelman.<\/p>\n<p>Joten onko sinulla yrityst\u00e4, organisaatiota tai haluat vain luoda henkil\u00f6kohtaisia kortteja eri tarkoituksiin, voit luottaa valkoisiin CR80-muovikortteihimme, jotka tarjoavat ylivoimaista laatua ja suorituskyky\u00e4 joka kerta.<\/p>\n<p>Jos tarvitset RFID-sirun, se on saatavilla my\u00f6s myym\u00e4l\u00e4st\u00e4mme, ota yhteytt\u00e4, jos sinulla on kysytt\u00e4v\u00e4\u00e4.<\/p>\n<p>Tutustu valikoimaamme jo t\u00e4n\u00e4\u00e4n ja anna luovien ideoiden muotoutua laadukkailla muovikorteilla verkkokaupastamme!<\/p>","protected":false},"excerpt":{"rendered":"<p>CR80-muovikorttimme ovat korkealaatuisia. Ne ovat t\u00e4ydellinen ratkaisu tyylikk\u00e4iden ja ammattimaisten k\u00e4yntikorttien, k\u00e4yntikorttien ja muiden luomiseen.<\/p>\n<p>Muovikorteillamme voit helposti luoda henkil\u00f6kohtaisia kortteja, joissa on sek\u00e4 kuvia ett\u00e4 teksti\u00e4, jotta saat pysyv\u00e4n vaikutuksen.<\/p>\n<p>CR80-muovikorttimme on suunniteltu toimimaan saumattomasti korttitulostimien tai kuten niit\u00e4 usein kutsutaan, muovikorttitulostimien kanssa.<\/p>","protected":false},"featured_media":136040,"template":"","meta":{"_acf_changed":false},"product_brand":[],"product_cat":[1711,1653,4235],"product_tag":[3077,2958],"class_list":{"0":"post-55421","1":"product","2":"type-product","3":"status-publish","4":"has-post-thumbnail","6":"product_cat-rfid-kort","7":"product_cat-gor-dina-egna-foretagskort","8":"product_cat-plastkort-utan-chip","9":"product_tag-rfid-desfire","10":"product_tag-stonehouse-produkt","11":"product_shipping_class-postnord-varubrev","12":"pa_brands-stonehouse-security","13":"pa_chip-teknik-inget-chip","14":"pa_plastkort-teknik-kort-utan-chip-endast-plastkort-for-ex-besokskort-medlemskort","15":"tm-no-options","17":"first","18":"instock","19":"sale","20":"featured","21":"taxable","22":"shipping-taxable","23":"purchasable","24":"product-type-simple"},"acf":[],"_links":{"self":[{"href":"https:\/\/secureus.se\/fi\/wp-json\/wp\/v2\/product\/55421","targetHints":{"allow":["GET"]}}],"collection":[{"href":"https:\/\/secureus.se\/fi\/wp-json\/wp\/v2\/product"}],"about":[{"href":"https:\/\/secureus.se\/fi\/wp-json\/wp\/v2\/types\/product"}],"wp:featuredmedia":[{"embeddable":true,"href":"https:\/\/secureus.se\/fi\/wp-json\/wp\/v2\/media\/136040"}],"wp:attachment":[{"href":"https:\/\/secureus.se\/fi\/wp-json\/wp\/v2\/media?parent=55421"}],"wp:term":[{"taxonomy":"product_brand","embeddable":true,"href":"https:\/\/secureus.se\/fi\/wp-json\/wp\/v2\/product_brand?post=55421"},{"taxonomy":"product_cat","embeddable":true,"href":"https:\/\/secureus.se\/fi\/wp-json\/wp\/v2\/product_cat?post=55421"},{"taxonomy":"product_tag","embeddable":true,"href":"https:\/\/secureus.se\/fi\/wp-json\/wp\/v2\/product_tag?post=55421"}],"curies":[{"name":"wp","href":"https:\/\/api.w.org\/{rel}","templated":true}]}}