{"id":55601,"date":"2022-04-08T12:25:00","date_gmt":"2022-04-08T10:25:00","guid":{"rendered":"https:\/\/secureus.se\/produkt\/powerseries-power-supply-module-pc5200\/"},"modified":"2026-01-06T20:49:46","modified_gmt":"2026-01-06T19:49:46","slug":"dsc-power-supply-pc5200","status":"publish","type":"product","link":"https:\/\/secureus.se\/fi\/dsc-power-supply-pc5200\/","title":{"rendered":"DSC virtal\u00e4hde PC5200 Relay 1A \/12V (t\u00e4m\u00e4 tuote on End Of Line)"},"content":{"rendered":"<p><strong>DSC-virtal\u00e4hde PC5200<\/strong> on vankka ja luotettava virtal\u00e4hde, joka on suunniteltu tarjoamaan jatkuvaa ja vakaata 12 VDC:n j\u00e4nnitett\u00e4 jopa 1 A:n kapasiteetilla.<\/p>\n<p>T\u00e4m\u00e4 virtal\u00e4hdekortti sopii t\u00e4ydellisesti PowerSeries-j\u00e4rjestelmiin, mik\u00e4 mahdollistaa erilaisten laitteiden ja turvaratkaisujen helpon liitt\u00e4misen.<\/p>\n<p>PC5200 tarjoaa korkean turvallisuuden ja valvonnan erillisill\u00e4 kotelointituloilla.<\/p>\n<p>Yksikk\u00f6 vaatii oman varavirta-akun (7Ah) sek\u00e4 muuntajan (17VAC) keskeytym\u00e4tt\u00f6m\u00e4n toiminnan varmistamiseksi.<\/p>\n<p>Lis\u00e4ksi virtal\u00e4hdekorttia valvotaan t\u00e4ysin AC-vikojen, alhaisen akun ja AUX-vikojen varalta, joten se on luotettava ratkaisu sek\u00e4 kaupallisiin ett\u00e4 yksityisiin turvaj\u00e4rjestelmiin.<\/p>\n<p>PC5200 voidaan helposti kytke\u00e4 4 johtimella ja se tarjoaa useita asennusvaihtoehtoja.<\/p>\n<p>Se on yhteensopiva kaikkien PowerSeries-ohjauspaneelien kanssa, joten se on ihanteellinen komponentti r\u00e4\u00e4t\u00e4l\u00f6idyn turvaj\u00e4rjestelm\u00e4n rakentamiseen erityistarpeita vastaavaksi.<\/p>","protected":false},"excerpt":{"rendered":"<p>DSC Power Supply PC5200 on virtal\u00e4hdekortti, jonka l\u00e4ht\u00f6j\u00e4nnite on 12 VDC ja 1 A, ja se on ihanteellinen PowerSeries-j\u00e4rjestelm\u00e4\u00e4n.<\/p>","protected":false},"featured_media":145169,"template":"","meta":{"_acf_changed":false},"product_brand":[],"product_cat":[3330,1322],"product_tag":[3311,3027],"class_list":{"0":"post-55601","1":"product","2":"type-product","3":"status-publish","4":"has-post-thumbnail","6":"product_cat-powerseries-1616-1864","7":"product_cat-dsc-larm-neo-power-hybridlarm","8":"product_tag-dsc-neo-svensk-manual","9":"product_tag-power-pc1616-1864-aldre-versionen-av-neo","10":"product_shipping_class-postnord-varubrev","11":"pa_brands-4dsc","12":"pa_dsc-neo-hybridlarm-power-pc1616-1864-aldre-version-av-neo","13":"tm-has-options","15":"first","16":"outofstock","17":"sale","18":"featured","19":"taxable","20":"shipping-taxable","21":"purchasable","22":"product-type-simple"},"acf":[],"_links":{"self":[{"href":"https:\/\/secureus.se\/fi\/wp-json\/wp\/v2\/product\/55601","targetHints":{"allow":["GET"]}}],"collection":[{"href":"https:\/\/secureus.se\/fi\/wp-json\/wp\/v2\/product"}],"about":[{"href":"https:\/\/secureus.se\/fi\/wp-json\/wp\/v2\/types\/product"}],"wp:featuredmedia":[{"embeddable":true,"href":"https:\/\/secureus.se\/fi\/wp-json\/wp\/v2\/media\/145169"}],"wp:attachment":[{"href":"https:\/\/secureus.se\/fi\/wp-json\/wp\/v2\/media?parent=55601"}],"wp:term":[{"taxonomy":"product_brand","embeddable":true,"href":"https:\/\/secureus.se\/fi\/wp-json\/wp\/v2\/product_brand?post=55601"},{"taxonomy":"product_cat","embeddable":true,"href":"https:\/\/secureus.se\/fi\/wp-json\/wp\/v2\/product_cat?post=55601"},{"taxonomy":"product_tag","embeddable":true,"href":"https:\/\/secureus.se\/fi\/wp-json\/wp\/v2\/product_tag?post=55601"}],"curies":[{"name":"wp","href":"https:\/\/api.w.org\/{rel}","templated":true}]}}