{"id":55602,"date":"2022-04-08T12:23:00","date_gmt":"2022-04-08T10:23:00","guid":{"rendered":"https:\/\/secureus.se\/produkt\/powerseries-pc1864-pcb\/"},"modified":"2026-01-06T20:49:27","modified_gmt":"2026-01-06T19:49:27","slug":"dsc-powerseries-1864-control-panel","status":"publish","type":"product","link":"https:\/\/secureus.se\/fi\/dsc-powerseries-1864-control-panel\/","title":{"rendered":"DSC PowerSeries 1864 -ohjauspaneeli (t\u00e4m\u00e4 tuote on loppunut)"},"content":{"rendered":"<p><strong>DSC Power Series 1864<\/strong> on tehokas keskuskortti, joka muodostaa DSC PowerSeries -h\u00e4lytysten ytimen.<\/p>\n<p>Sen 8 vy\u00f6hykkeen peruskonfiguraatiolla j\u00e4rjestelm\u00e4 voidaan helposti laajentaa 64 kiinte\u00e4\u00e4n vy\u00f6hykkeeseen ja 64 langattomaan vy\u00f6hykkeeseen, mik\u00e4 tarjoaa maksimaalisen joustavuuden ja mukauttamisen erilaisiin turvallisuustarpeisiin.<\/p>\n<p>Se on suunniteltu tukemaan jopa 8 valvottua n\u00e4pp\u00e4imist\u00f6\u00e4 ja pystyy k\u00e4sittelem\u00e4\u00e4n 8 osiota, mik\u00e4 mahdollistaa monimutkaiset ja r\u00e4\u00e4t\u00e4l\u00f6idyt tietoturvaratkaisut sek\u00e4 asuin- ett\u00e4 kaupallisiin sovelluksiin.<\/p>\n<p>DSC PowerSeries 1864:ss\u00e4 on 4 ohjelmoitavaa PGM-l\u00e4ht\u00f6\u00e4, jotka voidaan laajentaa 14:\u00e4\u00e4n PC5204:n tai PC5208:n avulla, joten k\u00e4ytt\u00e4j\u00e4t voivat ohjata ulkoisia laitteita ja j\u00e4rjestelmi\u00e4 helposti.<\/p>\n<p>Siin\u00e4 on 500 tapahtuman tapahtumapuskuri ja se tukee jopa 95 k\u00e4ytt\u00e4j\u00e4koodia, mik\u00e4 tekee siit\u00e4 ihanteellisen suuriin asennuksiin, joissa useat k\u00e4ytt\u00e4j\u00e4t tarvitsevat p\u00e4\u00e4syn.<\/p>\n<p>Se on CP-01-yhteensopiva ja tukee langattomia n\u00e4pp\u00e4imist\u00f6j\u00e4 TR5164-433-l\u00e4hetin-vastaanottimen kautta, mik\u00e4 tarjoaa lis\u00e4\u00e4 helppok\u00e4ytt\u00f6isyytt\u00e4 ja turvallisuutta.<\/p>\n<p>Vankan suunnittelunsa ja edistyneiden ominaisuuksiensa ansiosta DSC PowerSeries 1864 on luotettava valinta kaikille, jotka etsiv\u00e4t tehokasta ja monipuolista tietoturvaratkaisua.<\/p>","protected":false},"excerpt":{"rendered":"<p>DSC PowerSeries 1864 on PCB-keskuskortti, jossa on 8 vy\u00f6hykett\u00e4 ja laajennettavissa jopa 64 vy\u00f6hykkeelle, ihanteellinen edistyneille turvaj\u00e4rjestelmille.<\/p>","protected":false},"featured_media":144417,"template":"","meta":{"_acf_changed":false},"product_brand":[],"product_cat":[3330,1322],"product_tag":[3311,3027],"class_list":{"0":"post-55602","1":"product","2":"type-product","3":"status-publish","4":"has-post-thumbnail","6":"product_cat-powerseries-1616-1864","7":"product_cat-dsc-larm-neo-power-hybridlarm","8":"product_tag-dsc-neo-svensk-manual","9":"product_tag-power-pc1616-1864-aldre-versionen-av-neo","10":"product_shipping_class-postnord-varubrev","11":"pa_brands-4dsc","12":"pa_dsc-neo-hybridlarm-power-pc1616-1864-aldre-version-av-neo","13":"tm-has-options","15":"first","16":"outofstock","17":"sale","18":"featured","19":"taxable","20":"shipping-taxable","21":"purchasable","22":"product-type-simple"},"acf":[],"_links":{"self":[{"href":"https:\/\/secureus.se\/fi\/wp-json\/wp\/v2\/product\/55602","targetHints":{"allow":["GET"]}}],"collection":[{"href":"https:\/\/secureus.se\/fi\/wp-json\/wp\/v2\/product"}],"about":[{"href":"https:\/\/secureus.se\/fi\/wp-json\/wp\/v2\/types\/product"}],"wp:featuredmedia":[{"embeddable":true,"href":"https:\/\/secureus.se\/fi\/wp-json\/wp\/v2\/media\/144417"}],"wp:attachment":[{"href":"https:\/\/secureus.se\/fi\/wp-json\/wp\/v2\/media?parent=55602"}],"wp:term":[{"taxonomy":"product_brand","embeddable":true,"href":"https:\/\/secureus.se\/fi\/wp-json\/wp\/v2\/product_brand?post=55602"},{"taxonomy":"product_cat","embeddable":true,"href":"https:\/\/secureus.se\/fi\/wp-json\/wp\/v2\/product_cat?post=55602"},{"taxonomy":"product_tag","embeddable":true,"href":"https:\/\/secureus.se\/fi\/wp-json\/wp\/v2\/product_tag?post=55602"}],"curies":[{"name":"wp","href":"https:\/\/api.w.org\/{rel}","templated":true}]}}